{"id":6066,"date":"2022-09-07T21:36:00","date_gmt":"2022-09-07T21:36:00","guid":{"rendered":"https:\/\/www.telstarlatam.com\/contenido\/?post_type=product&#038;p=6066"},"modified":"2022-09-07T21:38:01","modified_gmt":"2022-09-07T21:38:01","slug":"tetera-electrica-1-7-litros-tte017930md","status":"publish","type":"product","link":"https:\/\/www.telstarlatam.com\/contenido\/producto\/tetera-electrica-1-7-litros-tte017930md\/","title":{"rendered":"Tetera el\u00e9ctrica 1.7 litros TTE017930MD"},"content":{"rendered":"<p><strong>\u00bb <\/strong>Capacidad: 1.7 Litros.<\/p>\n<p><strong>\u00bb <\/strong>Hierve el doble de r\u00e1pido.<\/p>\n<p><strong>\u00bb <\/strong>Ajuste de temperatura.<\/p>\n<p><strong>\u00bb <\/strong>Apagado autom\u00e1tico al hervir el agua.<\/p>\n<p><strong>\u00bb <\/strong>Inal\u00e1mbrico.<\/p>\n<p><strong>\u00bb <\/strong>Ventana para nivel de agua.<\/p>\n<p><strong>\u00bb <\/strong>Mantiene caliente por hasta 60 minutos.<\/p>\n<p><strong>\u00bb <\/strong>Base rotatoria de 360\u00b0 f\u00e1cil de usar.<\/p>\n<p><strong>\u00bb <\/strong>Bot\u00f3n de encendido\/apagado.<\/p>\n<p><strong>\u00bb <\/strong>Potencia: 1500W.<\/p>\n<p><strong>\u00bb <\/strong>Voltaje: 120V\/60Hz.<\/p>\n<p><strong>\u00bb <\/strong>Garant\u00eda: 2 A\u00f1os.<\/p>\n","protected":false},"excerpt":{"rendered":"<p>\u00bb Capacidad: 1.7 Litros. \u00bb Hierve el doble de r\u00e1pido. \u00bb Ajuste de temperatura. \u00bb Apagado autom\u00e1tico al hervir el agua. \u00bb Inal\u00e1mbrico. \u00bb Ventana para nivel de agua. \u00bb Mantiene caliente por hasta 60 minutos. \u00bb Base rotatoria de 360\u00b0 f\u00e1cil de usar. \u00bb Bot\u00f3n de encendido\/apagado. \u00bb Potencia: 1500W. \u00bb Voltaje: 120V\/60Hz. \u00bb&hellip;<\/p>\n","protected":false},"featured_media":6067,"comment_status":"open","ping_status":"closed","template":"","meta":[],"product_cat":[68,71],"product_tag":[],"class_list":["post-6066","product","type-product","status-publish","has-post-thumbnail","hentry","product_cat-cafeteras-y-hervidores","product_cat-hervidores","description-off"],"yoast_head":"<!-- This site is optimized with the Yoast SEO plugin v19.3 - https:\/\/yoast.com\/wordpress\/plugins\/seo\/ -->\n<title>Tetera el\u00e9ctrica 1.7 litros TTE017930MD - Telstar Latinoam\u00e9rica | Electrodom\u00e9sticos<\/title>\n<meta name=\"robots\" content=\"index, follow, max-snippet:-1, max-image-preview:large, max-video-preview:-1\" \/>\n<link rel=\"canonical\" href=\"https:\/\/www.telstarlatam.com\/contenido\/producto\/tetera-electrica-1-7-litros-tte017930md\/\" \/>\n<meta property=\"og:locale\" content=\"es_MX\" \/>\n<meta property=\"og:type\" content=\"article\" \/>\n<meta property=\"og:title\" content=\"Tetera el\u00e9ctrica 1.7 litros TTE017930MD - Telstar Latinoam\u00e9rica | Electrodom\u00e9sticos\" \/>\n<meta property=\"og:description\" content=\"\u00bb Capacidad: 1.7 Litros. \u00bb Hierve el doble de r\u00e1pido. \u00bb Ajuste de temperatura. \u00bb Apagado autom\u00e1tico al hervir el agua. \u00bb Inal\u00e1mbrico. \u00bb Ventana para nivel de agua. \u00bb Mantiene caliente por hasta 60 minutos. \u00bb Base rotatoria de 360\u00b0 f\u00e1cil de usar. \u00bb Bot\u00f3n de encendido\/apagado. \u00bb Potencia: 1500W. \u00bb Voltaje: 120V\/60Hz. \u00bb&hellip;\" \/>\n<meta property=\"og:url\" content=\"https:\/\/www.telstarlatam.com\/contenido\/producto\/tetera-electrica-1-7-litros-tte017930md\/\" \/>\n<meta property=\"og:site_name\" content=\"Telstar Latinoam\u00e9rica | Electrodom\u00e9sticos\" \/>\n<meta property=\"article:publisher\" content=\"https:\/\/www.facebook.com\/people\/Telstar-Latam\/61552901544272\/\" \/>\n<meta property=\"article:modified_time\" content=\"2022-09-07T21:38:01+00:00\" \/>\n<meta property=\"og:image\" content=\"https:\/\/www.telstarlatam.com\/contenido\/wp-content\/uploads\/2022\/09\/tetera-electrica-telstar-1.7-litros-tte017930md-acero-inoxidable-175607.jpg\" \/>\n\t<meta property=\"og:image:width\" content=\"1200\" \/>\n\t<meta property=\"og:image:height\" content=\"1200\" \/>\n\t<meta property=\"og:image:type\" content=\"image\/jpeg\" \/>\n<meta name=\"twitter:card\" content=\"summary_large_image\" \/>\n<script type=\"application\/ld+json\" class=\"yoast-schema-graph\">{\"@context\":\"https:\/\/schema.org\",\"@graph\":[{\"@type\":\"Organization\",\"@id\":\"https:\/\/www.telstarlatam.com\/contenido\/#organization\",\"name\":\"Telstar\",\"url\":\"https:\/\/www.telstarlatam.com\/contenido\/\",\"sameAs\":[\"https:\/\/www.instagram.com\/telstar_la\/\",\"https:\/\/www.youtube.com\/channel\/UCrvcIUZvyNDXwe1tXCdZKwQ\",\"https:\/\/www.facebook.com\/people\/Telstar-Latam\/61552901544272\/\"],\"logo\":{\"@type\":\"ImageObject\",\"inLanguage\":\"es\",\"@id\":\"https:\/\/www.telstarlatam.com\/contenido\/#\/schema\/logo\/image\/\",\"url\":\"https:\/\/www.telstarlatam.com\/contenido\/wp-content\/uploads\/2021\/07\/logo-telstar.png\",\"contentUrl\":\"https:\/\/www.telstarlatam.com\/contenido\/wp-content\/uploads\/2021\/07\/logo-telstar.png\",\"width\":149,\"height\":55,\"caption\":\"Telstar\"},\"image\":{\"@id\":\"https:\/\/www.telstarlatam.com\/contenido\/#\/schema\/logo\/image\/\"}},{\"@type\":\"WebSite\",\"@id\":\"https:\/\/www.telstarlatam.com\/contenido\/#website\",\"url\":\"https:\/\/www.telstarlatam.com\/contenido\/\",\"name\":\"Telstar Latinoam\u00e9rica | Electrodom\u00e9sticos\",\"description\":\"Electrodom\u00e9sticos Telstar La calidad no cuesta m\u00e1s\",\"publisher\":{\"@id\":\"https:\/\/www.telstarlatam.com\/contenido\/#organization\"},\"potentialAction\":[{\"@type\":\"SearchAction\",\"target\":{\"@type\":\"EntryPoint\",\"urlTemplate\":\"https:\/\/www.telstarlatam.com\/contenido\/?s={search_term_string}\"},\"query-input\":\"required name=search_term_string\"}],\"inLanguage\":\"es\"},{\"@type\":\"ImageObject\",\"inLanguage\":\"es\",\"@id\":\"https:\/\/www.telstarlatam.com\/contenido\/producto\/tetera-electrica-1-7-litros-tte017930md\/#primaryimage\",\"url\":\"https:\/\/www.telstarlatam.com\/contenido\/wp-content\/uploads\/2022\/09\/tetera-electrica-telstar-1.7-litros-tte017930md-acero-inoxidable-175607.jpg\",\"contentUrl\":\"https:\/\/www.telstarlatam.com\/contenido\/wp-content\/uploads\/2022\/09\/tetera-electrica-telstar-1.7-litros-tte017930md-acero-inoxidable-175607.jpg\",\"width\":1200,\"height\":1200},{\"@type\":\"WebPage\",\"@id\":\"https:\/\/www.telstarlatam.com\/contenido\/producto\/tetera-electrica-1-7-litros-tte017930md\/\",\"url\":\"https:\/\/www.telstarlatam.com\/contenido\/producto\/tetera-electrica-1-7-litros-tte017930md\/\",\"name\":\"Tetera el\u00e9ctrica 1.7 litros TTE017930MD - Telstar Latinoam\u00e9rica | Electrodom\u00e9sticos\",\"isPartOf\":{\"@id\":\"https:\/\/www.telstarlatam.com\/contenido\/#website\"},\"primaryImageOfPage\":{\"@id\":\"https:\/\/www.telstarlatam.com\/contenido\/producto\/tetera-electrica-1-7-litros-tte017930md\/#primaryimage\"},\"datePublished\":\"2022-09-07T21:36:00+00:00\",\"dateModified\":\"2022-09-07T21:38:01+00:00\",\"breadcrumb\":{\"@id\":\"https:\/\/www.telstarlatam.com\/contenido\/producto\/tetera-electrica-1-7-litros-tte017930md\/#breadcrumb\"},\"inLanguage\":\"es\",\"potentialAction\":[{\"@type\":\"ReadAction\",\"target\":[\"https:\/\/www.telstarlatam.com\/contenido\/producto\/tetera-electrica-1-7-litros-tte017930md\/\"]}]},{\"@type\":\"BreadcrumbList\",\"@id\":\"https:\/\/www.telstarlatam.com\/contenido\/producto\/tetera-electrica-1-7-litros-tte017930md\/#breadcrumb\",\"itemListElement\":[{\"@type\":\"ListItem\",\"position\":1,\"name\":\"Inicio\",\"item\":\"https:\/\/www.telstarlatam.com\/contenido\/\"},{\"@type\":\"ListItem\",\"position\":2,\"name\":\"Encontr\u00e1 los mejores productos aqu\u00ed\",\"item\":\"https:\/\/www.telstarlatam.com\/contenido\/shop\/\"},{\"@type\":\"ListItem\",\"position\":3,\"name\":\"Tetera el\u00e9ctrica 1.7 litros TTE017930MD\"}]}]}<\/script>\n<!-- \/ Yoast SEO plugin. -->","yoast_head_json":{"title":"Tetera el\u00e9ctrica 1.7 litros TTE017930MD - Telstar Latinoam\u00e9rica | Electrodom\u00e9sticos","robots":{"index":"index","follow":"follow","max-snippet":"max-snippet:-1","max-image-preview":"max-image-preview:large","max-video-preview":"max-video-preview:-1"},"canonical":"https:\/\/www.telstarlatam.com\/contenido\/producto\/tetera-electrica-1-7-litros-tte017930md\/","og_locale":"es_MX","og_type":"article","og_title":"Tetera el\u00e9ctrica 1.7 litros TTE017930MD - Telstar Latinoam\u00e9rica | Electrodom\u00e9sticos","og_description":"\u00bb Capacidad: 1.7 Litros. \u00bb Hierve el doble de r\u00e1pido. \u00bb Ajuste de temperatura. \u00bb Apagado autom\u00e1tico al hervir el agua. \u00bb Inal\u00e1mbrico. \u00bb Ventana para nivel de agua. \u00bb Mantiene caliente por hasta 60 minutos. \u00bb Base rotatoria de 360\u00b0 f\u00e1cil de usar. \u00bb Bot\u00f3n de encendido\/apagado. \u00bb Potencia: 1500W. \u00bb Voltaje: 120V\/60Hz. \u00bb&hellip;","og_url":"https:\/\/www.telstarlatam.com\/contenido\/producto\/tetera-electrica-1-7-litros-tte017930md\/","og_site_name":"Telstar Latinoam\u00e9rica | Electrodom\u00e9sticos","article_publisher":"https:\/\/www.facebook.com\/people\/Telstar-Latam\/61552901544272\/","article_modified_time":"2022-09-07T21:38:01+00:00","og_image":[{"width":1200,"height":1200,"url":"https:\/\/www.telstarlatam.com\/contenido\/wp-content\/uploads\/2022\/09\/tetera-electrica-telstar-1.7-litros-tte017930md-acero-inoxidable-175607.jpg","type":"image\/jpeg"}],"twitter_card":"summary_large_image","schema":{"@context":"https:\/\/schema.org","@graph":[{"@type":"Organization","@id":"https:\/\/www.telstarlatam.com\/contenido\/#organization","name":"Telstar","url":"https:\/\/www.telstarlatam.com\/contenido\/","sameAs":["https:\/\/www.instagram.com\/telstar_la\/","https:\/\/www.youtube.com\/channel\/UCrvcIUZvyNDXwe1tXCdZKwQ","https:\/\/www.facebook.com\/people\/Telstar-Latam\/61552901544272\/"],"logo":{"@type":"ImageObject","inLanguage":"es","@id":"https:\/\/www.telstarlatam.com\/contenido\/#\/schema\/logo\/image\/","url":"https:\/\/www.telstarlatam.com\/contenido\/wp-content\/uploads\/2021\/07\/logo-telstar.png","contentUrl":"https:\/\/www.telstarlatam.com\/contenido\/wp-content\/uploads\/2021\/07\/logo-telstar.png","width":149,"height":55,"caption":"Telstar"},"image":{"@id":"https:\/\/www.telstarlatam.com\/contenido\/#\/schema\/logo\/image\/"}},{"@type":"WebSite","@id":"https:\/\/www.telstarlatam.com\/contenido\/#website","url":"https:\/\/www.telstarlatam.com\/contenido\/","name":"Telstar Latinoam\u00e9rica | Electrodom\u00e9sticos","description":"Electrodom\u00e9sticos Telstar La calidad no cuesta m\u00e1s","publisher":{"@id":"https:\/\/www.telstarlatam.com\/contenido\/#organization"},"potentialAction":[{"@type":"SearchAction","target":{"@type":"EntryPoint","urlTemplate":"https:\/\/www.telstarlatam.com\/contenido\/?s={search_term_string}"},"query-input":"required name=search_term_string"}],"inLanguage":"es"},{"@type":"ImageObject","inLanguage":"es","@id":"https:\/\/www.telstarlatam.com\/contenido\/producto\/tetera-electrica-1-7-litros-tte017930md\/#primaryimage","url":"https:\/\/www.telstarlatam.com\/contenido\/wp-content\/uploads\/2022\/09\/tetera-electrica-telstar-1.7-litros-tte017930md-acero-inoxidable-175607.jpg","contentUrl":"https:\/\/www.telstarlatam.com\/contenido\/wp-content\/uploads\/2022\/09\/tetera-electrica-telstar-1.7-litros-tte017930md-acero-inoxidable-175607.jpg","width":1200,"height":1200},{"@type":"WebPage","@id":"https:\/\/www.telstarlatam.com\/contenido\/producto\/tetera-electrica-1-7-litros-tte017930md\/","url":"https:\/\/www.telstarlatam.com\/contenido\/producto\/tetera-electrica-1-7-litros-tte017930md\/","name":"Tetera el\u00e9ctrica 1.7 litros TTE017930MD - Telstar Latinoam\u00e9rica | Electrodom\u00e9sticos","isPartOf":{"@id":"https:\/\/www.telstarlatam.com\/contenido\/#website"},"primaryImageOfPage":{"@id":"https:\/\/www.telstarlatam.com\/contenido\/producto\/tetera-electrica-1-7-litros-tte017930md\/#primaryimage"},"datePublished":"2022-09-07T21:36:00+00:00","dateModified":"2022-09-07T21:38:01+00:00","breadcrumb":{"@id":"https:\/\/www.telstarlatam.com\/contenido\/producto\/tetera-electrica-1-7-litros-tte017930md\/#breadcrumb"},"inLanguage":"es","potentialAction":[{"@type":"ReadAction","target":["https:\/\/www.telstarlatam.com\/contenido\/producto\/tetera-electrica-1-7-litros-tte017930md\/"]}]},{"@type":"BreadcrumbList","@id":"https:\/\/www.telstarlatam.com\/contenido\/producto\/tetera-electrica-1-7-litros-tte017930md\/#breadcrumb","itemListElement":[{"@type":"ListItem","position":1,"name":"Inicio","item":"https:\/\/www.telstarlatam.com\/contenido\/"},{"@type":"ListItem","position":2,"name":"Encontr\u00e1 los mejores productos aqu\u00ed","item":"https:\/\/www.telstarlatam.com\/contenido\/shop\/"},{"@type":"ListItem","position":3,"name":"Tetera el\u00e9ctrica 1.7 litros TTE017930MD"}]}]}},"_links":{"self":[{"href":"https:\/\/www.telstarlatam.com\/contenido\/wp-json\/wp\/v2\/product\/6066","targetHints":{"allow":["GET"]}}],"collection":[{"href":"https:\/\/www.telstarlatam.com\/contenido\/wp-json\/wp\/v2\/product"}],"about":[{"href":"https:\/\/www.telstarlatam.com\/contenido\/wp-json\/wp\/v2\/types\/product"}],"replies":[{"embeddable":true,"href":"https:\/\/www.telstarlatam.com\/contenido\/wp-json\/wp\/v2\/comments?post=6066"}],"wp:featuredmedia":[{"embeddable":true,"href":"https:\/\/www.telstarlatam.com\/contenido\/wp-json\/wp\/v2\/media\/6067"}],"wp:attachment":[{"href":"https:\/\/www.telstarlatam.com\/contenido\/wp-json\/wp\/v2\/media?parent=6066"}],"wp:term":[{"taxonomy":"product_cat","embeddable":true,"href":"https:\/\/www.telstarlatam.com\/contenido\/wp-json\/wp\/v2\/product_cat?post=6066"},{"taxonomy":"product_tag","embeddable":true,"href":"https:\/\/www.telstarlatam.com\/contenido\/wp-json\/wp\/v2\/product_tag?post=6066"}],"curies":[{"name":"wp","href":"https:\/\/api.w.org\/{rel}","templated":true}]}}