{"id":42666,"date":"2025-03-30T19:30:16","date_gmt":"2025-03-30T19:30:16","guid":{"rendered":"https:\/\/www.telstarlatam.com\/contenido\/?post_type=product&#038;p=42666"},"modified":"2025-03-30T19:35:04","modified_gmt":"2025-03-30T19:35:04","slug":"refrigeradora-automatica-12cp-tra338541md-dispensador","status":"publish","type":"product","link":"https:\/\/www.telstarlatam.com\/contenido\/producto\/refrigeradora-automatica-12cp-tra338541md-dispensador\/","title":{"rendered":"Refrigeradora Autom\u00e1tica 12CP TRA338541MD Dispensador"},"content":{"rendered":"<p><strong><span style=\"color: #ff9900;\">\u00bb<\/span><\/strong> 12 pies c\u00fabicos.<\/p>\n<p><strong><span style=\"color: #ff9900;\">\u00bb<\/span><\/strong> Dispensador de agua.<\/p>\n<p><strong><span style=\"color: #ff9900;\">\u00bb<\/span><\/strong> Bandejas de vidrio templado.<\/p>\n<p><strong><span style=\"color: #ff9900;\">\u00bb<\/span><\/strong> Tecnolog\u00eda sin escarcha.<\/p>\n<p><strong><span style=\"color: #ff9900;\">\u00bb<\/span><\/strong> Control de temperatura digital.<\/p>\n<p><strong><span style=\"color: #ff9900;\">\u00bb <\/span><\/strong>Puertas reversibles.<\/p>\n<p><strong><span style=\"color: #ff9900;\">\u00bb\u00a0 <\/span><\/strong>Luz interna.<\/p>\n<p><strong><span style=\"color: #ff9900;\">\u00bb<\/span><\/strong> Tecnolog\u00eda Smart Inverter.<\/p>\n<p><strong><span style=\"color: #ff9900;\">\u00bb<\/span><\/strong> Voltaje: 115V\/60Hz.<\/p>\n<p><strong><span style=\"color: #ff9900;\">\u00bb<\/span><\/strong> Ecostar.<\/p>\n<p><strong><span style=\"color: #ff9900;\">\u00bb<\/span><\/strong> Control de temperatura digital.<\/p>\n<p><strong><span style=\"color: #ff9900;\">\u00bb<\/span><\/strong> Garant\u00eda 1 a\u00f1o, 10 a\u00f1os en el compresor.<\/p>\n","protected":false},"excerpt":{"rendered":"<p>\u00bb 12 pies c\u00fabicos. \u00bb Dispensador de agua. \u00bb Bandejas de vidrio templado. \u00bb Tecnolog\u00eda sin escarcha. \u00bb Control de temperatura digital. \u00bb Puertas reversibles. \u00bb\u00a0 Luz interna. \u00bb Tecnolog\u00eda Smart Inverter. \u00bb Voltaje: 115V\/60Hz. \u00bb Ecostar. \u00bb Control de temperatura digital. \u00bb Garant\u00eda 1 a\u00f1o, 10 a\u00f1os en el compresor.<\/p>\n","protected":false},"featured_media":42669,"comment_status":"open","ping_status":"closed","template":"","meta":[],"product_cat":[119,37,116],"product_tag":[],"class_list":["post-42666","product","type-product","status-publish","has-post-thumbnail","hentry","product_cat-automaticas","product_cat-linea-blanca","product_cat-refrigeradoras","description-off"],"yoast_head":"<!-- This site is optimized with the Yoast SEO plugin v19.3 - https:\/\/yoast.com\/wordpress\/plugins\/seo\/ -->\n<title>Refrigeradora Autom\u00e1tica 12CP TRA338541MD Dispensador - Telstar Latinoam\u00e9rica | Electrodom\u00e9sticos<\/title>\n<meta name=\"robots\" content=\"index, follow, max-snippet:-1, max-image-preview:large, max-video-preview:-1\" \/>\n<link rel=\"canonical\" href=\"https:\/\/www.telstarlatam.com\/contenido\/producto\/refrigeradora-automatica-12cp-tra338541md-dispensador\/\" \/>\n<meta property=\"og:locale\" content=\"es_MX\" \/>\n<meta property=\"og:type\" content=\"article\" \/>\n<meta property=\"og:title\" content=\"Refrigeradora Autom\u00e1tica 12CP TRA338541MD Dispensador - Telstar Latinoam\u00e9rica | Electrodom\u00e9sticos\" \/>\n<meta property=\"og:description\" content=\"\u00bb 12 pies c\u00fabicos. \u00bb Dispensador de agua. \u00bb Bandejas de vidrio templado. \u00bb Tecnolog\u00eda sin escarcha. \u00bb Control de temperatura digital. \u00bb Puertas reversibles. \u00bb\u00a0 Luz interna. \u00bb Tecnolog\u00eda Smart Inverter. \u00bb Voltaje: 115V\/60Hz. \u00bb Ecostar. \u00bb Control de temperatura digital. \u00bb Garant\u00eda 1 a\u00f1o, 10 a\u00f1os en el compresor.\" \/>\n<meta property=\"og:url\" content=\"https:\/\/www.telstarlatam.com\/contenido\/producto\/refrigeradora-automatica-12cp-tra338541md-dispensador\/\" \/>\n<meta property=\"og:site_name\" content=\"Telstar Latinoam\u00e9rica | Electrodom\u00e9sticos\" \/>\n<meta property=\"article:publisher\" content=\"https:\/\/www.facebook.com\/people\/Telstar-Latam\/61552901544272\/\" \/>\n<meta property=\"article:modified_time\" content=\"2025-03-30T19:35:04+00:00\" \/>\n<meta property=\"og:image\" content=\"https:\/\/www.telstarlatam.com\/contenido\/wp-content\/uploads\/2025\/03\/refrigeradora-automatica-telstar-12cp-tra338541md-dispensador-192830-3.png\" \/>\n\t<meta property=\"og:image:width\" content=\"1200\" \/>\n\t<meta property=\"og:image:height\" content=\"1200\" \/>\n\t<meta property=\"og:image:type\" content=\"image\/png\" \/>\n<meta name=\"twitter:card\" content=\"summary_large_image\" \/>\n<script type=\"application\/ld+json\" class=\"yoast-schema-graph\">{\"@context\":\"https:\/\/schema.org\",\"@graph\":[{\"@type\":\"Organization\",\"@id\":\"https:\/\/www.telstarlatam.com\/contenido\/#organization\",\"name\":\"Telstar\",\"url\":\"https:\/\/www.telstarlatam.com\/contenido\/\",\"sameAs\":[\"https:\/\/www.instagram.com\/telstar_la\/\",\"https:\/\/www.youtube.com\/channel\/UCrvcIUZvyNDXwe1tXCdZKwQ\",\"https:\/\/www.facebook.com\/people\/Telstar-Latam\/61552901544272\/\"],\"logo\":{\"@type\":\"ImageObject\",\"inLanguage\":\"es\",\"@id\":\"https:\/\/www.telstarlatam.com\/contenido\/#\/schema\/logo\/image\/\",\"url\":\"https:\/\/www.telstarlatam.com\/contenido\/wp-content\/uploads\/2021\/07\/logo-telstar.png\",\"contentUrl\":\"https:\/\/www.telstarlatam.com\/contenido\/wp-content\/uploads\/2021\/07\/logo-telstar.png\",\"width\":149,\"height\":55,\"caption\":\"Telstar\"},\"image\":{\"@id\":\"https:\/\/www.telstarlatam.com\/contenido\/#\/schema\/logo\/image\/\"}},{\"@type\":\"WebSite\",\"@id\":\"https:\/\/www.telstarlatam.com\/contenido\/#website\",\"url\":\"https:\/\/www.telstarlatam.com\/contenido\/\",\"name\":\"Telstar Latinoam\u00e9rica | Electrodom\u00e9sticos\",\"description\":\"Electrodom\u00e9sticos Telstar La calidad no cuesta m\u00e1s\",\"publisher\":{\"@id\":\"https:\/\/www.telstarlatam.com\/contenido\/#organization\"},\"potentialAction\":[{\"@type\":\"SearchAction\",\"target\":{\"@type\":\"EntryPoint\",\"urlTemplate\":\"https:\/\/www.telstarlatam.com\/contenido\/?s={search_term_string}\"},\"query-input\":\"required name=search_term_string\"}],\"inLanguage\":\"es\"},{\"@type\":\"ImageObject\",\"inLanguage\":\"es\",\"@id\":\"https:\/\/www.telstarlatam.com\/contenido\/producto\/refrigeradora-automatica-12cp-tra338541md-dispensador\/#primaryimage\",\"url\":\"https:\/\/www.telstarlatam.com\/contenido\/wp-content\/uploads\/2025\/03\/refrigeradora-automatica-telstar-12cp-tra338541md-dispensador-192830-3.png\",\"contentUrl\":\"https:\/\/www.telstarlatam.com\/contenido\/wp-content\/uploads\/2025\/03\/refrigeradora-automatica-telstar-12cp-tra338541md-dispensador-192830-3.png\",\"width\":1200,\"height\":1200},{\"@type\":\"WebPage\",\"@id\":\"https:\/\/www.telstarlatam.com\/contenido\/producto\/refrigeradora-automatica-12cp-tra338541md-dispensador\/\",\"url\":\"https:\/\/www.telstarlatam.com\/contenido\/producto\/refrigeradora-automatica-12cp-tra338541md-dispensador\/\",\"name\":\"Refrigeradora Autom\u00e1tica 12CP TRA338541MD Dispensador - Telstar Latinoam\u00e9rica | Electrodom\u00e9sticos\",\"isPartOf\":{\"@id\":\"https:\/\/www.telstarlatam.com\/contenido\/#website\"},\"primaryImageOfPage\":{\"@id\":\"https:\/\/www.telstarlatam.com\/contenido\/producto\/refrigeradora-automatica-12cp-tra338541md-dispensador\/#primaryimage\"},\"datePublished\":\"2025-03-30T19:30:16+00:00\",\"dateModified\":\"2025-03-30T19:35:04+00:00\",\"breadcrumb\":{\"@id\":\"https:\/\/www.telstarlatam.com\/contenido\/producto\/refrigeradora-automatica-12cp-tra338541md-dispensador\/#breadcrumb\"},\"inLanguage\":\"es\",\"potentialAction\":[{\"@type\":\"ReadAction\",\"target\":[\"https:\/\/www.telstarlatam.com\/contenido\/producto\/refrigeradora-automatica-12cp-tra338541md-dispensador\/\"]}]},{\"@type\":\"BreadcrumbList\",\"@id\":\"https:\/\/www.telstarlatam.com\/contenido\/producto\/refrigeradora-automatica-12cp-tra338541md-dispensador\/#breadcrumb\",\"itemListElement\":[{\"@type\":\"ListItem\",\"position\":1,\"name\":\"Inicio\",\"item\":\"https:\/\/www.telstarlatam.com\/contenido\/\"},{\"@type\":\"ListItem\",\"position\":2,\"name\":\"Encontr\u00e1 los mejores productos aqu\u00ed\",\"item\":\"https:\/\/www.telstarlatam.com\/contenido\/shop\/\"},{\"@type\":\"ListItem\",\"position\":3,\"name\":\"Refrigeradora Autom\u00e1tica 12CP TRA338541MD Dispensador\"}]}]}<\/script>\n<!-- \/ Yoast SEO plugin. -->","yoast_head_json":{"title":"Refrigeradora Autom\u00e1tica 12CP TRA338541MD Dispensador - Telstar Latinoam\u00e9rica | Electrodom\u00e9sticos","robots":{"index":"index","follow":"follow","max-snippet":"max-snippet:-1","max-image-preview":"max-image-preview:large","max-video-preview":"max-video-preview:-1"},"canonical":"https:\/\/www.telstarlatam.com\/contenido\/producto\/refrigeradora-automatica-12cp-tra338541md-dispensador\/","og_locale":"es_MX","og_type":"article","og_title":"Refrigeradora Autom\u00e1tica 12CP TRA338541MD Dispensador - Telstar Latinoam\u00e9rica | Electrodom\u00e9sticos","og_description":"\u00bb 12 pies c\u00fabicos. \u00bb Dispensador de agua. \u00bb Bandejas de vidrio templado. \u00bb Tecnolog\u00eda sin escarcha. \u00bb Control de temperatura digital. \u00bb Puertas reversibles. \u00bb\u00a0 Luz interna. \u00bb Tecnolog\u00eda Smart Inverter. \u00bb Voltaje: 115V\/60Hz. \u00bb Ecostar. \u00bb Control de temperatura digital. \u00bb Garant\u00eda 1 a\u00f1o, 10 a\u00f1os en el compresor.","og_url":"https:\/\/www.telstarlatam.com\/contenido\/producto\/refrigeradora-automatica-12cp-tra338541md-dispensador\/","og_site_name":"Telstar Latinoam\u00e9rica | Electrodom\u00e9sticos","article_publisher":"https:\/\/www.facebook.com\/people\/Telstar-Latam\/61552901544272\/","article_modified_time":"2025-03-30T19:35:04+00:00","og_image":[{"width":1200,"height":1200,"url":"https:\/\/www.telstarlatam.com\/contenido\/wp-content\/uploads\/2025\/03\/refrigeradora-automatica-telstar-12cp-tra338541md-dispensador-192830-3.png","type":"image\/png"}],"twitter_card":"summary_large_image","schema":{"@context":"https:\/\/schema.org","@graph":[{"@type":"Organization","@id":"https:\/\/www.telstarlatam.com\/contenido\/#organization","name":"Telstar","url":"https:\/\/www.telstarlatam.com\/contenido\/","sameAs":["https:\/\/www.instagram.com\/telstar_la\/","https:\/\/www.youtube.com\/channel\/UCrvcIUZvyNDXwe1tXCdZKwQ","https:\/\/www.facebook.com\/people\/Telstar-Latam\/61552901544272\/"],"logo":{"@type":"ImageObject","inLanguage":"es","@id":"https:\/\/www.telstarlatam.com\/contenido\/#\/schema\/logo\/image\/","url":"https:\/\/www.telstarlatam.com\/contenido\/wp-content\/uploads\/2021\/07\/logo-telstar.png","contentUrl":"https:\/\/www.telstarlatam.com\/contenido\/wp-content\/uploads\/2021\/07\/logo-telstar.png","width":149,"height":55,"caption":"Telstar"},"image":{"@id":"https:\/\/www.telstarlatam.com\/contenido\/#\/schema\/logo\/image\/"}},{"@type":"WebSite","@id":"https:\/\/www.telstarlatam.com\/contenido\/#website","url":"https:\/\/www.telstarlatam.com\/contenido\/","name":"Telstar Latinoam\u00e9rica | Electrodom\u00e9sticos","description":"Electrodom\u00e9sticos Telstar La calidad no cuesta m\u00e1s","publisher":{"@id":"https:\/\/www.telstarlatam.com\/contenido\/#organization"},"potentialAction":[{"@type":"SearchAction","target":{"@type":"EntryPoint","urlTemplate":"https:\/\/www.telstarlatam.com\/contenido\/?s={search_term_string}"},"query-input":"required name=search_term_string"}],"inLanguage":"es"},{"@type":"ImageObject","inLanguage":"es","@id":"https:\/\/www.telstarlatam.com\/contenido\/producto\/refrigeradora-automatica-12cp-tra338541md-dispensador\/#primaryimage","url":"https:\/\/www.telstarlatam.com\/contenido\/wp-content\/uploads\/2025\/03\/refrigeradora-automatica-telstar-12cp-tra338541md-dispensador-192830-3.png","contentUrl":"https:\/\/www.telstarlatam.com\/contenido\/wp-content\/uploads\/2025\/03\/refrigeradora-automatica-telstar-12cp-tra338541md-dispensador-192830-3.png","width":1200,"height":1200},{"@type":"WebPage","@id":"https:\/\/www.telstarlatam.com\/contenido\/producto\/refrigeradora-automatica-12cp-tra338541md-dispensador\/","url":"https:\/\/www.telstarlatam.com\/contenido\/producto\/refrigeradora-automatica-12cp-tra338541md-dispensador\/","name":"Refrigeradora Autom\u00e1tica 12CP TRA338541MD Dispensador - Telstar Latinoam\u00e9rica | Electrodom\u00e9sticos","isPartOf":{"@id":"https:\/\/www.telstarlatam.com\/contenido\/#website"},"primaryImageOfPage":{"@id":"https:\/\/www.telstarlatam.com\/contenido\/producto\/refrigeradora-automatica-12cp-tra338541md-dispensador\/#primaryimage"},"datePublished":"2025-03-30T19:30:16+00:00","dateModified":"2025-03-30T19:35:04+00:00","breadcrumb":{"@id":"https:\/\/www.telstarlatam.com\/contenido\/producto\/refrigeradora-automatica-12cp-tra338541md-dispensador\/#breadcrumb"},"inLanguage":"es","potentialAction":[{"@type":"ReadAction","target":["https:\/\/www.telstarlatam.com\/contenido\/producto\/refrigeradora-automatica-12cp-tra338541md-dispensador\/"]}]},{"@type":"BreadcrumbList","@id":"https:\/\/www.telstarlatam.com\/contenido\/producto\/refrigeradora-automatica-12cp-tra338541md-dispensador\/#breadcrumb","itemListElement":[{"@type":"ListItem","position":1,"name":"Inicio","item":"https:\/\/www.telstarlatam.com\/contenido\/"},{"@type":"ListItem","position":2,"name":"Encontr\u00e1 los mejores productos aqu\u00ed","item":"https:\/\/www.telstarlatam.com\/contenido\/shop\/"},{"@type":"ListItem","position":3,"name":"Refrigeradora Autom\u00e1tica 12CP TRA338541MD Dispensador"}]}]}},"_links":{"self":[{"href":"https:\/\/www.telstarlatam.com\/contenido\/wp-json\/wp\/v2\/product\/42666","targetHints":{"allow":["GET"]}}],"collection":[{"href":"https:\/\/www.telstarlatam.com\/contenido\/wp-json\/wp\/v2\/product"}],"about":[{"href":"https:\/\/www.telstarlatam.com\/contenido\/wp-json\/wp\/v2\/types\/product"}],"replies":[{"embeddable":true,"href":"https:\/\/www.telstarlatam.com\/contenido\/wp-json\/wp\/v2\/comments?post=42666"}],"wp:featuredmedia":[{"embeddable":true,"href":"https:\/\/www.telstarlatam.com\/contenido\/wp-json\/wp\/v2\/media\/42669"}],"wp:attachment":[{"href":"https:\/\/www.telstarlatam.com\/contenido\/wp-json\/wp\/v2\/media?parent=42666"}],"wp:term":[{"taxonomy":"product_cat","embeddable":true,"href":"https:\/\/www.telstarlatam.com\/contenido\/wp-json\/wp\/v2\/product_cat?post=42666"},{"taxonomy":"product_tag","embeddable":true,"href":"https:\/\/www.telstarlatam.com\/contenido\/wp-json\/wp\/v2\/product_tag?post=42666"}],"curies":[{"name":"wp","href":"https:\/\/api.w.org\/{rel}","templated":true}]}}