{"id":42656,"date":"2025-03-28T15:01:31","date_gmt":"2025-03-28T15:01:31","guid":{"rendered":"https:\/\/www.telstarlatam.com\/contenido\/?post_type=product&#038;p=42656"},"modified":"2026-01-13T21:24:03","modified_gmt":"2026-01-13T21:24:03","slug":"aire-acondicionado-portatil-8000btu-tap008110md","status":"publish","type":"product","link":"https:\/\/www.telstarlatam.com\/contenido\/producto\/aire-acondicionado-portatil-8000btu-tap008110md\/","title":{"rendered":"Aire Acondicionado Port\u00e1til 8000BTU TAP008110ZO"},"content":{"rendered":"<p><strong><span style=\"color: #ff9900;\">\u00bb <\/span><\/strong>Capacidad de enfriamiento 8,000 BTU.<\/p>\n<p><strong><span style=\"color: #ff9900;\">\u00bb <\/span><\/strong>115V\/60Hz.<\/p>\n<p><strong><span style=\"color: #ff9900;\">\u00bb <\/span><\/strong>Timer de 24 Horas.<\/p>\n<p><strong><span style=\"color: #ff9900;\">\u00bb <\/span><\/strong>Bloqueo para ni\u00f1os.<\/p>\n<p><strong><span style=\"color: #ff9900;\">\u00bb <\/span><\/strong>Nivel de presi\u00f3n sonora 60dB.<\/p>\n<p><strong><span style=\"color: #ff9900;\">\u00bb <\/span><\/strong>2 Velocidades de intensidad.<\/p>\n<p><strong><span style=\"color: #ff9900;\">\u00bb <\/span><\/strong>Indicador de tanque de agua.<\/p>\n<p><strong><span style=\"color: #ff9900;\">\u00bb <\/span><\/strong>Temporizador de hasta 24 horas.<\/p>\n<p><strong><span style=\"color: #ff9900;\">\u00bb <\/span><\/strong>Funci\u00f3n 3 en 1 Aire acondicionado, deshumificador, ventilador port\u00e1til.<\/p>\n<p><strong><span style=\"color: #ff9900;\">\u00bb <\/span><\/strong>Potencia nominal 805W.<\/p>\n<p><strong><span style=\"color: #ff9900;\">\u00bb <\/span><\/strong>Respaldo General: 1 A\u00f1o.<\/p>\n<p><strong><span style=\"color: #ff9900;\">\u00bb <\/span><\/strong>Respaldo Compresor: 5 A\u00f1os.<\/p>\n<p>&nbsp;<\/p>\n","protected":false},"excerpt":{"rendered":"<p><a href=\"https:\/\/www.telstarlatam.com\/contenido\/wp-content\/uploads\/2025\/03\/MANUAL-TAP008110ZO.pdf\" target=\"_blank\" rel=\"noopener\"><img loading=\"lazy\" decoding=\"async\" class=\"alignnone wp-image-1914 size-full\" src=\"https:\/\/www.telstarlatam.com\/contenido\/wp-content\/uploads\/2023\/10\/Boto\u2560un-Manual-Azul-1.jpg\" alt=\"\" width=\"199\" height=\"45\" \/><\/a><\/p>\n<p><a href=\"https:\/\/telstarlatam.com\/contenido\/repuestos-y-accesorios\/\"><img loading=\"lazy\" decoding=\"async\" class=\"alignnone size-full wp-image-1913\" src=\"https:\/\/www.telstarlatam.com\/contenido\/wp-content\/uploads\/2023\/10\/Boto\u2560un-Repuestos-Verde-1.jpg\" alt=\"\" width=\"265\" height=\"45\" \/><\/a><\/p>\n","protected":false},"featured_media":42657,"comment_status":"closed","ping_status":"closed","template":"","meta":[],"product_cat":[56,55,47],"product_tag":[],"class_list":["post-42656","product","type-product","status-publish","has-post-thumbnail","hentry","product_cat-a-c-portatil","product_cat-aires-acondicionados","product_cat-climatizacion","description-off"],"yoast_head":"<!-- This site is optimized with the Yoast SEO plugin v19.3 - https:\/\/yoast.com\/wordpress\/plugins\/seo\/ -->\n<title>Aire Acondicionado Port\u00e1til 8000BTU TAP008110ZO - Telstar Latinoam\u00e9rica | Electrodom\u00e9sticos<\/title>\n<meta name=\"robots\" content=\"index, follow, max-snippet:-1, max-image-preview:large, max-video-preview:-1\" \/>\n<link rel=\"canonical\" href=\"https:\/\/www.telstarlatam.com\/contenido\/producto\/aire-acondicionado-portatil-8000btu-tap008110md\/\" \/>\n<meta property=\"og:locale\" content=\"es_MX\" \/>\n<meta property=\"og:type\" content=\"article\" \/>\n<meta property=\"og:title\" content=\"Aire Acondicionado Port\u00e1til 8000BTU TAP008110ZO - Telstar Latinoam\u00e9rica | Electrodom\u00e9sticos\" \/>\n<meta property=\"og:url\" content=\"https:\/\/www.telstarlatam.com\/contenido\/producto\/aire-acondicionado-portatil-8000btu-tap008110md\/\" \/>\n<meta property=\"og:site_name\" content=\"Telstar Latinoam\u00e9rica | Electrodom\u00e9sticos\" \/>\n<meta property=\"article:publisher\" content=\"https:\/\/www.facebook.com\/people\/Telstar-Latam\/61552901544272\/\" \/>\n<meta property=\"article:modified_time\" content=\"2026-01-13T21:24:03+00:00\" \/>\n<meta property=\"og:image\" content=\"https:\/\/www.telstarlatam.com\/contenido\/wp-content\/uploads\/2025\/03\/194252_2.png\" \/>\n\t<meta property=\"og:image:width\" content=\"1200\" \/>\n\t<meta property=\"og:image:height\" content=\"1200\" \/>\n\t<meta property=\"og:image:type\" content=\"image\/png\" \/>\n<meta name=\"twitter:card\" content=\"summary_large_image\" \/>\n<script type=\"application\/ld+json\" class=\"yoast-schema-graph\">{\"@context\":\"https:\/\/schema.org\",\"@graph\":[{\"@type\":\"Organization\",\"@id\":\"https:\/\/www.telstarlatam.com\/contenido\/#organization\",\"name\":\"Telstar\",\"url\":\"https:\/\/www.telstarlatam.com\/contenido\/\",\"sameAs\":[\"https:\/\/www.instagram.com\/telstar_la\/\",\"https:\/\/www.youtube.com\/channel\/UCrvcIUZvyNDXwe1tXCdZKwQ\",\"https:\/\/www.facebook.com\/people\/Telstar-Latam\/61552901544272\/\"],\"logo\":{\"@type\":\"ImageObject\",\"inLanguage\":\"es\",\"@id\":\"https:\/\/www.telstarlatam.com\/contenido\/#\/schema\/logo\/image\/\",\"url\":\"https:\/\/www.telstarlatam.com\/contenido\/wp-content\/uploads\/2021\/07\/logo-telstar.png\",\"contentUrl\":\"https:\/\/www.telstarlatam.com\/contenido\/wp-content\/uploads\/2021\/07\/logo-telstar.png\",\"width\":149,\"height\":55,\"caption\":\"Telstar\"},\"image\":{\"@id\":\"https:\/\/www.telstarlatam.com\/contenido\/#\/schema\/logo\/image\/\"}},{\"@type\":\"WebSite\",\"@id\":\"https:\/\/www.telstarlatam.com\/contenido\/#website\",\"url\":\"https:\/\/www.telstarlatam.com\/contenido\/\",\"name\":\"Telstar Latinoam\u00e9rica | Electrodom\u00e9sticos\",\"description\":\"Electrodom\u00e9sticos Telstar La calidad no cuesta m\u00e1s\",\"publisher\":{\"@id\":\"https:\/\/www.telstarlatam.com\/contenido\/#organization\"},\"potentialAction\":[{\"@type\":\"SearchAction\",\"target\":{\"@type\":\"EntryPoint\",\"urlTemplate\":\"https:\/\/www.telstarlatam.com\/contenido\/?s={search_term_string}\"},\"query-input\":\"required name=search_term_string\"}],\"inLanguage\":\"es\"},{\"@type\":\"ImageObject\",\"inLanguage\":\"es\",\"@id\":\"https:\/\/www.telstarlatam.com\/contenido\/producto\/aire-acondicionado-portatil-8000btu-tap008110md\/#primaryimage\",\"url\":\"https:\/\/www.telstarlatam.com\/contenido\/wp-content\/uploads\/2025\/03\/194252_2.png\",\"contentUrl\":\"https:\/\/www.telstarlatam.com\/contenido\/wp-content\/uploads\/2025\/03\/194252_2.png\",\"width\":1200,\"height\":1200},{\"@type\":\"WebPage\",\"@id\":\"https:\/\/www.telstarlatam.com\/contenido\/producto\/aire-acondicionado-portatil-8000btu-tap008110md\/\",\"url\":\"https:\/\/www.telstarlatam.com\/contenido\/producto\/aire-acondicionado-portatil-8000btu-tap008110md\/\",\"name\":\"Aire Acondicionado Port\u00e1til 8000BTU TAP008110ZO - Telstar Latinoam\u00e9rica | Electrodom\u00e9sticos\",\"isPartOf\":{\"@id\":\"https:\/\/www.telstarlatam.com\/contenido\/#website\"},\"primaryImageOfPage\":{\"@id\":\"https:\/\/www.telstarlatam.com\/contenido\/producto\/aire-acondicionado-portatil-8000btu-tap008110md\/#primaryimage\"},\"datePublished\":\"2025-03-28T15:01:31+00:00\",\"dateModified\":\"2026-01-13T21:24:03+00:00\",\"breadcrumb\":{\"@id\":\"https:\/\/www.telstarlatam.com\/contenido\/producto\/aire-acondicionado-portatil-8000btu-tap008110md\/#breadcrumb\"},\"inLanguage\":\"es\",\"potentialAction\":[{\"@type\":\"ReadAction\",\"target\":[\"https:\/\/www.telstarlatam.com\/contenido\/producto\/aire-acondicionado-portatil-8000btu-tap008110md\/\"]}]},{\"@type\":\"BreadcrumbList\",\"@id\":\"https:\/\/www.telstarlatam.com\/contenido\/producto\/aire-acondicionado-portatil-8000btu-tap008110md\/#breadcrumb\",\"itemListElement\":[{\"@type\":\"ListItem\",\"position\":1,\"name\":\"Inicio\",\"item\":\"https:\/\/www.telstarlatam.com\/contenido\/\"},{\"@type\":\"ListItem\",\"position\":2,\"name\":\"Encontr\u00e1 los mejores productos aqu\u00ed\",\"item\":\"https:\/\/www.telstarlatam.com\/contenido\/shop\/\"},{\"@type\":\"ListItem\",\"position\":3,\"name\":\"Aire Acondicionado Port\u00e1til 8000BTU TAP008110ZO\"}]}]}<\/script>\n<!-- \/ Yoast SEO plugin. -->","yoast_head_json":{"title":"Aire Acondicionado Port\u00e1til 8000BTU TAP008110ZO - Telstar Latinoam\u00e9rica | Electrodom\u00e9sticos","robots":{"index":"index","follow":"follow","max-snippet":"max-snippet:-1","max-image-preview":"max-image-preview:large","max-video-preview":"max-video-preview:-1"},"canonical":"https:\/\/www.telstarlatam.com\/contenido\/producto\/aire-acondicionado-portatil-8000btu-tap008110md\/","og_locale":"es_MX","og_type":"article","og_title":"Aire Acondicionado Port\u00e1til 8000BTU TAP008110ZO - Telstar Latinoam\u00e9rica | Electrodom\u00e9sticos","og_url":"https:\/\/www.telstarlatam.com\/contenido\/producto\/aire-acondicionado-portatil-8000btu-tap008110md\/","og_site_name":"Telstar Latinoam\u00e9rica | Electrodom\u00e9sticos","article_publisher":"https:\/\/www.facebook.com\/people\/Telstar-Latam\/61552901544272\/","article_modified_time":"2026-01-13T21:24:03+00:00","og_image":[{"width":1200,"height":1200,"url":"https:\/\/www.telstarlatam.com\/contenido\/wp-content\/uploads\/2025\/03\/194252_2.png","type":"image\/png"}],"twitter_card":"summary_large_image","schema":{"@context":"https:\/\/schema.org","@graph":[{"@type":"Organization","@id":"https:\/\/www.telstarlatam.com\/contenido\/#organization","name":"Telstar","url":"https:\/\/www.telstarlatam.com\/contenido\/","sameAs":["https:\/\/www.instagram.com\/telstar_la\/","https:\/\/www.youtube.com\/channel\/UCrvcIUZvyNDXwe1tXCdZKwQ","https:\/\/www.facebook.com\/people\/Telstar-Latam\/61552901544272\/"],"logo":{"@type":"ImageObject","inLanguage":"es","@id":"https:\/\/www.telstarlatam.com\/contenido\/#\/schema\/logo\/image\/","url":"https:\/\/www.telstarlatam.com\/contenido\/wp-content\/uploads\/2021\/07\/logo-telstar.png","contentUrl":"https:\/\/www.telstarlatam.com\/contenido\/wp-content\/uploads\/2021\/07\/logo-telstar.png","width":149,"height":55,"caption":"Telstar"},"image":{"@id":"https:\/\/www.telstarlatam.com\/contenido\/#\/schema\/logo\/image\/"}},{"@type":"WebSite","@id":"https:\/\/www.telstarlatam.com\/contenido\/#website","url":"https:\/\/www.telstarlatam.com\/contenido\/","name":"Telstar Latinoam\u00e9rica | Electrodom\u00e9sticos","description":"Electrodom\u00e9sticos Telstar La calidad no cuesta m\u00e1s","publisher":{"@id":"https:\/\/www.telstarlatam.com\/contenido\/#organization"},"potentialAction":[{"@type":"SearchAction","target":{"@type":"EntryPoint","urlTemplate":"https:\/\/www.telstarlatam.com\/contenido\/?s={search_term_string}"},"query-input":"required name=search_term_string"}],"inLanguage":"es"},{"@type":"ImageObject","inLanguage":"es","@id":"https:\/\/www.telstarlatam.com\/contenido\/producto\/aire-acondicionado-portatil-8000btu-tap008110md\/#primaryimage","url":"https:\/\/www.telstarlatam.com\/contenido\/wp-content\/uploads\/2025\/03\/194252_2.png","contentUrl":"https:\/\/www.telstarlatam.com\/contenido\/wp-content\/uploads\/2025\/03\/194252_2.png","width":1200,"height":1200},{"@type":"WebPage","@id":"https:\/\/www.telstarlatam.com\/contenido\/producto\/aire-acondicionado-portatil-8000btu-tap008110md\/","url":"https:\/\/www.telstarlatam.com\/contenido\/producto\/aire-acondicionado-portatil-8000btu-tap008110md\/","name":"Aire Acondicionado Port\u00e1til 8000BTU TAP008110ZO - Telstar Latinoam\u00e9rica | Electrodom\u00e9sticos","isPartOf":{"@id":"https:\/\/www.telstarlatam.com\/contenido\/#website"},"primaryImageOfPage":{"@id":"https:\/\/www.telstarlatam.com\/contenido\/producto\/aire-acondicionado-portatil-8000btu-tap008110md\/#primaryimage"},"datePublished":"2025-03-28T15:01:31+00:00","dateModified":"2026-01-13T21:24:03+00:00","breadcrumb":{"@id":"https:\/\/www.telstarlatam.com\/contenido\/producto\/aire-acondicionado-portatil-8000btu-tap008110md\/#breadcrumb"},"inLanguage":"es","potentialAction":[{"@type":"ReadAction","target":["https:\/\/www.telstarlatam.com\/contenido\/producto\/aire-acondicionado-portatil-8000btu-tap008110md\/"]}]},{"@type":"BreadcrumbList","@id":"https:\/\/www.telstarlatam.com\/contenido\/producto\/aire-acondicionado-portatil-8000btu-tap008110md\/#breadcrumb","itemListElement":[{"@type":"ListItem","position":1,"name":"Inicio","item":"https:\/\/www.telstarlatam.com\/contenido\/"},{"@type":"ListItem","position":2,"name":"Encontr\u00e1 los mejores productos aqu\u00ed","item":"https:\/\/www.telstarlatam.com\/contenido\/shop\/"},{"@type":"ListItem","position":3,"name":"Aire Acondicionado Port\u00e1til 8000BTU TAP008110ZO"}]}]}},"_links":{"self":[{"href":"https:\/\/www.telstarlatam.com\/contenido\/wp-json\/wp\/v2\/product\/42656","targetHints":{"allow":["GET"]}}],"collection":[{"href":"https:\/\/www.telstarlatam.com\/contenido\/wp-json\/wp\/v2\/product"}],"about":[{"href":"https:\/\/www.telstarlatam.com\/contenido\/wp-json\/wp\/v2\/types\/product"}],"replies":[{"embeddable":true,"href":"https:\/\/www.telstarlatam.com\/contenido\/wp-json\/wp\/v2\/comments?post=42656"}],"wp:featuredmedia":[{"embeddable":true,"href":"https:\/\/www.telstarlatam.com\/contenido\/wp-json\/wp\/v2\/media\/42657"}],"wp:attachment":[{"href":"https:\/\/www.telstarlatam.com\/contenido\/wp-json\/wp\/v2\/media?parent=42656"}],"wp:term":[{"taxonomy":"product_cat","embeddable":true,"href":"https:\/\/www.telstarlatam.com\/contenido\/wp-json\/wp\/v2\/product_cat?post=42656"},{"taxonomy":"product_tag","embeddable":true,"href":"https:\/\/www.telstarlatam.com\/contenido\/wp-json\/wp\/v2\/product_tag?post=42656"}],"curies":[{"name":"wp","href":"https:\/\/api.w.org\/{rel}","templated":true}]}}