{"id":42531,"date":"2025-01-27T15:13:41","date_gmt":"2025-01-27T15:13:41","guid":{"rendered":"https:\/\/www.telstarlatam.com\/contenido\/?post_type=product&#038;p=42531"},"modified":"2025-06-27T15:55:58","modified_gmt":"2025-06-27T15:55:58","slug":"extractor-de-grasa-24-pulgadas-teg024210md","status":"publish","type":"product","link":"https:\/\/www.telstarlatam.com\/contenido\/producto\/extractor-de-grasa-24-pulgadas-teg024210md\/","title":{"rendered":"Extractor de Grasa 24 pulgadas TEG024210MD"},"content":{"rendered":"<p><strong><span style=\"color: #ff9900;\">\u00bb <\/span><\/strong>Extractor en \u00e1ngulo.<\/p>\n<p><strong><span style=\"color: #ff9900;\">\u00bb <\/span><\/strong>Panel de 60cm.<\/p>\n<p><strong><span style=\"color: #ff9900;\">\u00bb<\/span><\/strong> Extracci\u00f3n ultra fuerte.<\/p>\n<p><strong><span style=\"color: #ff9900;\">\u00bb<\/span><\/strong> Tres velocidades de succi\u00f3n.<\/p>\n<p><strong><span style=\"color: #ff9900;\">\u00bb<\/span><\/strong> Control t\u00e1ctil.<\/p>\n<p><strong><span style=\"color: #ff9900;\">\u00bb<\/span><\/strong> Luz LED.<\/p>\n<p><strong><span style=\"color: #ff9900;\">\u00bb<\/span><\/strong> Potente flujo de aire.<\/p>\n<p><strong><span style=\"color: #ff9900;\">\u00bb<\/span><\/strong> Control Gestos.<\/p>\n<p><strong><span style=\"color: #ff9900;\">\u00bb<\/span><\/strong> Filtro de aluminio desmontable.<\/p>\n<p><strong><span style=\"color: #ff9900;\">\u00bb<\/span><\/strong> 110V \/ 60Hz.<\/p>\n<p>&nbsp;<\/p>\n","protected":false},"excerpt":{"rendered":"<p>\u00bb Extractor en \u00e1ngulo. \u00bb Panel de 60cm. \u00bb Extracci\u00f3n ultra fuerte. \u00bb Tres velocidades de succi\u00f3n. \u00bb Control t\u00e1ctil. \u00bb Luz LED. \u00bb Potente flujo de aire. \u00bb Control Gestos. \u00bb Filtro de aluminio desmontable. \u00bb 110V \/ 60Hz. &nbsp;<\/p>\n","protected":false},"featured_media":42532,"comment_status":"open","ping_status":"closed","template":"","meta":[],"product_cat":[129,135,37],"product_tag":[],"class_list":["post-42531","product","type-product","status-publish","has-post-thumbnail","hentry","product_cat-empotrables","product_cat-extractor-de-grasa","product_cat-linea-blanca","description-off"],"yoast_head":"<!-- This site is optimized with the Yoast SEO plugin v19.3 - https:\/\/yoast.com\/wordpress\/plugins\/seo\/ -->\n<title>Extractor de Grasa 24 pulgadas TEG024210MD - Telstar Latinoam\u00e9rica | Electrodom\u00e9sticos<\/title>\n<meta name=\"robots\" content=\"index, follow, max-snippet:-1, max-image-preview:large, max-video-preview:-1\" \/>\n<link rel=\"canonical\" href=\"https:\/\/www.telstarlatam.com\/contenido\/producto\/extractor-de-grasa-24-pulgadas-teg024210md\/\" \/>\n<meta property=\"og:locale\" content=\"es_MX\" \/>\n<meta property=\"og:type\" content=\"article\" \/>\n<meta property=\"og:title\" content=\"Extractor de Grasa 24 pulgadas TEG024210MD - Telstar Latinoam\u00e9rica | Electrodom\u00e9sticos\" \/>\n<meta property=\"og:description\" content=\"\u00bb Extractor en \u00e1ngulo. \u00bb Panel de 60cm. \u00bb Extracci\u00f3n ultra fuerte. \u00bb Tres velocidades de succi\u00f3n. \u00bb Control t\u00e1ctil. \u00bb Luz LED. \u00bb Potente flujo de aire. \u00bb Control Gestos. \u00bb Filtro de aluminio desmontable. \u00bb 110V \/ 60Hz. &nbsp;\" \/>\n<meta property=\"og:url\" content=\"https:\/\/www.telstarlatam.com\/contenido\/producto\/extractor-de-grasa-24-pulgadas-teg024210md\/\" \/>\n<meta property=\"og:site_name\" content=\"Telstar Latinoam\u00e9rica | Electrodom\u00e9sticos\" \/>\n<meta property=\"article:publisher\" content=\"https:\/\/www.facebook.com\/people\/Telstar-Latam\/61552901544272\/\" \/>\n<meta property=\"article:modified_time\" content=\"2025-06-27T15:55:58+00:00\" \/>\n<meta property=\"og:image\" content=\"https:\/\/www.telstarlatam.com\/contenido\/wp-content\/uploads\/2025\/01\/extractor-de-grasa-telstar-24-pulgadas-teg024210md-190457-1.png\" \/>\n\t<meta property=\"og:image:width\" content=\"1200\" \/>\n\t<meta property=\"og:image:height\" content=\"1200\" \/>\n\t<meta property=\"og:image:type\" content=\"image\/png\" \/>\n<meta name=\"twitter:card\" content=\"summary_large_image\" \/>\n<script type=\"application\/ld+json\" class=\"yoast-schema-graph\">{\"@context\":\"https:\/\/schema.org\",\"@graph\":[{\"@type\":\"Organization\",\"@id\":\"https:\/\/www.telstarlatam.com\/contenido\/#organization\",\"name\":\"Telstar\",\"url\":\"https:\/\/www.telstarlatam.com\/contenido\/\",\"sameAs\":[\"https:\/\/www.instagram.com\/telstar_la\/\",\"https:\/\/www.youtube.com\/channel\/UCrvcIUZvyNDXwe1tXCdZKwQ\",\"https:\/\/www.facebook.com\/people\/Telstar-Latam\/61552901544272\/\"],\"logo\":{\"@type\":\"ImageObject\",\"inLanguage\":\"es\",\"@id\":\"https:\/\/www.telstarlatam.com\/contenido\/#\/schema\/logo\/image\/\",\"url\":\"https:\/\/www.telstarlatam.com\/contenido\/wp-content\/uploads\/2021\/07\/logo-telstar.png\",\"contentUrl\":\"https:\/\/www.telstarlatam.com\/contenido\/wp-content\/uploads\/2021\/07\/logo-telstar.png\",\"width\":149,\"height\":55,\"caption\":\"Telstar\"},\"image\":{\"@id\":\"https:\/\/www.telstarlatam.com\/contenido\/#\/schema\/logo\/image\/\"}},{\"@type\":\"WebSite\",\"@id\":\"https:\/\/www.telstarlatam.com\/contenido\/#website\",\"url\":\"https:\/\/www.telstarlatam.com\/contenido\/\",\"name\":\"Telstar Latinoam\u00e9rica | Electrodom\u00e9sticos\",\"description\":\"Electrodom\u00e9sticos Telstar La calidad no cuesta m\u00e1s\",\"publisher\":{\"@id\":\"https:\/\/www.telstarlatam.com\/contenido\/#organization\"},\"potentialAction\":[{\"@type\":\"SearchAction\",\"target\":{\"@type\":\"EntryPoint\",\"urlTemplate\":\"https:\/\/www.telstarlatam.com\/contenido\/?s={search_term_string}\"},\"query-input\":\"required name=search_term_string\"}],\"inLanguage\":\"es\"},{\"@type\":\"ImageObject\",\"inLanguage\":\"es\",\"@id\":\"https:\/\/www.telstarlatam.com\/contenido\/producto\/extractor-de-grasa-24-pulgadas-teg024210md\/#primaryimage\",\"url\":\"https:\/\/www.telstarlatam.com\/contenido\/wp-content\/uploads\/2025\/01\/extractor-de-grasa-telstar-24-pulgadas-teg024210md-190457-1.png\",\"contentUrl\":\"https:\/\/www.telstarlatam.com\/contenido\/wp-content\/uploads\/2025\/01\/extractor-de-grasa-telstar-24-pulgadas-teg024210md-190457-1.png\",\"width\":1200,\"height\":1200},{\"@type\":\"WebPage\",\"@id\":\"https:\/\/www.telstarlatam.com\/contenido\/producto\/extractor-de-grasa-24-pulgadas-teg024210md\/\",\"url\":\"https:\/\/www.telstarlatam.com\/contenido\/producto\/extractor-de-grasa-24-pulgadas-teg024210md\/\",\"name\":\"Extractor de Grasa 24 pulgadas TEG024210MD - Telstar Latinoam\u00e9rica | Electrodom\u00e9sticos\",\"isPartOf\":{\"@id\":\"https:\/\/www.telstarlatam.com\/contenido\/#website\"},\"primaryImageOfPage\":{\"@id\":\"https:\/\/www.telstarlatam.com\/contenido\/producto\/extractor-de-grasa-24-pulgadas-teg024210md\/#primaryimage\"},\"datePublished\":\"2025-01-27T15:13:41+00:00\",\"dateModified\":\"2025-06-27T15:55:58+00:00\",\"breadcrumb\":{\"@id\":\"https:\/\/www.telstarlatam.com\/contenido\/producto\/extractor-de-grasa-24-pulgadas-teg024210md\/#breadcrumb\"},\"inLanguage\":\"es\",\"potentialAction\":[{\"@type\":\"ReadAction\",\"target\":[\"https:\/\/www.telstarlatam.com\/contenido\/producto\/extractor-de-grasa-24-pulgadas-teg024210md\/\"]}]},{\"@type\":\"BreadcrumbList\",\"@id\":\"https:\/\/www.telstarlatam.com\/contenido\/producto\/extractor-de-grasa-24-pulgadas-teg024210md\/#breadcrumb\",\"itemListElement\":[{\"@type\":\"ListItem\",\"position\":1,\"name\":\"Inicio\",\"item\":\"https:\/\/www.telstarlatam.com\/contenido\/\"},{\"@type\":\"ListItem\",\"position\":2,\"name\":\"Encontr\u00e1 los mejores productos aqu\u00ed\",\"item\":\"https:\/\/www.telstarlatam.com\/contenido\/shop\/\"},{\"@type\":\"ListItem\",\"position\":3,\"name\":\"Extractor de Grasa 24 pulgadas TEG024210MD\"}]}]}<\/script>\n<!-- \/ Yoast SEO plugin. -->","yoast_head_json":{"title":"Extractor de Grasa 24 pulgadas TEG024210MD - Telstar Latinoam\u00e9rica | Electrodom\u00e9sticos","robots":{"index":"index","follow":"follow","max-snippet":"max-snippet:-1","max-image-preview":"max-image-preview:large","max-video-preview":"max-video-preview:-1"},"canonical":"https:\/\/www.telstarlatam.com\/contenido\/producto\/extractor-de-grasa-24-pulgadas-teg024210md\/","og_locale":"es_MX","og_type":"article","og_title":"Extractor de Grasa 24 pulgadas TEG024210MD - Telstar Latinoam\u00e9rica | Electrodom\u00e9sticos","og_description":"\u00bb Extractor en \u00e1ngulo. \u00bb Panel de 60cm. \u00bb Extracci\u00f3n ultra fuerte. \u00bb Tres velocidades de succi\u00f3n. \u00bb Control t\u00e1ctil. \u00bb Luz LED. \u00bb Potente flujo de aire. \u00bb Control Gestos. \u00bb Filtro de aluminio desmontable. \u00bb 110V \/ 60Hz. &nbsp;","og_url":"https:\/\/www.telstarlatam.com\/contenido\/producto\/extractor-de-grasa-24-pulgadas-teg024210md\/","og_site_name":"Telstar Latinoam\u00e9rica | Electrodom\u00e9sticos","article_publisher":"https:\/\/www.facebook.com\/people\/Telstar-Latam\/61552901544272\/","article_modified_time":"2025-06-27T15:55:58+00:00","og_image":[{"width":1200,"height":1200,"url":"https:\/\/www.telstarlatam.com\/contenido\/wp-content\/uploads\/2025\/01\/extractor-de-grasa-telstar-24-pulgadas-teg024210md-190457-1.png","type":"image\/png"}],"twitter_card":"summary_large_image","schema":{"@context":"https:\/\/schema.org","@graph":[{"@type":"Organization","@id":"https:\/\/www.telstarlatam.com\/contenido\/#organization","name":"Telstar","url":"https:\/\/www.telstarlatam.com\/contenido\/","sameAs":["https:\/\/www.instagram.com\/telstar_la\/","https:\/\/www.youtube.com\/channel\/UCrvcIUZvyNDXwe1tXCdZKwQ","https:\/\/www.facebook.com\/people\/Telstar-Latam\/61552901544272\/"],"logo":{"@type":"ImageObject","inLanguage":"es","@id":"https:\/\/www.telstarlatam.com\/contenido\/#\/schema\/logo\/image\/","url":"https:\/\/www.telstarlatam.com\/contenido\/wp-content\/uploads\/2021\/07\/logo-telstar.png","contentUrl":"https:\/\/www.telstarlatam.com\/contenido\/wp-content\/uploads\/2021\/07\/logo-telstar.png","width":149,"height":55,"caption":"Telstar"},"image":{"@id":"https:\/\/www.telstarlatam.com\/contenido\/#\/schema\/logo\/image\/"}},{"@type":"WebSite","@id":"https:\/\/www.telstarlatam.com\/contenido\/#website","url":"https:\/\/www.telstarlatam.com\/contenido\/","name":"Telstar Latinoam\u00e9rica | Electrodom\u00e9sticos","description":"Electrodom\u00e9sticos Telstar La calidad no cuesta m\u00e1s","publisher":{"@id":"https:\/\/www.telstarlatam.com\/contenido\/#organization"},"potentialAction":[{"@type":"SearchAction","target":{"@type":"EntryPoint","urlTemplate":"https:\/\/www.telstarlatam.com\/contenido\/?s={search_term_string}"},"query-input":"required name=search_term_string"}],"inLanguage":"es"},{"@type":"ImageObject","inLanguage":"es","@id":"https:\/\/www.telstarlatam.com\/contenido\/producto\/extractor-de-grasa-24-pulgadas-teg024210md\/#primaryimage","url":"https:\/\/www.telstarlatam.com\/contenido\/wp-content\/uploads\/2025\/01\/extractor-de-grasa-telstar-24-pulgadas-teg024210md-190457-1.png","contentUrl":"https:\/\/www.telstarlatam.com\/contenido\/wp-content\/uploads\/2025\/01\/extractor-de-grasa-telstar-24-pulgadas-teg024210md-190457-1.png","width":1200,"height":1200},{"@type":"WebPage","@id":"https:\/\/www.telstarlatam.com\/contenido\/producto\/extractor-de-grasa-24-pulgadas-teg024210md\/","url":"https:\/\/www.telstarlatam.com\/contenido\/producto\/extractor-de-grasa-24-pulgadas-teg024210md\/","name":"Extractor de Grasa 24 pulgadas TEG024210MD - Telstar Latinoam\u00e9rica | Electrodom\u00e9sticos","isPartOf":{"@id":"https:\/\/www.telstarlatam.com\/contenido\/#website"},"primaryImageOfPage":{"@id":"https:\/\/www.telstarlatam.com\/contenido\/producto\/extractor-de-grasa-24-pulgadas-teg024210md\/#primaryimage"},"datePublished":"2025-01-27T15:13:41+00:00","dateModified":"2025-06-27T15:55:58+00:00","breadcrumb":{"@id":"https:\/\/www.telstarlatam.com\/contenido\/producto\/extractor-de-grasa-24-pulgadas-teg024210md\/#breadcrumb"},"inLanguage":"es","potentialAction":[{"@type":"ReadAction","target":["https:\/\/www.telstarlatam.com\/contenido\/producto\/extractor-de-grasa-24-pulgadas-teg024210md\/"]}]},{"@type":"BreadcrumbList","@id":"https:\/\/www.telstarlatam.com\/contenido\/producto\/extractor-de-grasa-24-pulgadas-teg024210md\/#breadcrumb","itemListElement":[{"@type":"ListItem","position":1,"name":"Inicio","item":"https:\/\/www.telstarlatam.com\/contenido\/"},{"@type":"ListItem","position":2,"name":"Encontr\u00e1 los mejores productos aqu\u00ed","item":"https:\/\/www.telstarlatam.com\/contenido\/shop\/"},{"@type":"ListItem","position":3,"name":"Extractor de Grasa 24 pulgadas TEG024210MD"}]}]}},"_links":{"self":[{"href":"https:\/\/www.telstarlatam.com\/contenido\/wp-json\/wp\/v2\/product\/42531","targetHints":{"allow":["GET"]}}],"collection":[{"href":"https:\/\/www.telstarlatam.com\/contenido\/wp-json\/wp\/v2\/product"}],"about":[{"href":"https:\/\/www.telstarlatam.com\/contenido\/wp-json\/wp\/v2\/types\/product"}],"replies":[{"embeddable":true,"href":"https:\/\/www.telstarlatam.com\/contenido\/wp-json\/wp\/v2\/comments?post=42531"}],"wp:featuredmedia":[{"embeddable":true,"href":"https:\/\/www.telstarlatam.com\/contenido\/wp-json\/wp\/v2\/media\/42532"}],"wp:attachment":[{"href":"https:\/\/www.telstarlatam.com\/contenido\/wp-json\/wp\/v2\/media?parent=42531"}],"wp:term":[{"taxonomy":"product_cat","embeddable":true,"href":"https:\/\/www.telstarlatam.com\/contenido\/wp-json\/wp\/v2\/product_cat?post=42531"},{"taxonomy":"product_tag","embeddable":true,"href":"https:\/\/www.telstarlatam.com\/contenido\/wp-json\/wp\/v2\/product_tag?post=42531"}],"curies":[{"name":"wp","href":"https:\/\/api.w.org\/{rel}","templated":true}]}}