{"id":42476,"date":"2024-12-10T22:00:17","date_gmt":"2024-12-10T22:00:17","guid":{"rendered":"https:\/\/www.telstarlatam.com\/contenido\/?post_type=product&#038;p=42476"},"modified":"2024-12-10T22:08:01","modified_gmt":"2024-12-10T22:08:01","slug":"parlante-amplificado-tpa200230ad","status":"publish","type":"product","link":"https:\/\/www.telstarlatam.com\/contenido\/producto\/parlante-amplificado-tpa200230ad\/","title":{"rendered":"Parlante Amplificado TPA200230AD"},"content":{"rendered":"<p>\u00bb Bater\u00eda recargable.<br \/>\n\u00bb Luces de fiestas apagables.<br \/>\n\u00bb Altavoz Bluetooth de 18 pulgadas.<br \/>\n\u00bb SD Card.<br \/>\n\u00bb Tecnolog\u00eda SMD (Surface Mount Device).<br \/>\n\u00bb Panel de control frontal.<br \/>\n\u00bb Karaoke.<br \/>\n\u00bb Control de altavoz.<br \/>\n\u00bb Puerto USB.<br \/>\n\u00bb Conexi\u00f3n Bluetooth.<br \/>\n\u00bb Potencia PMPO: 8.000W.<\/p>\n","protected":false},"excerpt":{"rendered":"<p>\u00bb Bater\u00eda recargable. \u00bb Luces de fiestas apagables. \u00bb Altavoz Bluetooth de 18 pulgadas. \u00bb SD Card. \u00bb Tecnolog\u00eda SMD (Surface Mount Device). \u00bb Panel de control frontal. \u00bb Karaoke. \u00bb Control de altavoz. \u00bb Puerto USB. \u00bb Conexi\u00f3n Bluetooth. \u00bb Potencia PMPO: 8.000W.<\/p>\n","protected":false},"featured_media":42482,"comment_status":"open","ping_status":"closed","template":"","meta":[],"product_cat":[29,28,27],"product_tag":[],"class_list":["post-42476","product","type-product","status-publish","has-post-thumbnail","hentry","product_cat-amplificados","product_cat-audio","product_cat-parlantes","description-off"],"yoast_head":"<!-- This site is optimized with the Yoast SEO plugin v19.3 - https:\/\/yoast.com\/wordpress\/plugins\/seo\/ -->\n<title>Parlante Amplificado TPA200230AD - Telstar Latinoam\u00e9rica | Electrodom\u00e9sticos<\/title>\n<meta name=\"robots\" content=\"index, follow, max-snippet:-1, max-image-preview:large, max-video-preview:-1\" \/>\n<link rel=\"canonical\" href=\"https:\/\/www.telstarlatam.com\/contenido\/producto\/parlante-amplificado-tpa200230ad\/\" \/>\n<meta property=\"og:locale\" content=\"es_MX\" \/>\n<meta property=\"og:type\" content=\"article\" \/>\n<meta property=\"og:title\" content=\"Parlante Amplificado TPA200230AD - Telstar Latinoam\u00e9rica | Electrodom\u00e9sticos\" \/>\n<meta property=\"og:description\" content=\"\u00bb Bater\u00eda recargable. \u00bb Luces de fiestas apagables. \u00bb Altavoz Bluetooth de 18 pulgadas. \u00bb SD Card. \u00bb Tecnolog\u00eda SMD (Surface Mount Device). \u00bb Panel de control frontal. \u00bb Karaoke. \u00bb Control de altavoz. \u00bb Puerto USB. \u00bb Conexi\u00f3n Bluetooth. \u00bb Potencia PMPO: 8.000W.\" \/>\n<meta property=\"og:url\" content=\"https:\/\/www.telstarlatam.com\/contenido\/producto\/parlante-amplificado-tpa200230ad\/\" \/>\n<meta property=\"og:site_name\" content=\"Telstar Latinoam\u00e9rica | Electrodom\u00e9sticos\" \/>\n<meta property=\"article:publisher\" content=\"https:\/\/www.facebook.com\/people\/Telstar-Latam\/61552901544272\/\" \/>\n<meta property=\"article:modified_time\" content=\"2024-12-10T22:08:01+00:00\" \/>\n<meta property=\"og:image\" content=\"https:\/\/www.telstarlatam.com\/contenido\/wp-content\/uploads\/2024\/12\/parlante-amplificado-tpa200230ad-1.png\" \/>\n\t<meta property=\"og:image:width\" content=\"1200\" \/>\n\t<meta property=\"og:image:height\" content=\"1200\" \/>\n\t<meta property=\"og:image:type\" content=\"image\/png\" \/>\n<meta name=\"twitter:card\" content=\"summary_large_image\" \/>\n<script type=\"application\/ld+json\" class=\"yoast-schema-graph\">{\"@context\":\"https:\/\/schema.org\",\"@graph\":[{\"@type\":\"Organization\",\"@id\":\"https:\/\/www.telstarlatam.com\/contenido\/#organization\",\"name\":\"Telstar\",\"url\":\"https:\/\/www.telstarlatam.com\/contenido\/\",\"sameAs\":[\"https:\/\/www.instagram.com\/telstar_la\/\",\"https:\/\/www.youtube.com\/channel\/UCrvcIUZvyNDXwe1tXCdZKwQ\",\"https:\/\/www.facebook.com\/people\/Telstar-Latam\/61552901544272\/\"],\"logo\":{\"@type\":\"ImageObject\",\"inLanguage\":\"es\",\"@id\":\"https:\/\/www.telstarlatam.com\/contenido\/#\/schema\/logo\/image\/\",\"url\":\"https:\/\/www.telstarlatam.com\/contenido\/wp-content\/uploads\/2021\/07\/logo-telstar.png\",\"contentUrl\":\"https:\/\/www.telstarlatam.com\/contenido\/wp-content\/uploads\/2021\/07\/logo-telstar.png\",\"width\":149,\"height\":55,\"caption\":\"Telstar\"},\"image\":{\"@id\":\"https:\/\/www.telstarlatam.com\/contenido\/#\/schema\/logo\/image\/\"}},{\"@type\":\"WebSite\",\"@id\":\"https:\/\/www.telstarlatam.com\/contenido\/#website\",\"url\":\"https:\/\/www.telstarlatam.com\/contenido\/\",\"name\":\"Telstar Latinoam\u00e9rica | Electrodom\u00e9sticos\",\"description\":\"Electrodom\u00e9sticos Telstar La calidad no cuesta m\u00e1s\",\"publisher\":{\"@id\":\"https:\/\/www.telstarlatam.com\/contenido\/#organization\"},\"potentialAction\":[{\"@type\":\"SearchAction\",\"target\":{\"@type\":\"EntryPoint\",\"urlTemplate\":\"https:\/\/www.telstarlatam.com\/contenido\/?s={search_term_string}\"},\"query-input\":\"required name=search_term_string\"}],\"inLanguage\":\"es\"},{\"@type\":\"ImageObject\",\"inLanguage\":\"es\",\"@id\":\"https:\/\/www.telstarlatam.com\/contenido\/producto\/parlante-amplificado-tpa200230ad\/#primaryimage\",\"url\":\"https:\/\/www.telstarlatam.com\/contenido\/wp-content\/uploads\/2024\/12\/parlante-amplificado-tpa200230ad-1.png\",\"contentUrl\":\"https:\/\/www.telstarlatam.com\/contenido\/wp-content\/uploads\/2024\/12\/parlante-amplificado-tpa200230ad-1.png\",\"width\":1200,\"height\":1200},{\"@type\":\"WebPage\",\"@id\":\"https:\/\/www.telstarlatam.com\/contenido\/producto\/parlante-amplificado-tpa200230ad\/\",\"url\":\"https:\/\/www.telstarlatam.com\/contenido\/producto\/parlante-amplificado-tpa200230ad\/\",\"name\":\"Parlante Amplificado TPA200230AD - Telstar Latinoam\u00e9rica | Electrodom\u00e9sticos\",\"isPartOf\":{\"@id\":\"https:\/\/www.telstarlatam.com\/contenido\/#website\"},\"primaryImageOfPage\":{\"@id\":\"https:\/\/www.telstarlatam.com\/contenido\/producto\/parlante-amplificado-tpa200230ad\/#primaryimage\"},\"datePublished\":\"2024-12-10T22:00:17+00:00\",\"dateModified\":\"2024-12-10T22:08:01+00:00\",\"breadcrumb\":{\"@id\":\"https:\/\/www.telstarlatam.com\/contenido\/producto\/parlante-amplificado-tpa200230ad\/#breadcrumb\"},\"inLanguage\":\"es\",\"potentialAction\":[{\"@type\":\"ReadAction\",\"target\":[\"https:\/\/www.telstarlatam.com\/contenido\/producto\/parlante-amplificado-tpa200230ad\/\"]}]},{\"@type\":\"BreadcrumbList\",\"@id\":\"https:\/\/www.telstarlatam.com\/contenido\/producto\/parlante-amplificado-tpa200230ad\/#breadcrumb\",\"itemListElement\":[{\"@type\":\"ListItem\",\"position\":1,\"name\":\"Inicio\",\"item\":\"https:\/\/www.telstarlatam.com\/contenido\/\"},{\"@type\":\"ListItem\",\"position\":2,\"name\":\"Encontr\u00e1 los mejores productos aqu\u00ed\",\"item\":\"https:\/\/www.telstarlatam.com\/contenido\/shop\/\"},{\"@type\":\"ListItem\",\"position\":3,\"name\":\"Parlante Amplificado TPA200230AD\"}]}]}<\/script>\n<!-- \/ Yoast SEO plugin. -->","yoast_head_json":{"title":"Parlante Amplificado TPA200230AD - Telstar Latinoam\u00e9rica | Electrodom\u00e9sticos","robots":{"index":"index","follow":"follow","max-snippet":"max-snippet:-1","max-image-preview":"max-image-preview:large","max-video-preview":"max-video-preview:-1"},"canonical":"https:\/\/www.telstarlatam.com\/contenido\/producto\/parlante-amplificado-tpa200230ad\/","og_locale":"es_MX","og_type":"article","og_title":"Parlante Amplificado TPA200230AD - Telstar Latinoam\u00e9rica | Electrodom\u00e9sticos","og_description":"\u00bb Bater\u00eda recargable. \u00bb Luces de fiestas apagables. \u00bb Altavoz Bluetooth de 18 pulgadas. \u00bb SD Card. \u00bb Tecnolog\u00eda SMD (Surface Mount Device). \u00bb Panel de control frontal. \u00bb Karaoke. \u00bb Control de altavoz. \u00bb Puerto USB. \u00bb Conexi\u00f3n Bluetooth. \u00bb Potencia PMPO: 8.000W.","og_url":"https:\/\/www.telstarlatam.com\/contenido\/producto\/parlante-amplificado-tpa200230ad\/","og_site_name":"Telstar Latinoam\u00e9rica | Electrodom\u00e9sticos","article_publisher":"https:\/\/www.facebook.com\/people\/Telstar-Latam\/61552901544272\/","article_modified_time":"2024-12-10T22:08:01+00:00","og_image":[{"width":1200,"height":1200,"url":"https:\/\/www.telstarlatam.com\/contenido\/wp-content\/uploads\/2024\/12\/parlante-amplificado-tpa200230ad-1.png","type":"image\/png"}],"twitter_card":"summary_large_image","schema":{"@context":"https:\/\/schema.org","@graph":[{"@type":"Organization","@id":"https:\/\/www.telstarlatam.com\/contenido\/#organization","name":"Telstar","url":"https:\/\/www.telstarlatam.com\/contenido\/","sameAs":["https:\/\/www.instagram.com\/telstar_la\/","https:\/\/www.youtube.com\/channel\/UCrvcIUZvyNDXwe1tXCdZKwQ","https:\/\/www.facebook.com\/people\/Telstar-Latam\/61552901544272\/"],"logo":{"@type":"ImageObject","inLanguage":"es","@id":"https:\/\/www.telstarlatam.com\/contenido\/#\/schema\/logo\/image\/","url":"https:\/\/www.telstarlatam.com\/contenido\/wp-content\/uploads\/2021\/07\/logo-telstar.png","contentUrl":"https:\/\/www.telstarlatam.com\/contenido\/wp-content\/uploads\/2021\/07\/logo-telstar.png","width":149,"height":55,"caption":"Telstar"},"image":{"@id":"https:\/\/www.telstarlatam.com\/contenido\/#\/schema\/logo\/image\/"}},{"@type":"WebSite","@id":"https:\/\/www.telstarlatam.com\/contenido\/#website","url":"https:\/\/www.telstarlatam.com\/contenido\/","name":"Telstar Latinoam\u00e9rica | Electrodom\u00e9sticos","description":"Electrodom\u00e9sticos Telstar La calidad no cuesta m\u00e1s","publisher":{"@id":"https:\/\/www.telstarlatam.com\/contenido\/#organization"},"potentialAction":[{"@type":"SearchAction","target":{"@type":"EntryPoint","urlTemplate":"https:\/\/www.telstarlatam.com\/contenido\/?s={search_term_string}"},"query-input":"required name=search_term_string"}],"inLanguage":"es"},{"@type":"ImageObject","inLanguage":"es","@id":"https:\/\/www.telstarlatam.com\/contenido\/producto\/parlante-amplificado-tpa200230ad\/#primaryimage","url":"https:\/\/www.telstarlatam.com\/contenido\/wp-content\/uploads\/2024\/12\/parlante-amplificado-tpa200230ad-1.png","contentUrl":"https:\/\/www.telstarlatam.com\/contenido\/wp-content\/uploads\/2024\/12\/parlante-amplificado-tpa200230ad-1.png","width":1200,"height":1200},{"@type":"WebPage","@id":"https:\/\/www.telstarlatam.com\/contenido\/producto\/parlante-amplificado-tpa200230ad\/","url":"https:\/\/www.telstarlatam.com\/contenido\/producto\/parlante-amplificado-tpa200230ad\/","name":"Parlante Amplificado TPA200230AD - Telstar Latinoam\u00e9rica | Electrodom\u00e9sticos","isPartOf":{"@id":"https:\/\/www.telstarlatam.com\/contenido\/#website"},"primaryImageOfPage":{"@id":"https:\/\/www.telstarlatam.com\/contenido\/producto\/parlante-amplificado-tpa200230ad\/#primaryimage"},"datePublished":"2024-12-10T22:00:17+00:00","dateModified":"2024-12-10T22:08:01+00:00","breadcrumb":{"@id":"https:\/\/www.telstarlatam.com\/contenido\/producto\/parlante-amplificado-tpa200230ad\/#breadcrumb"},"inLanguage":"es","potentialAction":[{"@type":"ReadAction","target":["https:\/\/www.telstarlatam.com\/contenido\/producto\/parlante-amplificado-tpa200230ad\/"]}]},{"@type":"BreadcrumbList","@id":"https:\/\/www.telstarlatam.com\/contenido\/producto\/parlante-amplificado-tpa200230ad\/#breadcrumb","itemListElement":[{"@type":"ListItem","position":1,"name":"Inicio","item":"https:\/\/www.telstarlatam.com\/contenido\/"},{"@type":"ListItem","position":2,"name":"Encontr\u00e1 los mejores productos aqu\u00ed","item":"https:\/\/www.telstarlatam.com\/contenido\/shop\/"},{"@type":"ListItem","position":3,"name":"Parlante Amplificado TPA200230AD"}]}]}},"_links":{"self":[{"href":"https:\/\/www.telstarlatam.com\/contenido\/wp-json\/wp\/v2\/product\/42476","targetHints":{"allow":["GET"]}}],"collection":[{"href":"https:\/\/www.telstarlatam.com\/contenido\/wp-json\/wp\/v2\/product"}],"about":[{"href":"https:\/\/www.telstarlatam.com\/contenido\/wp-json\/wp\/v2\/types\/product"}],"replies":[{"embeddable":true,"href":"https:\/\/www.telstarlatam.com\/contenido\/wp-json\/wp\/v2\/comments?post=42476"}],"wp:featuredmedia":[{"embeddable":true,"href":"https:\/\/www.telstarlatam.com\/contenido\/wp-json\/wp\/v2\/media\/42482"}],"wp:attachment":[{"href":"https:\/\/www.telstarlatam.com\/contenido\/wp-json\/wp\/v2\/media?parent=42476"}],"wp:term":[{"taxonomy":"product_cat","embeddable":true,"href":"https:\/\/www.telstarlatam.com\/contenido\/wp-json\/wp\/v2\/product_cat?post=42476"},{"taxonomy":"product_tag","embeddable":true,"href":"https:\/\/www.telstarlatam.com\/contenido\/wp-json\/wp\/v2\/product_tag?post=42476"}],"curies":[{"name":"wp","href":"https:\/\/api.w.org\/{rel}","templated":true}]}}