{"id":41729,"date":"2023-10-25T20:02:28","date_gmt":"2023-10-25T20:02:28","guid":{"rendered":"https:\/\/www.telstarlatam.com\/contenido\/?post_type=product&#038;p=41729"},"modified":"2025-09-11T22:10:23","modified_gmt":"2025-09-11T22:10:23","slug":"pantalla-smart-uhd-4k-58-pulgadas-ttk058495kk-ggtv","status":"publish","type":"product","link":"https:\/\/www.telstarlatam.com\/contenido\/producto\/pantalla-smart-uhd-4k-58-pulgadas-ttk058495kk-ggtv\/","title":{"rendered":"Pantalla Smart UHD 4K 58 pulgadas TTK058495KK GGTV+"},"content":{"rendered":"<p>[vc_row][vc_column][vc_column_text]<span style=\"color: #ff9900;\">\u00bb<\/span> Pantalla\u00a0 de 58 pulgadas con una resoluci\u00f3n de 3840 x 2160 y una frecuencia de actualizaci\u00f3n de 60Hz.<\/p>\n<p><span style=\"color: #ff9900;\">\u00bb<\/span> Sistema operativo: Android.<\/p>\n<p><span style=\"color: #ff9900;\">\u00bb<\/span> Chromecast built-in.<\/p>\n<p><span style=\"color: #ff9900;\">\u00bb<\/span> Sintonizador digital ISDB-Tb<\/p>\n<p><span style=\"color: #ff9900;\">\u00bb<\/span> Dolby Audio.<\/p>\n<p><span style=\"color: #ff9900;\">\u00bb<\/span>\u00a01 Puerto de entrada para antena (Aire\/Cable)<\/p>\n<p><span style=\"color: #ff9900;\">\u00bb<\/span> 1 Puerto de Salida spidf<\/p>\n<p><span style=\"color: #ff9900;\">\u00bb<\/span> 1 Puerto ethernet<\/p>\n<p><span style=\"color: #ff9900;\">\u00bb<\/span> 2 Puertos de USB 2.0<\/p>\n<p><span style=\"color: #ff9900;\">\u00bb<\/span> 2 Puertos HDMI \/ 1 HDMI (arc\/earc)<\/p>\n<p><span style=\"color: #ff9900;\">\u00bb<\/span> 1 Puerto para auriculares<\/p>\n<p><span style=\"color: #ff9900;\">\u00bb<\/span> 1 Puerto de entrada\u00a0 av<\/p>\n<p><span style=\"color: #ff9900;\">\u00bb<\/span> Google TV[\/vc_column_text][\/vc_column][\/vc_row]<\/p>\n","protected":false},"excerpt":{"rendered":"<p><a href=\"https:\/\/telstarlatam.com\/contenido\/wp-content\/uploads\/2021\/10\/MANUAL-TTS043490KK.pdf\" target=\"_blank\" rel=\"noopener\"><img loading=\"lazy\" decoding=\"async\" class=\"alignnone wp-image-1914 size-full\" src=\"https:\/\/www.telstarlatam.com\/contenido\/wp-content\/uploads\/2023\/10\/Boto\u2560un-Manual-Azul-1.jpg\" alt=\"\" width=\"199\" height=\"45\" \/><\/a><\/p>\n<p><a href=\"https:\/\/telstarlatam.com\/contenido\/repuestos-y-accesorios\/\"><img loading=\"lazy\" decoding=\"async\" class=\"alignnone size-full wp-image-1913\" src=\"https:\/\/www.telstarlatam.com\/contenido\/wp-content\/uploads\/2023\/10\/Boto\u2560un-Repuestos-Verde-1.jpg\" alt=\"\" width=\"265\" height=\"45\" \/><\/a><\/p>\n","protected":false},"featured_media":41731,"comment_status":"open","ping_status":"closed","template":"","meta":[],"product_cat":[26,23],"product_tag":[],"class_list":["post-41729","product","type-product","status-publish","has-post-thumbnail","hentry","product_cat-led-tv-hd-fhd","product_cat-pantallas-2","description-off"],"yoast_head":"<!-- This site is optimized with the Yoast SEO plugin v19.3 - https:\/\/yoast.com\/wordpress\/plugins\/seo\/ -->\n<title>Pantalla Smart UHD 4K 58 pulgadas TTK058495KK GGTV+ - Telstar Latinoam\u00e9rica | Electrodom\u00e9sticos<\/title>\n<meta name=\"robots\" content=\"index, follow, max-snippet:-1, max-image-preview:large, max-video-preview:-1\" \/>\n<link rel=\"canonical\" href=\"https:\/\/www.telstarlatam.com\/contenido\/producto\/pantalla-smart-uhd-4k-58-pulgadas-ttk058495kk-ggtv\/\" \/>\n<meta property=\"og:locale\" content=\"es_MX\" \/>\n<meta property=\"og:type\" content=\"article\" \/>\n<meta property=\"og:title\" content=\"Pantalla Smart UHD 4K 58 pulgadas TTK058495KK GGTV+ - Telstar Latinoam\u00e9rica | Electrodom\u00e9sticos\" \/>\n<meta property=\"og:url\" content=\"https:\/\/www.telstarlatam.com\/contenido\/producto\/pantalla-smart-uhd-4k-58-pulgadas-ttk058495kk-ggtv\/\" \/>\n<meta property=\"og:site_name\" content=\"Telstar Latinoam\u00e9rica | Electrodom\u00e9sticos\" \/>\n<meta property=\"article:publisher\" content=\"https:\/\/www.facebook.com\/people\/Telstar-Latam\/61552901544272\/\" \/>\n<meta property=\"article:modified_time\" content=\"2025-09-11T22:10:23+00:00\" \/>\n<meta property=\"og:image\" content=\"https:\/\/www.telstarlatam.com\/contenido\/wp-content\/uploads\/2023\/10\/pantalla-smart-uhd-4k-telstar-58-ttk058495kk-g-184542-1.jpg\" \/>\n\t<meta property=\"og:image:width\" content=\"1200\" \/>\n\t<meta property=\"og:image:height\" content=\"1200\" \/>\n\t<meta property=\"og:image:type\" content=\"image\/jpeg\" \/>\n<meta name=\"twitter:card\" content=\"summary_large_image\" \/>\n<script type=\"application\/ld+json\" class=\"yoast-schema-graph\">{\"@context\":\"https:\/\/schema.org\",\"@graph\":[{\"@type\":\"Organization\",\"@id\":\"https:\/\/www.telstarlatam.com\/contenido\/#organization\",\"name\":\"Telstar\",\"url\":\"https:\/\/www.telstarlatam.com\/contenido\/\",\"sameAs\":[\"https:\/\/www.instagram.com\/telstar_la\/\",\"https:\/\/www.youtube.com\/channel\/UCrvcIUZvyNDXwe1tXCdZKwQ\",\"https:\/\/www.facebook.com\/people\/Telstar-Latam\/61552901544272\/\"],\"logo\":{\"@type\":\"ImageObject\",\"inLanguage\":\"es\",\"@id\":\"https:\/\/www.telstarlatam.com\/contenido\/#\/schema\/logo\/image\/\",\"url\":\"https:\/\/www.telstarlatam.com\/contenido\/wp-content\/uploads\/2021\/07\/logo-telstar.png\",\"contentUrl\":\"https:\/\/www.telstarlatam.com\/contenido\/wp-content\/uploads\/2021\/07\/logo-telstar.png\",\"width\":149,\"height\":55,\"caption\":\"Telstar\"},\"image\":{\"@id\":\"https:\/\/www.telstarlatam.com\/contenido\/#\/schema\/logo\/image\/\"}},{\"@type\":\"WebSite\",\"@id\":\"https:\/\/www.telstarlatam.com\/contenido\/#website\",\"url\":\"https:\/\/www.telstarlatam.com\/contenido\/\",\"name\":\"Telstar Latinoam\u00e9rica | Electrodom\u00e9sticos\",\"description\":\"Electrodom\u00e9sticos Telstar La calidad no cuesta m\u00e1s\",\"publisher\":{\"@id\":\"https:\/\/www.telstarlatam.com\/contenido\/#organization\"},\"potentialAction\":[{\"@type\":\"SearchAction\",\"target\":{\"@type\":\"EntryPoint\",\"urlTemplate\":\"https:\/\/www.telstarlatam.com\/contenido\/?s={search_term_string}\"},\"query-input\":\"required name=search_term_string\"}],\"inLanguage\":\"es\"},{\"@type\":\"ImageObject\",\"inLanguage\":\"es\",\"@id\":\"https:\/\/www.telstarlatam.com\/contenido\/producto\/pantalla-smart-uhd-4k-58-pulgadas-ttk058495kk-ggtv\/#primaryimage\",\"url\":\"https:\/\/www.telstarlatam.com\/contenido\/wp-content\/uploads\/2023\/10\/pantalla-smart-uhd-4k-telstar-58-ttk058495kk-g-184542-1.jpg\",\"contentUrl\":\"https:\/\/www.telstarlatam.com\/contenido\/wp-content\/uploads\/2023\/10\/pantalla-smart-uhd-4k-telstar-58-ttk058495kk-g-184542-1.jpg\",\"width\":1200,\"height\":1200},{\"@type\":\"WebPage\",\"@id\":\"https:\/\/www.telstarlatam.com\/contenido\/producto\/pantalla-smart-uhd-4k-58-pulgadas-ttk058495kk-ggtv\/\",\"url\":\"https:\/\/www.telstarlatam.com\/contenido\/producto\/pantalla-smart-uhd-4k-58-pulgadas-ttk058495kk-ggtv\/\",\"name\":\"Pantalla Smart UHD 4K 58 pulgadas TTK058495KK GGTV+ - Telstar Latinoam\u00e9rica | Electrodom\u00e9sticos\",\"isPartOf\":{\"@id\":\"https:\/\/www.telstarlatam.com\/contenido\/#website\"},\"primaryImageOfPage\":{\"@id\":\"https:\/\/www.telstarlatam.com\/contenido\/producto\/pantalla-smart-uhd-4k-58-pulgadas-ttk058495kk-ggtv\/#primaryimage\"},\"datePublished\":\"2023-10-25T20:02:28+00:00\",\"dateModified\":\"2025-09-11T22:10:23+00:00\",\"breadcrumb\":{\"@id\":\"https:\/\/www.telstarlatam.com\/contenido\/producto\/pantalla-smart-uhd-4k-58-pulgadas-ttk058495kk-ggtv\/#breadcrumb\"},\"inLanguage\":\"es\",\"potentialAction\":[{\"@type\":\"ReadAction\",\"target\":[\"https:\/\/www.telstarlatam.com\/contenido\/producto\/pantalla-smart-uhd-4k-58-pulgadas-ttk058495kk-ggtv\/\"]}]},{\"@type\":\"BreadcrumbList\",\"@id\":\"https:\/\/www.telstarlatam.com\/contenido\/producto\/pantalla-smart-uhd-4k-58-pulgadas-ttk058495kk-ggtv\/#breadcrumb\",\"itemListElement\":[{\"@type\":\"ListItem\",\"position\":1,\"name\":\"Inicio\",\"item\":\"https:\/\/www.telstarlatam.com\/contenido\/\"},{\"@type\":\"ListItem\",\"position\":2,\"name\":\"Encontr\u00e1 los mejores productos aqu\u00ed\",\"item\":\"https:\/\/www.telstarlatam.com\/contenido\/shop\/\"},{\"@type\":\"ListItem\",\"position\":3,\"name\":\"Pantalla Smart UHD 4K 58 pulgadas TTK058495KK GGTV+\"}]}]}<\/script>\n<!-- \/ Yoast SEO plugin. -->","yoast_head_json":{"title":"Pantalla Smart UHD 4K 58 pulgadas TTK058495KK GGTV+ - Telstar Latinoam\u00e9rica | Electrodom\u00e9sticos","robots":{"index":"index","follow":"follow","max-snippet":"max-snippet:-1","max-image-preview":"max-image-preview:large","max-video-preview":"max-video-preview:-1"},"canonical":"https:\/\/www.telstarlatam.com\/contenido\/producto\/pantalla-smart-uhd-4k-58-pulgadas-ttk058495kk-ggtv\/","og_locale":"es_MX","og_type":"article","og_title":"Pantalla Smart UHD 4K 58 pulgadas TTK058495KK GGTV+ - Telstar Latinoam\u00e9rica | Electrodom\u00e9sticos","og_url":"https:\/\/www.telstarlatam.com\/contenido\/producto\/pantalla-smart-uhd-4k-58-pulgadas-ttk058495kk-ggtv\/","og_site_name":"Telstar Latinoam\u00e9rica | Electrodom\u00e9sticos","article_publisher":"https:\/\/www.facebook.com\/people\/Telstar-Latam\/61552901544272\/","article_modified_time":"2025-09-11T22:10:23+00:00","og_image":[{"width":1200,"height":1200,"url":"https:\/\/www.telstarlatam.com\/contenido\/wp-content\/uploads\/2023\/10\/pantalla-smart-uhd-4k-telstar-58-ttk058495kk-g-184542-1.jpg","type":"image\/jpeg"}],"twitter_card":"summary_large_image","schema":{"@context":"https:\/\/schema.org","@graph":[{"@type":"Organization","@id":"https:\/\/www.telstarlatam.com\/contenido\/#organization","name":"Telstar","url":"https:\/\/www.telstarlatam.com\/contenido\/","sameAs":["https:\/\/www.instagram.com\/telstar_la\/","https:\/\/www.youtube.com\/channel\/UCrvcIUZvyNDXwe1tXCdZKwQ","https:\/\/www.facebook.com\/people\/Telstar-Latam\/61552901544272\/"],"logo":{"@type":"ImageObject","inLanguage":"es","@id":"https:\/\/www.telstarlatam.com\/contenido\/#\/schema\/logo\/image\/","url":"https:\/\/www.telstarlatam.com\/contenido\/wp-content\/uploads\/2021\/07\/logo-telstar.png","contentUrl":"https:\/\/www.telstarlatam.com\/contenido\/wp-content\/uploads\/2021\/07\/logo-telstar.png","width":149,"height":55,"caption":"Telstar"},"image":{"@id":"https:\/\/www.telstarlatam.com\/contenido\/#\/schema\/logo\/image\/"}},{"@type":"WebSite","@id":"https:\/\/www.telstarlatam.com\/contenido\/#website","url":"https:\/\/www.telstarlatam.com\/contenido\/","name":"Telstar Latinoam\u00e9rica | Electrodom\u00e9sticos","description":"Electrodom\u00e9sticos Telstar La calidad no cuesta m\u00e1s","publisher":{"@id":"https:\/\/www.telstarlatam.com\/contenido\/#organization"},"potentialAction":[{"@type":"SearchAction","target":{"@type":"EntryPoint","urlTemplate":"https:\/\/www.telstarlatam.com\/contenido\/?s={search_term_string}"},"query-input":"required name=search_term_string"}],"inLanguage":"es"},{"@type":"ImageObject","inLanguage":"es","@id":"https:\/\/www.telstarlatam.com\/contenido\/producto\/pantalla-smart-uhd-4k-58-pulgadas-ttk058495kk-ggtv\/#primaryimage","url":"https:\/\/www.telstarlatam.com\/contenido\/wp-content\/uploads\/2023\/10\/pantalla-smart-uhd-4k-telstar-58-ttk058495kk-g-184542-1.jpg","contentUrl":"https:\/\/www.telstarlatam.com\/contenido\/wp-content\/uploads\/2023\/10\/pantalla-smart-uhd-4k-telstar-58-ttk058495kk-g-184542-1.jpg","width":1200,"height":1200},{"@type":"WebPage","@id":"https:\/\/www.telstarlatam.com\/contenido\/producto\/pantalla-smart-uhd-4k-58-pulgadas-ttk058495kk-ggtv\/","url":"https:\/\/www.telstarlatam.com\/contenido\/producto\/pantalla-smart-uhd-4k-58-pulgadas-ttk058495kk-ggtv\/","name":"Pantalla Smart UHD 4K 58 pulgadas TTK058495KK GGTV+ - Telstar Latinoam\u00e9rica | Electrodom\u00e9sticos","isPartOf":{"@id":"https:\/\/www.telstarlatam.com\/contenido\/#website"},"primaryImageOfPage":{"@id":"https:\/\/www.telstarlatam.com\/contenido\/producto\/pantalla-smart-uhd-4k-58-pulgadas-ttk058495kk-ggtv\/#primaryimage"},"datePublished":"2023-10-25T20:02:28+00:00","dateModified":"2025-09-11T22:10:23+00:00","breadcrumb":{"@id":"https:\/\/www.telstarlatam.com\/contenido\/producto\/pantalla-smart-uhd-4k-58-pulgadas-ttk058495kk-ggtv\/#breadcrumb"},"inLanguage":"es","potentialAction":[{"@type":"ReadAction","target":["https:\/\/www.telstarlatam.com\/contenido\/producto\/pantalla-smart-uhd-4k-58-pulgadas-ttk058495kk-ggtv\/"]}]},{"@type":"BreadcrumbList","@id":"https:\/\/www.telstarlatam.com\/contenido\/producto\/pantalla-smart-uhd-4k-58-pulgadas-ttk058495kk-ggtv\/#breadcrumb","itemListElement":[{"@type":"ListItem","position":1,"name":"Inicio","item":"https:\/\/www.telstarlatam.com\/contenido\/"},{"@type":"ListItem","position":2,"name":"Encontr\u00e1 los mejores productos aqu\u00ed","item":"https:\/\/www.telstarlatam.com\/contenido\/shop\/"},{"@type":"ListItem","position":3,"name":"Pantalla Smart UHD 4K 58 pulgadas TTK058495KK GGTV+"}]}]}},"_links":{"self":[{"href":"https:\/\/www.telstarlatam.com\/contenido\/wp-json\/wp\/v2\/product\/41729","targetHints":{"allow":["GET"]}}],"collection":[{"href":"https:\/\/www.telstarlatam.com\/contenido\/wp-json\/wp\/v2\/product"}],"about":[{"href":"https:\/\/www.telstarlatam.com\/contenido\/wp-json\/wp\/v2\/types\/product"}],"replies":[{"embeddable":true,"href":"https:\/\/www.telstarlatam.com\/contenido\/wp-json\/wp\/v2\/comments?post=41729"}],"wp:featuredmedia":[{"embeddable":true,"href":"https:\/\/www.telstarlatam.com\/contenido\/wp-json\/wp\/v2\/media\/41731"}],"wp:attachment":[{"href":"https:\/\/www.telstarlatam.com\/contenido\/wp-json\/wp\/v2\/media?parent=41729"}],"wp:term":[{"taxonomy":"product_cat","embeddable":true,"href":"https:\/\/www.telstarlatam.com\/contenido\/wp-json\/wp\/v2\/product_cat?post=41729"},{"taxonomy":"product_tag","embeddable":true,"href":"https:\/\/www.telstarlatam.com\/contenido\/wp-json\/wp\/v2\/product_tag?post=41729"}],"curies":[{"name":"wp","href":"https:\/\/api.w.org\/{rel}","templated":true}]}}