{"id":3956,"date":"2022-07-27T21:55:52","date_gmt":"2022-07-27T21:55:52","guid":{"rendered":"https:\/\/www.telstarlatam.com\/contenido\/?post_type=product&#038;p=3956"},"modified":"2025-01-13T21:29:29","modified_gmt":"2025-01-13T21:29:29","slug":"pantalla-smart-hd-32-pulgadas-tts032490kk","status":"publish","type":"product","link":"https:\/\/www.telstarlatam.com\/contenido\/producto\/pantalla-smart-hd-32-pulgadas-tts032490kk\/","title":{"rendered":"Pantalla Smart HD 32 pulgadas TTS032490KK"},"content":{"rendered":"<p>\u00bb Pantalla de 32 pulgadas con resoluci\u00f3n HD.<\/p>\n<p>\u00bb\u00a0Sistema operativo: Linux.<\/p>\n<p>\u00bb\u00a0Wi-Fi.<\/p>\n<p>\u00bb\u00a0Procesador: 6 Core.<\/p>\n<p>\u00bb\u00a0Sonido 3D.<\/p>\n<p>\u00bb\u00a0Marco Ultra delgado.<\/p>\n<p>\u00bb\u00a0Kid Mode.<\/p>\n<p>\u00bb\u00a0Procesador de video 64 Bit.<\/p>\n<p>\u00bb\u00a0Bocinas ocultas.<\/p>\n<p>\u00bb\u00a0Visi\u00f3n optima de colores.<\/p>\n<p>\u00bb Screen Cast.<\/p>\n<p>\u00bb Sintonizador: ISDTB Jap\u00f3n-Brasil.<\/p>\n<p>\u00bb 3 HDMI, 2 USB, 1 Coaxial, 1 PC Audio.<\/p>\n<p>\u00bb\u00a0Garant\u00eda: 2 a\u00f1os.<\/p>\n","protected":false},"excerpt":{"rendered":"<p>\u00bb Pantalla de 32 pulgadas con resoluci\u00f3n HD. \u00bb\u00a0Sistema operativo: Linux. \u00bb\u00a0Wi-Fi. \u00bb\u00a0Procesador: 6 Core. \u00bb\u00a0Sonido 3D. \u00bb\u00a0Marco Ultra delgado. \u00bb\u00a0Kid Mode. \u00bb\u00a0Procesador de video 64 Bit. \u00bb\u00a0Bocinas ocultas. \u00bb\u00a0Visi\u00f3n optima de colores. \u00bb Screen Cast. \u00bb Sintonizador: ISDTB Jap\u00f3n-Brasil. \u00bb 3 HDMI, 2 USB, 1 Coaxial, 1 PC Audio. \u00bb\u00a0Garant\u00eda: 2 a\u00f1os.<\/p>\n","protected":false},"featured_media":3958,"comment_status":"open","ping_status":"closed","template":"","meta":[],"product_cat":[23,25],"product_tag":[],"class_list":["post-3956","product","type-product","status-publish","has-post-thumbnail","hentry","product_cat-pantallas-2","product_cat-smart-tv","description-off"],"yoast_head":"<!-- This site is optimized with the Yoast SEO plugin v19.3 - https:\/\/yoast.com\/wordpress\/plugins\/seo\/ -->\n<title>Pantalla Smart HD 32 pulgadas TTS032490KK - Telstar Latinoam\u00e9rica | Electrodom\u00e9sticos<\/title>\n<meta name=\"robots\" content=\"index, follow, max-snippet:-1, max-image-preview:large, max-video-preview:-1\" \/>\n<link rel=\"canonical\" href=\"https:\/\/www.telstarlatam.com\/contenido\/producto\/pantalla-smart-hd-32-pulgadas-tts032490kk\/\" \/>\n<meta property=\"og:locale\" content=\"es_MX\" \/>\n<meta property=\"og:type\" content=\"article\" \/>\n<meta property=\"og:title\" content=\"Pantalla Smart HD 32 pulgadas TTS032490KK - Telstar Latinoam\u00e9rica | Electrodom\u00e9sticos\" \/>\n<meta property=\"og:description\" content=\"\u00bb Pantalla de 32 pulgadas con resoluci\u00f3n HD. \u00bb\u00a0Sistema operativo: Linux. \u00bb\u00a0Wi-Fi. \u00bb\u00a0Procesador: 6 Core. \u00bb\u00a0Sonido 3D. \u00bb\u00a0Marco Ultra delgado. \u00bb\u00a0Kid Mode. \u00bb\u00a0Procesador de video 64 Bit. \u00bb\u00a0Bocinas ocultas. \u00bb\u00a0Visi\u00f3n optima de colores. \u00bb Screen Cast. \u00bb Sintonizador: ISDTB Jap\u00f3n-Brasil. \u00bb 3 HDMI, 2 USB, 1 Coaxial, 1 PC Audio. \u00bb\u00a0Garant\u00eda: 2 a\u00f1os.\" \/>\n<meta property=\"og:url\" content=\"https:\/\/www.telstarlatam.com\/contenido\/producto\/pantalla-smart-hd-32-pulgadas-tts032490kk\/\" \/>\n<meta property=\"og:site_name\" content=\"Telstar Latinoam\u00e9rica | Electrodom\u00e9sticos\" \/>\n<meta property=\"article:publisher\" content=\"https:\/\/www.facebook.com\/people\/Telstar-Latam\/61552901544272\/\" \/>\n<meta property=\"article:modified_time\" content=\"2025-01-13T21:29:29+00:00\" \/>\n<meta property=\"og:image\" content=\"https:\/\/www.telstarlatam.com\/contenido\/wp-content\/uploads\/2022\/07\/pantalla-smart-hd-telstar-40-pulgadas-tts040490kk-171112-1-frontal-1.jpg\" \/>\n\t<meta property=\"og:image:width\" content=\"1200\" \/>\n\t<meta property=\"og:image:height\" content=\"1200\" \/>\n\t<meta property=\"og:image:type\" content=\"image\/jpeg\" \/>\n<meta name=\"twitter:card\" content=\"summary_large_image\" \/>\n<script type=\"application\/ld+json\" class=\"yoast-schema-graph\">{\"@context\":\"https:\/\/schema.org\",\"@graph\":[{\"@type\":\"Organization\",\"@id\":\"https:\/\/www.telstarlatam.com\/contenido\/#organization\",\"name\":\"Telstar\",\"url\":\"https:\/\/www.telstarlatam.com\/contenido\/\",\"sameAs\":[\"https:\/\/www.instagram.com\/telstar_la\/\",\"https:\/\/www.youtube.com\/channel\/UCrvcIUZvyNDXwe1tXCdZKwQ\",\"https:\/\/www.facebook.com\/people\/Telstar-Latam\/61552901544272\/\"],\"logo\":{\"@type\":\"ImageObject\",\"inLanguage\":\"es\",\"@id\":\"https:\/\/www.telstarlatam.com\/contenido\/#\/schema\/logo\/image\/\",\"url\":\"https:\/\/www.telstarlatam.com\/contenido\/wp-content\/uploads\/2021\/07\/logo-telstar.png\",\"contentUrl\":\"https:\/\/www.telstarlatam.com\/contenido\/wp-content\/uploads\/2021\/07\/logo-telstar.png\",\"width\":149,\"height\":55,\"caption\":\"Telstar\"},\"image\":{\"@id\":\"https:\/\/www.telstarlatam.com\/contenido\/#\/schema\/logo\/image\/\"}},{\"@type\":\"WebSite\",\"@id\":\"https:\/\/www.telstarlatam.com\/contenido\/#website\",\"url\":\"https:\/\/www.telstarlatam.com\/contenido\/\",\"name\":\"Telstar Latinoam\u00e9rica | Electrodom\u00e9sticos\",\"description\":\"Electrodom\u00e9sticos Telstar La calidad no cuesta m\u00e1s\",\"publisher\":{\"@id\":\"https:\/\/www.telstarlatam.com\/contenido\/#organization\"},\"potentialAction\":[{\"@type\":\"SearchAction\",\"target\":{\"@type\":\"EntryPoint\",\"urlTemplate\":\"https:\/\/www.telstarlatam.com\/contenido\/?s={search_term_string}\"},\"query-input\":\"required name=search_term_string\"}],\"inLanguage\":\"es\"},{\"@type\":\"ImageObject\",\"inLanguage\":\"es\",\"@id\":\"https:\/\/www.telstarlatam.com\/contenido\/producto\/pantalla-smart-hd-32-pulgadas-tts032490kk\/#primaryimage\",\"url\":\"https:\/\/www.telstarlatam.com\/contenido\/wp-content\/uploads\/2022\/07\/pantalla-smart-hd-telstar-40-pulgadas-tts040490kk-171112-1-frontal-1.jpg\",\"contentUrl\":\"https:\/\/www.telstarlatam.com\/contenido\/wp-content\/uploads\/2022\/07\/pantalla-smart-hd-telstar-40-pulgadas-tts040490kk-171112-1-frontal-1.jpg\",\"width\":1200,\"height\":1200},{\"@type\":\"WebPage\",\"@id\":\"https:\/\/www.telstarlatam.com\/contenido\/producto\/pantalla-smart-hd-32-pulgadas-tts032490kk\/\",\"url\":\"https:\/\/www.telstarlatam.com\/contenido\/producto\/pantalla-smart-hd-32-pulgadas-tts032490kk\/\",\"name\":\"Pantalla Smart HD 32 pulgadas TTS032490KK - Telstar Latinoam\u00e9rica | Electrodom\u00e9sticos\",\"isPartOf\":{\"@id\":\"https:\/\/www.telstarlatam.com\/contenido\/#website\"},\"primaryImageOfPage\":{\"@id\":\"https:\/\/www.telstarlatam.com\/contenido\/producto\/pantalla-smart-hd-32-pulgadas-tts032490kk\/#primaryimage\"},\"datePublished\":\"2022-07-27T21:55:52+00:00\",\"dateModified\":\"2025-01-13T21:29:29+00:00\",\"breadcrumb\":{\"@id\":\"https:\/\/www.telstarlatam.com\/contenido\/producto\/pantalla-smart-hd-32-pulgadas-tts032490kk\/#breadcrumb\"},\"inLanguage\":\"es\",\"potentialAction\":[{\"@type\":\"ReadAction\",\"target\":[\"https:\/\/www.telstarlatam.com\/contenido\/producto\/pantalla-smart-hd-32-pulgadas-tts032490kk\/\"]}]},{\"@type\":\"BreadcrumbList\",\"@id\":\"https:\/\/www.telstarlatam.com\/contenido\/producto\/pantalla-smart-hd-32-pulgadas-tts032490kk\/#breadcrumb\",\"itemListElement\":[{\"@type\":\"ListItem\",\"position\":1,\"name\":\"Inicio\",\"item\":\"https:\/\/www.telstarlatam.com\/contenido\/\"},{\"@type\":\"ListItem\",\"position\":2,\"name\":\"Encontr\u00e1 los mejores productos aqu\u00ed\",\"item\":\"https:\/\/www.telstarlatam.com\/contenido\/shop\/\"},{\"@type\":\"ListItem\",\"position\":3,\"name\":\"Pantalla Smart HD 32 pulgadas TTS032490KK\"}]}]}<\/script>\n<!-- \/ Yoast SEO plugin. -->","yoast_head_json":{"title":"Pantalla Smart HD 32 pulgadas TTS032490KK - Telstar Latinoam\u00e9rica | Electrodom\u00e9sticos","robots":{"index":"index","follow":"follow","max-snippet":"max-snippet:-1","max-image-preview":"max-image-preview:large","max-video-preview":"max-video-preview:-1"},"canonical":"https:\/\/www.telstarlatam.com\/contenido\/producto\/pantalla-smart-hd-32-pulgadas-tts032490kk\/","og_locale":"es_MX","og_type":"article","og_title":"Pantalla Smart HD 32 pulgadas TTS032490KK - Telstar Latinoam\u00e9rica | Electrodom\u00e9sticos","og_description":"\u00bb Pantalla de 32 pulgadas con resoluci\u00f3n HD. \u00bb\u00a0Sistema operativo: Linux. \u00bb\u00a0Wi-Fi. \u00bb\u00a0Procesador: 6 Core. \u00bb\u00a0Sonido 3D. \u00bb\u00a0Marco Ultra delgado. \u00bb\u00a0Kid Mode. \u00bb\u00a0Procesador de video 64 Bit. \u00bb\u00a0Bocinas ocultas. \u00bb\u00a0Visi\u00f3n optima de colores. \u00bb Screen Cast. \u00bb Sintonizador: ISDTB Jap\u00f3n-Brasil. \u00bb 3 HDMI, 2 USB, 1 Coaxial, 1 PC Audio. \u00bb\u00a0Garant\u00eda: 2 a\u00f1os.","og_url":"https:\/\/www.telstarlatam.com\/contenido\/producto\/pantalla-smart-hd-32-pulgadas-tts032490kk\/","og_site_name":"Telstar Latinoam\u00e9rica | Electrodom\u00e9sticos","article_publisher":"https:\/\/www.facebook.com\/people\/Telstar-Latam\/61552901544272\/","article_modified_time":"2025-01-13T21:29:29+00:00","og_image":[{"width":1200,"height":1200,"url":"https:\/\/www.telstarlatam.com\/contenido\/wp-content\/uploads\/2022\/07\/pantalla-smart-hd-telstar-40-pulgadas-tts040490kk-171112-1-frontal-1.jpg","type":"image\/jpeg"}],"twitter_card":"summary_large_image","schema":{"@context":"https:\/\/schema.org","@graph":[{"@type":"Organization","@id":"https:\/\/www.telstarlatam.com\/contenido\/#organization","name":"Telstar","url":"https:\/\/www.telstarlatam.com\/contenido\/","sameAs":["https:\/\/www.instagram.com\/telstar_la\/","https:\/\/www.youtube.com\/channel\/UCrvcIUZvyNDXwe1tXCdZKwQ","https:\/\/www.facebook.com\/people\/Telstar-Latam\/61552901544272\/"],"logo":{"@type":"ImageObject","inLanguage":"es","@id":"https:\/\/www.telstarlatam.com\/contenido\/#\/schema\/logo\/image\/","url":"https:\/\/www.telstarlatam.com\/contenido\/wp-content\/uploads\/2021\/07\/logo-telstar.png","contentUrl":"https:\/\/www.telstarlatam.com\/contenido\/wp-content\/uploads\/2021\/07\/logo-telstar.png","width":149,"height":55,"caption":"Telstar"},"image":{"@id":"https:\/\/www.telstarlatam.com\/contenido\/#\/schema\/logo\/image\/"}},{"@type":"WebSite","@id":"https:\/\/www.telstarlatam.com\/contenido\/#website","url":"https:\/\/www.telstarlatam.com\/contenido\/","name":"Telstar Latinoam\u00e9rica | Electrodom\u00e9sticos","description":"Electrodom\u00e9sticos Telstar La calidad no cuesta m\u00e1s","publisher":{"@id":"https:\/\/www.telstarlatam.com\/contenido\/#organization"},"potentialAction":[{"@type":"SearchAction","target":{"@type":"EntryPoint","urlTemplate":"https:\/\/www.telstarlatam.com\/contenido\/?s={search_term_string}"},"query-input":"required name=search_term_string"}],"inLanguage":"es"},{"@type":"ImageObject","inLanguage":"es","@id":"https:\/\/www.telstarlatam.com\/contenido\/producto\/pantalla-smart-hd-32-pulgadas-tts032490kk\/#primaryimage","url":"https:\/\/www.telstarlatam.com\/contenido\/wp-content\/uploads\/2022\/07\/pantalla-smart-hd-telstar-40-pulgadas-tts040490kk-171112-1-frontal-1.jpg","contentUrl":"https:\/\/www.telstarlatam.com\/contenido\/wp-content\/uploads\/2022\/07\/pantalla-smart-hd-telstar-40-pulgadas-tts040490kk-171112-1-frontal-1.jpg","width":1200,"height":1200},{"@type":"WebPage","@id":"https:\/\/www.telstarlatam.com\/contenido\/producto\/pantalla-smart-hd-32-pulgadas-tts032490kk\/","url":"https:\/\/www.telstarlatam.com\/contenido\/producto\/pantalla-smart-hd-32-pulgadas-tts032490kk\/","name":"Pantalla Smart HD 32 pulgadas TTS032490KK - Telstar Latinoam\u00e9rica | Electrodom\u00e9sticos","isPartOf":{"@id":"https:\/\/www.telstarlatam.com\/contenido\/#website"},"primaryImageOfPage":{"@id":"https:\/\/www.telstarlatam.com\/contenido\/producto\/pantalla-smart-hd-32-pulgadas-tts032490kk\/#primaryimage"},"datePublished":"2022-07-27T21:55:52+00:00","dateModified":"2025-01-13T21:29:29+00:00","breadcrumb":{"@id":"https:\/\/www.telstarlatam.com\/contenido\/producto\/pantalla-smart-hd-32-pulgadas-tts032490kk\/#breadcrumb"},"inLanguage":"es","potentialAction":[{"@type":"ReadAction","target":["https:\/\/www.telstarlatam.com\/contenido\/producto\/pantalla-smart-hd-32-pulgadas-tts032490kk\/"]}]},{"@type":"BreadcrumbList","@id":"https:\/\/www.telstarlatam.com\/contenido\/producto\/pantalla-smart-hd-32-pulgadas-tts032490kk\/#breadcrumb","itemListElement":[{"@type":"ListItem","position":1,"name":"Inicio","item":"https:\/\/www.telstarlatam.com\/contenido\/"},{"@type":"ListItem","position":2,"name":"Encontr\u00e1 los mejores productos aqu\u00ed","item":"https:\/\/www.telstarlatam.com\/contenido\/shop\/"},{"@type":"ListItem","position":3,"name":"Pantalla Smart HD 32 pulgadas TTS032490KK"}]}]}},"_links":{"self":[{"href":"https:\/\/www.telstarlatam.com\/contenido\/wp-json\/wp\/v2\/product\/3956","targetHints":{"allow":["GET"]}}],"collection":[{"href":"https:\/\/www.telstarlatam.com\/contenido\/wp-json\/wp\/v2\/product"}],"about":[{"href":"https:\/\/www.telstarlatam.com\/contenido\/wp-json\/wp\/v2\/types\/product"}],"replies":[{"embeddable":true,"href":"https:\/\/www.telstarlatam.com\/contenido\/wp-json\/wp\/v2\/comments?post=3956"}],"wp:featuredmedia":[{"embeddable":true,"href":"https:\/\/www.telstarlatam.com\/contenido\/wp-json\/wp\/v2\/media\/3958"}],"wp:attachment":[{"href":"https:\/\/www.telstarlatam.com\/contenido\/wp-json\/wp\/v2\/media?parent=3956"}],"wp:term":[{"taxonomy":"product_cat","embeddable":true,"href":"https:\/\/www.telstarlatam.com\/contenido\/wp-json\/wp\/v2\/product_cat?post=3956"},{"taxonomy":"product_tag","embeddable":true,"href":"https:\/\/www.telstarlatam.com\/contenido\/wp-json\/wp\/v2\/product_tag?post=3956"}],"curies":[{"name":"wp","href":"https:\/\/api.w.org\/{rel}","templated":true}]}}