{"id":262,"date":"2021-05-13T23:02:35","date_gmt":"2021-05-13T23:02:35","guid":{"rendered":"https:\/\/calidadtelstar.com\/contenido\/?product=pantalla-smart-uhd-4k-telstar-58-pulgadas-ttk058290kk"},"modified":"2025-03-10T16:18:25","modified_gmt":"2025-03-10T16:18:25","slug":"pantalla-smart-uhd-4k-telstar-58-pulgadas-ttk058290kk","status":"publish","type":"product","link":"https:\/\/www.telstarlatam.com\/contenido\/producto\/pantalla-smart-uhd-4k-telstar-58-pulgadas-ttk058290kk\/","title":{"rendered":"Pantalla Smart UHD 4K 58 pulgadas TTK058290KK"},"content":{"rendered":"<p>\u00bb Pantalla UHD 4K 58 Pulgadas.<\/p>\n<p>\u00bb Resoluci\u00f3n: 3840 x 2160.<\/p>\n<p>\u00bb Sintonizador Digital ISDB-Tb Jap\u00f3n Brasil.<\/p>\n<p>\u00bb Compatibilidad: Netflix, Youtube, Disney +.<\/p>\n<p>\u00bb Bluetooth.<\/p>\n<p>\u00bb Wi-Fi.<\/p>\n<p>\u00bb 3 HDMI, 2 USB, 1 Coaxial, 1 PC Audio.<\/p>\n<p>\u00bb Marco Ultra delgado.<\/p>\n<p>\u00bb\u00a0Garant\u00eda: 2 a\u00f1os.<\/p>\n<p>&nbsp;<\/p>\n<p>&nbsp;<\/p>\n","protected":false},"excerpt":{"rendered":"<p>&nbsp;<\/p>\n<p><a href=\"https:\/\/telstarlatam.com\/contenido\/repuestos-y-accesorios\/\"><img loading=\"lazy\" decoding=\"async\" class=\"alignnone size-full wp-image-1913\" src=\"https:\/\/www.telstarlatam.com\/contenido\/wp-content\/uploads\/2023\/10\/Boto\u2560un-Repuestos-Verde-1.jpg\" alt=\"\" width=\"265\" height=\"45\" \/><\/a><\/p>\n","protected":false},"featured_media":2820,"comment_status":"open","ping_status":"closed","template":"","meta":[],"product_cat":[24,23],"product_tag":[],"class_list":["post-262","product","type-product","status-publish","has-post-thumbnail","hentry","product_cat-4k-smart-uhd-tv","product_cat-pantallas-2","description-off"],"yoast_head":"<!-- This site is optimized with the Yoast SEO plugin v19.3 - https:\/\/yoast.com\/wordpress\/plugins\/seo\/ -->\n<title>Pantalla Smart UHD 4K 58 pulgadas TTK058290KK - Telstar Latinoam\u00e9rica | Electrodom\u00e9sticos<\/title>\n<meta name=\"robots\" content=\"index, follow, max-snippet:-1, max-image-preview:large, max-video-preview:-1\" \/>\n<link rel=\"canonical\" href=\"https:\/\/www.telstarlatam.com\/contenido\/producto\/pantalla-smart-uhd-4k-telstar-58-pulgadas-ttk058290kk\/\" \/>\n<meta property=\"og:locale\" content=\"es_MX\" \/>\n<meta property=\"og:type\" content=\"article\" \/>\n<meta property=\"og:title\" content=\"Pantalla Smart UHD 4K 58 pulgadas TTK058290KK - Telstar Latinoam\u00e9rica | Electrodom\u00e9sticos\" \/>\n<meta property=\"og:description\" content=\"&nbsp;\" \/>\n<meta property=\"og:url\" content=\"https:\/\/www.telstarlatam.com\/contenido\/producto\/pantalla-smart-uhd-4k-telstar-58-pulgadas-ttk058290kk\/\" \/>\n<meta property=\"og:site_name\" content=\"Telstar Latinoam\u00e9rica | Electrodom\u00e9sticos\" \/>\n<meta property=\"article:publisher\" content=\"https:\/\/www.facebook.com\/people\/Telstar-Latam\/61552901544272\/\" \/>\n<meta property=\"article:modified_time\" content=\"2025-03-10T16:18:25+00:00\" \/>\n<meta property=\"og:image\" content=\"https:\/\/www.telstarlatam.com\/contenido\/wp-content\/uploads\/2021\/05\/TTK058290KK.png\" \/>\n\t<meta property=\"og:image:width\" content=\"900\" \/>\n\t<meta property=\"og:image:height\" content=\"900\" \/>\n\t<meta property=\"og:image:type\" content=\"image\/png\" \/>\n<meta name=\"twitter:card\" content=\"summary_large_image\" \/>\n<script type=\"application\/ld+json\" class=\"yoast-schema-graph\">{\"@context\":\"https:\/\/schema.org\",\"@graph\":[{\"@type\":\"Organization\",\"@id\":\"https:\/\/www.telstarlatam.com\/contenido\/#organization\",\"name\":\"Telstar\",\"url\":\"https:\/\/www.telstarlatam.com\/contenido\/\",\"sameAs\":[\"https:\/\/www.instagram.com\/telstar_la\/\",\"https:\/\/www.youtube.com\/channel\/UCrvcIUZvyNDXwe1tXCdZKwQ\",\"https:\/\/www.facebook.com\/people\/Telstar-Latam\/61552901544272\/\"],\"logo\":{\"@type\":\"ImageObject\",\"inLanguage\":\"es\",\"@id\":\"https:\/\/www.telstarlatam.com\/contenido\/#\/schema\/logo\/image\/\",\"url\":\"https:\/\/www.telstarlatam.com\/contenido\/wp-content\/uploads\/2021\/07\/logo-telstar.png\",\"contentUrl\":\"https:\/\/www.telstarlatam.com\/contenido\/wp-content\/uploads\/2021\/07\/logo-telstar.png\",\"width\":149,\"height\":55,\"caption\":\"Telstar\"},\"image\":{\"@id\":\"https:\/\/www.telstarlatam.com\/contenido\/#\/schema\/logo\/image\/\"}},{\"@type\":\"WebSite\",\"@id\":\"https:\/\/www.telstarlatam.com\/contenido\/#website\",\"url\":\"https:\/\/www.telstarlatam.com\/contenido\/\",\"name\":\"Telstar Latinoam\u00e9rica | Electrodom\u00e9sticos\",\"description\":\"Electrodom\u00e9sticos Telstar La calidad no cuesta m\u00e1s\",\"publisher\":{\"@id\":\"https:\/\/www.telstarlatam.com\/contenido\/#organization\"},\"potentialAction\":[{\"@type\":\"SearchAction\",\"target\":{\"@type\":\"EntryPoint\",\"urlTemplate\":\"https:\/\/www.telstarlatam.com\/contenido\/?s={search_term_string}\"},\"query-input\":\"required name=search_term_string\"}],\"inLanguage\":\"es\"},{\"@type\":\"ImageObject\",\"inLanguage\":\"es\",\"@id\":\"https:\/\/www.telstarlatam.com\/contenido\/producto\/pantalla-smart-uhd-4k-telstar-58-pulgadas-ttk058290kk\/#primaryimage\",\"url\":\"https:\/\/www.telstarlatam.com\/contenido\/wp-content\/uploads\/2021\/05\/TTK058290KK.png\",\"contentUrl\":\"https:\/\/www.telstarlatam.com\/contenido\/wp-content\/uploads\/2021\/05\/TTK058290KK.png\",\"width\":900,\"height\":900},{\"@type\":\"WebPage\",\"@id\":\"https:\/\/www.telstarlatam.com\/contenido\/producto\/pantalla-smart-uhd-4k-telstar-58-pulgadas-ttk058290kk\/\",\"url\":\"https:\/\/www.telstarlatam.com\/contenido\/producto\/pantalla-smart-uhd-4k-telstar-58-pulgadas-ttk058290kk\/\",\"name\":\"Pantalla Smart UHD 4K 58 pulgadas TTK058290KK - Telstar Latinoam\u00e9rica | Electrodom\u00e9sticos\",\"isPartOf\":{\"@id\":\"https:\/\/www.telstarlatam.com\/contenido\/#website\"},\"primaryImageOfPage\":{\"@id\":\"https:\/\/www.telstarlatam.com\/contenido\/producto\/pantalla-smart-uhd-4k-telstar-58-pulgadas-ttk058290kk\/#primaryimage\"},\"datePublished\":\"2021-05-13T23:02:35+00:00\",\"dateModified\":\"2025-03-10T16:18:25+00:00\",\"breadcrumb\":{\"@id\":\"https:\/\/www.telstarlatam.com\/contenido\/producto\/pantalla-smart-uhd-4k-telstar-58-pulgadas-ttk058290kk\/#breadcrumb\"},\"inLanguage\":\"es\",\"potentialAction\":[{\"@type\":\"ReadAction\",\"target\":[\"https:\/\/www.telstarlatam.com\/contenido\/producto\/pantalla-smart-uhd-4k-telstar-58-pulgadas-ttk058290kk\/\"]}]},{\"@type\":\"BreadcrumbList\",\"@id\":\"https:\/\/www.telstarlatam.com\/contenido\/producto\/pantalla-smart-uhd-4k-telstar-58-pulgadas-ttk058290kk\/#breadcrumb\",\"itemListElement\":[{\"@type\":\"ListItem\",\"position\":1,\"name\":\"Inicio\",\"item\":\"https:\/\/www.telstarlatam.com\/contenido\/\"},{\"@type\":\"ListItem\",\"position\":2,\"name\":\"Encontr\u00e1 los mejores productos aqu\u00ed\",\"item\":\"https:\/\/www.telstarlatam.com\/contenido\/shop\/\"},{\"@type\":\"ListItem\",\"position\":3,\"name\":\"Pantalla Smart UHD 4K 58 pulgadas TTK058290KK\"}]}]}<\/script>\n<!-- \/ Yoast SEO plugin. -->","yoast_head_json":{"title":"Pantalla Smart UHD 4K 58 pulgadas TTK058290KK - Telstar Latinoam\u00e9rica | Electrodom\u00e9sticos","robots":{"index":"index","follow":"follow","max-snippet":"max-snippet:-1","max-image-preview":"max-image-preview:large","max-video-preview":"max-video-preview:-1"},"canonical":"https:\/\/www.telstarlatam.com\/contenido\/producto\/pantalla-smart-uhd-4k-telstar-58-pulgadas-ttk058290kk\/","og_locale":"es_MX","og_type":"article","og_title":"Pantalla Smart UHD 4K 58 pulgadas TTK058290KK - Telstar Latinoam\u00e9rica | Electrodom\u00e9sticos","og_description":"&nbsp;","og_url":"https:\/\/www.telstarlatam.com\/contenido\/producto\/pantalla-smart-uhd-4k-telstar-58-pulgadas-ttk058290kk\/","og_site_name":"Telstar Latinoam\u00e9rica | Electrodom\u00e9sticos","article_publisher":"https:\/\/www.facebook.com\/people\/Telstar-Latam\/61552901544272\/","article_modified_time":"2025-03-10T16:18:25+00:00","og_image":[{"width":900,"height":900,"url":"https:\/\/www.telstarlatam.com\/contenido\/wp-content\/uploads\/2021\/05\/TTK058290KK.png","type":"image\/png"}],"twitter_card":"summary_large_image","schema":{"@context":"https:\/\/schema.org","@graph":[{"@type":"Organization","@id":"https:\/\/www.telstarlatam.com\/contenido\/#organization","name":"Telstar","url":"https:\/\/www.telstarlatam.com\/contenido\/","sameAs":["https:\/\/www.instagram.com\/telstar_la\/","https:\/\/www.youtube.com\/channel\/UCrvcIUZvyNDXwe1tXCdZKwQ","https:\/\/www.facebook.com\/people\/Telstar-Latam\/61552901544272\/"],"logo":{"@type":"ImageObject","inLanguage":"es","@id":"https:\/\/www.telstarlatam.com\/contenido\/#\/schema\/logo\/image\/","url":"https:\/\/www.telstarlatam.com\/contenido\/wp-content\/uploads\/2021\/07\/logo-telstar.png","contentUrl":"https:\/\/www.telstarlatam.com\/contenido\/wp-content\/uploads\/2021\/07\/logo-telstar.png","width":149,"height":55,"caption":"Telstar"},"image":{"@id":"https:\/\/www.telstarlatam.com\/contenido\/#\/schema\/logo\/image\/"}},{"@type":"WebSite","@id":"https:\/\/www.telstarlatam.com\/contenido\/#website","url":"https:\/\/www.telstarlatam.com\/contenido\/","name":"Telstar Latinoam\u00e9rica | Electrodom\u00e9sticos","description":"Electrodom\u00e9sticos Telstar La calidad no cuesta m\u00e1s","publisher":{"@id":"https:\/\/www.telstarlatam.com\/contenido\/#organization"},"potentialAction":[{"@type":"SearchAction","target":{"@type":"EntryPoint","urlTemplate":"https:\/\/www.telstarlatam.com\/contenido\/?s={search_term_string}"},"query-input":"required name=search_term_string"}],"inLanguage":"es"},{"@type":"ImageObject","inLanguage":"es","@id":"https:\/\/www.telstarlatam.com\/contenido\/producto\/pantalla-smart-uhd-4k-telstar-58-pulgadas-ttk058290kk\/#primaryimage","url":"https:\/\/www.telstarlatam.com\/contenido\/wp-content\/uploads\/2021\/05\/TTK058290KK.png","contentUrl":"https:\/\/www.telstarlatam.com\/contenido\/wp-content\/uploads\/2021\/05\/TTK058290KK.png","width":900,"height":900},{"@type":"WebPage","@id":"https:\/\/www.telstarlatam.com\/contenido\/producto\/pantalla-smart-uhd-4k-telstar-58-pulgadas-ttk058290kk\/","url":"https:\/\/www.telstarlatam.com\/contenido\/producto\/pantalla-smart-uhd-4k-telstar-58-pulgadas-ttk058290kk\/","name":"Pantalla Smart UHD 4K 58 pulgadas TTK058290KK - Telstar Latinoam\u00e9rica | Electrodom\u00e9sticos","isPartOf":{"@id":"https:\/\/www.telstarlatam.com\/contenido\/#website"},"primaryImageOfPage":{"@id":"https:\/\/www.telstarlatam.com\/contenido\/producto\/pantalla-smart-uhd-4k-telstar-58-pulgadas-ttk058290kk\/#primaryimage"},"datePublished":"2021-05-13T23:02:35+00:00","dateModified":"2025-03-10T16:18:25+00:00","breadcrumb":{"@id":"https:\/\/www.telstarlatam.com\/contenido\/producto\/pantalla-smart-uhd-4k-telstar-58-pulgadas-ttk058290kk\/#breadcrumb"},"inLanguage":"es","potentialAction":[{"@type":"ReadAction","target":["https:\/\/www.telstarlatam.com\/contenido\/producto\/pantalla-smart-uhd-4k-telstar-58-pulgadas-ttk058290kk\/"]}]},{"@type":"BreadcrumbList","@id":"https:\/\/www.telstarlatam.com\/contenido\/producto\/pantalla-smart-uhd-4k-telstar-58-pulgadas-ttk058290kk\/#breadcrumb","itemListElement":[{"@type":"ListItem","position":1,"name":"Inicio","item":"https:\/\/www.telstarlatam.com\/contenido\/"},{"@type":"ListItem","position":2,"name":"Encontr\u00e1 los mejores productos aqu\u00ed","item":"https:\/\/www.telstarlatam.com\/contenido\/shop\/"},{"@type":"ListItem","position":3,"name":"Pantalla Smart UHD 4K 58 pulgadas TTK058290KK"}]}]}},"_links":{"self":[{"href":"https:\/\/www.telstarlatam.com\/contenido\/wp-json\/wp\/v2\/product\/262","targetHints":{"allow":["GET"]}}],"collection":[{"href":"https:\/\/www.telstarlatam.com\/contenido\/wp-json\/wp\/v2\/product"}],"about":[{"href":"https:\/\/www.telstarlatam.com\/contenido\/wp-json\/wp\/v2\/types\/product"}],"replies":[{"embeddable":true,"href":"https:\/\/www.telstarlatam.com\/contenido\/wp-json\/wp\/v2\/comments?post=262"}],"wp:featuredmedia":[{"embeddable":true,"href":"https:\/\/www.telstarlatam.com\/contenido\/wp-json\/wp\/v2\/media\/2820"}],"wp:attachment":[{"href":"https:\/\/www.telstarlatam.com\/contenido\/wp-json\/wp\/v2\/media?parent=262"}],"wp:term":[{"taxonomy":"product_cat","embeddable":true,"href":"https:\/\/www.telstarlatam.com\/contenido\/wp-json\/wp\/v2\/product_cat?post=262"},{"taxonomy":"product_tag","embeddable":true,"href":"https:\/\/www.telstarlatam.com\/contenido\/wp-json\/wp\/v2\/product_tag?post=262"}],"curies":[{"name":"wp","href":"https:\/\/api.w.org\/{rel}","templated":true}]}}