{"id":25826,"date":"2023-02-08T21:44:21","date_gmt":"2023-02-08T21:44:21","guid":{"rendered":"https:\/\/www.telstarlatam.com\/contenido\/?post_type=product&#038;p=25826"},"modified":"2025-09-11T21:41:08","modified_gmt":"2025-09-11T21:41:08","slug":"abanico-torre-42-pulgadas-tvt042220md","status":"publish","type":"product","link":"https:\/\/www.telstarlatam.com\/contenido\/producto\/abanico-torre-42-pulgadas-tvt042220md\/","title":{"rendered":"Abanico torre 42 pulgadas TVT042220MD"},"content":{"rendered":"<p>\u00bb 3 Modos de aire: Simulando viendo natural, Sleep, normal con control inteligente de la temperatura.<br \/>\n\u00bb Temporizador programable por 9 horas.<br \/>\n\u00bb Motor de cobre de alta calidad.<br \/>\n\u00bb Funci\u00f3n de memoria de apagado<br \/>\n\u00bb Control remoto multifunci\u00f3n<br \/>\n\u00bb La funci\u00f3n de oscilaci\u00f3n ofrece un rango m\u00e1s amplio de direcci\u00f3n del flujo de aire<br \/>\n\u00bb 5 Niveles de potencia<br \/>\n\u00bb Potencia: 45W<br \/>\n\u00bb Voltaje: 120V\/60Hz<\/p>\n<p>\u00bbEcoStar: Ahorro energ\u00eda<br \/>\n\u00bbGarant\u00eda: 2 A\u00f1os.<\/p>\n","protected":false},"excerpt":{"rendered":"<p>\u00bb 3 Modos de aire: Simulando viendo natural, Sleep, normal con control inteligente de la temperatura. \u00bb Temporizador programable por 9 horas. \u00bb Motor de cobre de alta calidad. \u00bb Funci\u00f3n de memoria de apagado \u00bb Control remoto multifunci\u00f3n \u00bb La funci\u00f3n de oscilaci\u00f3n ofrece un rango m\u00e1s amplio de direcci\u00f3n del flujo de aire&hellip;<\/p>\n","protected":false},"featured_media":25827,"comment_status":"open","ping_status":"closed","template":"","meta":[],"product_cat":[49,47,58,48],"product_tag":[],"class_list":["post-25826","product","type-product","status-publish","has-post-thumbnail","hentry","product_cat-abanico-torre","product_cat-climatizacion","product_cat-electrodomesticos","product_cat-ventiladores","description-off"],"yoast_head":"<!-- This site is optimized with the Yoast SEO plugin v19.3 - https:\/\/yoast.com\/wordpress\/plugins\/seo\/ -->\n<title>Abanico torre 42 pulgadas TVT042220MD - Telstar Latinoam\u00e9rica | Electrodom\u00e9sticos<\/title>\n<meta name=\"robots\" content=\"index, follow, max-snippet:-1, max-image-preview:large, max-video-preview:-1\" \/>\n<link rel=\"canonical\" href=\"https:\/\/www.telstarlatam.com\/contenido\/producto\/abanico-torre-42-pulgadas-tvt042220md\/\" \/>\n<meta property=\"og:locale\" content=\"es_MX\" \/>\n<meta property=\"og:type\" content=\"article\" \/>\n<meta property=\"og:title\" content=\"Abanico torre 42 pulgadas TVT042220MD - Telstar Latinoam\u00e9rica | Electrodom\u00e9sticos\" \/>\n<meta property=\"og:description\" content=\"\u00bb 3 Modos de aire: Simulando viendo natural, Sleep, normal con control inteligente de la temperatura. \u00bb Temporizador programable por 9 horas. \u00bb Motor de cobre de alta calidad. \u00bb Funci\u00f3n de memoria de apagado \u00bb Control remoto multifunci\u00f3n \u00bb La funci\u00f3n de oscilaci\u00f3n ofrece un rango m\u00e1s amplio de direcci\u00f3n del flujo de aire&hellip;\" \/>\n<meta property=\"og:url\" content=\"https:\/\/www.telstarlatam.com\/contenido\/producto\/abanico-torre-42-pulgadas-tvt042220md\/\" \/>\n<meta property=\"og:site_name\" content=\"Telstar Latinoam\u00e9rica | Electrodom\u00e9sticos\" \/>\n<meta property=\"article:publisher\" content=\"https:\/\/www.facebook.com\/people\/Telstar-Latam\/61552901544272\/\" \/>\n<meta property=\"article:modified_time\" content=\"2025-09-11T21:41:08+00:00\" \/>\n<meta property=\"og:image\" content=\"https:\/\/www.telstarlatam.com\/contenido\/wp-content\/uploads\/2023\/02\/abanico-torre-telstar-42-pulgadas-tvt042220md-negro-175636.jpg\" \/>\n\t<meta property=\"og:image:width\" content=\"1200\" \/>\n\t<meta property=\"og:image:height\" content=\"1200\" \/>\n\t<meta property=\"og:image:type\" content=\"image\/jpeg\" \/>\n<meta name=\"twitter:card\" content=\"summary_large_image\" \/>\n<script type=\"application\/ld+json\" class=\"yoast-schema-graph\">{\"@context\":\"https:\/\/schema.org\",\"@graph\":[{\"@type\":\"Organization\",\"@id\":\"https:\/\/www.telstarlatam.com\/contenido\/#organization\",\"name\":\"Telstar\",\"url\":\"https:\/\/www.telstarlatam.com\/contenido\/\",\"sameAs\":[\"https:\/\/www.instagram.com\/telstar_la\/\",\"https:\/\/www.youtube.com\/channel\/UCrvcIUZvyNDXwe1tXCdZKwQ\",\"https:\/\/www.facebook.com\/people\/Telstar-Latam\/61552901544272\/\"],\"logo\":{\"@type\":\"ImageObject\",\"inLanguage\":\"es\",\"@id\":\"https:\/\/www.telstarlatam.com\/contenido\/#\/schema\/logo\/image\/\",\"url\":\"https:\/\/www.telstarlatam.com\/contenido\/wp-content\/uploads\/2021\/07\/logo-telstar.png\",\"contentUrl\":\"https:\/\/www.telstarlatam.com\/contenido\/wp-content\/uploads\/2021\/07\/logo-telstar.png\",\"width\":149,\"height\":55,\"caption\":\"Telstar\"},\"image\":{\"@id\":\"https:\/\/www.telstarlatam.com\/contenido\/#\/schema\/logo\/image\/\"}},{\"@type\":\"WebSite\",\"@id\":\"https:\/\/www.telstarlatam.com\/contenido\/#website\",\"url\":\"https:\/\/www.telstarlatam.com\/contenido\/\",\"name\":\"Telstar Latinoam\u00e9rica | Electrodom\u00e9sticos\",\"description\":\"Electrodom\u00e9sticos Telstar La calidad no cuesta m\u00e1s\",\"publisher\":{\"@id\":\"https:\/\/www.telstarlatam.com\/contenido\/#organization\"},\"potentialAction\":[{\"@type\":\"SearchAction\",\"target\":{\"@type\":\"EntryPoint\",\"urlTemplate\":\"https:\/\/www.telstarlatam.com\/contenido\/?s={search_term_string}\"},\"query-input\":\"required name=search_term_string\"}],\"inLanguage\":\"es\"},{\"@type\":\"ImageObject\",\"inLanguage\":\"es\",\"@id\":\"https:\/\/www.telstarlatam.com\/contenido\/producto\/abanico-torre-42-pulgadas-tvt042220md\/#primaryimage\",\"url\":\"https:\/\/www.telstarlatam.com\/contenido\/wp-content\/uploads\/2023\/02\/abanico-torre-telstar-42-pulgadas-tvt042220md-negro-175636.jpg\",\"contentUrl\":\"https:\/\/www.telstarlatam.com\/contenido\/wp-content\/uploads\/2023\/02\/abanico-torre-telstar-42-pulgadas-tvt042220md-negro-175636.jpg\",\"width\":1200,\"height\":1200},{\"@type\":\"WebPage\",\"@id\":\"https:\/\/www.telstarlatam.com\/contenido\/producto\/abanico-torre-42-pulgadas-tvt042220md\/\",\"url\":\"https:\/\/www.telstarlatam.com\/contenido\/producto\/abanico-torre-42-pulgadas-tvt042220md\/\",\"name\":\"Abanico torre 42 pulgadas TVT042220MD - Telstar Latinoam\u00e9rica | Electrodom\u00e9sticos\",\"isPartOf\":{\"@id\":\"https:\/\/www.telstarlatam.com\/contenido\/#website\"},\"primaryImageOfPage\":{\"@id\":\"https:\/\/www.telstarlatam.com\/contenido\/producto\/abanico-torre-42-pulgadas-tvt042220md\/#primaryimage\"},\"datePublished\":\"2023-02-08T21:44:21+00:00\",\"dateModified\":\"2025-09-11T21:41:08+00:00\",\"breadcrumb\":{\"@id\":\"https:\/\/www.telstarlatam.com\/contenido\/producto\/abanico-torre-42-pulgadas-tvt042220md\/#breadcrumb\"},\"inLanguage\":\"es\",\"potentialAction\":[{\"@type\":\"ReadAction\",\"target\":[\"https:\/\/www.telstarlatam.com\/contenido\/producto\/abanico-torre-42-pulgadas-tvt042220md\/\"]}]},{\"@type\":\"BreadcrumbList\",\"@id\":\"https:\/\/www.telstarlatam.com\/contenido\/producto\/abanico-torre-42-pulgadas-tvt042220md\/#breadcrumb\",\"itemListElement\":[{\"@type\":\"ListItem\",\"position\":1,\"name\":\"Inicio\",\"item\":\"https:\/\/www.telstarlatam.com\/contenido\/\"},{\"@type\":\"ListItem\",\"position\":2,\"name\":\"Encontr\u00e1 los mejores productos aqu\u00ed\",\"item\":\"https:\/\/www.telstarlatam.com\/contenido\/shop\/\"},{\"@type\":\"ListItem\",\"position\":3,\"name\":\"Abanico torre 42 pulgadas TVT042220MD\"}]}]}<\/script>\n<!-- \/ Yoast SEO plugin. -->","yoast_head_json":{"title":"Abanico torre 42 pulgadas TVT042220MD - Telstar Latinoam\u00e9rica | Electrodom\u00e9sticos","robots":{"index":"index","follow":"follow","max-snippet":"max-snippet:-1","max-image-preview":"max-image-preview:large","max-video-preview":"max-video-preview:-1"},"canonical":"https:\/\/www.telstarlatam.com\/contenido\/producto\/abanico-torre-42-pulgadas-tvt042220md\/","og_locale":"es_MX","og_type":"article","og_title":"Abanico torre 42 pulgadas TVT042220MD - Telstar Latinoam\u00e9rica | Electrodom\u00e9sticos","og_description":"\u00bb 3 Modos de aire: Simulando viendo natural, Sleep, normal con control inteligente de la temperatura. \u00bb Temporizador programable por 9 horas. \u00bb Motor de cobre de alta calidad. \u00bb Funci\u00f3n de memoria de apagado \u00bb Control remoto multifunci\u00f3n \u00bb La funci\u00f3n de oscilaci\u00f3n ofrece un rango m\u00e1s amplio de direcci\u00f3n del flujo de aire&hellip;","og_url":"https:\/\/www.telstarlatam.com\/contenido\/producto\/abanico-torre-42-pulgadas-tvt042220md\/","og_site_name":"Telstar Latinoam\u00e9rica | Electrodom\u00e9sticos","article_publisher":"https:\/\/www.facebook.com\/people\/Telstar-Latam\/61552901544272\/","article_modified_time":"2025-09-11T21:41:08+00:00","og_image":[{"width":1200,"height":1200,"url":"https:\/\/www.telstarlatam.com\/contenido\/wp-content\/uploads\/2023\/02\/abanico-torre-telstar-42-pulgadas-tvt042220md-negro-175636.jpg","type":"image\/jpeg"}],"twitter_card":"summary_large_image","schema":{"@context":"https:\/\/schema.org","@graph":[{"@type":"Organization","@id":"https:\/\/www.telstarlatam.com\/contenido\/#organization","name":"Telstar","url":"https:\/\/www.telstarlatam.com\/contenido\/","sameAs":["https:\/\/www.instagram.com\/telstar_la\/","https:\/\/www.youtube.com\/channel\/UCrvcIUZvyNDXwe1tXCdZKwQ","https:\/\/www.facebook.com\/people\/Telstar-Latam\/61552901544272\/"],"logo":{"@type":"ImageObject","inLanguage":"es","@id":"https:\/\/www.telstarlatam.com\/contenido\/#\/schema\/logo\/image\/","url":"https:\/\/www.telstarlatam.com\/contenido\/wp-content\/uploads\/2021\/07\/logo-telstar.png","contentUrl":"https:\/\/www.telstarlatam.com\/contenido\/wp-content\/uploads\/2021\/07\/logo-telstar.png","width":149,"height":55,"caption":"Telstar"},"image":{"@id":"https:\/\/www.telstarlatam.com\/contenido\/#\/schema\/logo\/image\/"}},{"@type":"WebSite","@id":"https:\/\/www.telstarlatam.com\/contenido\/#website","url":"https:\/\/www.telstarlatam.com\/contenido\/","name":"Telstar Latinoam\u00e9rica | Electrodom\u00e9sticos","description":"Electrodom\u00e9sticos Telstar La calidad no cuesta m\u00e1s","publisher":{"@id":"https:\/\/www.telstarlatam.com\/contenido\/#organization"},"potentialAction":[{"@type":"SearchAction","target":{"@type":"EntryPoint","urlTemplate":"https:\/\/www.telstarlatam.com\/contenido\/?s={search_term_string}"},"query-input":"required name=search_term_string"}],"inLanguage":"es"},{"@type":"ImageObject","inLanguage":"es","@id":"https:\/\/www.telstarlatam.com\/contenido\/producto\/abanico-torre-42-pulgadas-tvt042220md\/#primaryimage","url":"https:\/\/www.telstarlatam.com\/contenido\/wp-content\/uploads\/2023\/02\/abanico-torre-telstar-42-pulgadas-tvt042220md-negro-175636.jpg","contentUrl":"https:\/\/www.telstarlatam.com\/contenido\/wp-content\/uploads\/2023\/02\/abanico-torre-telstar-42-pulgadas-tvt042220md-negro-175636.jpg","width":1200,"height":1200},{"@type":"WebPage","@id":"https:\/\/www.telstarlatam.com\/contenido\/producto\/abanico-torre-42-pulgadas-tvt042220md\/","url":"https:\/\/www.telstarlatam.com\/contenido\/producto\/abanico-torre-42-pulgadas-tvt042220md\/","name":"Abanico torre 42 pulgadas TVT042220MD - Telstar Latinoam\u00e9rica | Electrodom\u00e9sticos","isPartOf":{"@id":"https:\/\/www.telstarlatam.com\/contenido\/#website"},"primaryImageOfPage":{"@id":"https:\/\/www.telstarlatam.com\/contenido\/producto\/abanico-torre-42-pulgadas-tvt042220md\/#primaryimage"},"datePublished":"2023-02-08T21:44:21+00:00","dateModified":"2025-09-11T21:41:08+00:00","breadcrumb":{"@id":"https:\/\/www.telstarlatam.com\/contenido\/producto\/abanico-torre-42-pulgadas-tvt042220md\/#breadcrumb"},"inLanguage":"es","potentialAction":[{"@type":"ReadAction","target":["https:\/\/www.telstarlatam.com\/contenido\/producto\/abanico-torre-42-pulgadas-tvt042220md\/"]}]},{"@type":"BreadcrumbList","@id":"https:\/\/www.telstarlatam.com\/contenido\/producto\/abanico-torre-42-pulgadas-tvt042220md\/#breadcrumb","itemListElement":[{"@type":"ListItem","position":1,"name":"Inicio","item":"https:\/\/www.telstarlatam.com\/contenido\/"},{"@type":"ListItem","position":2,"name":"Encontr\u00e1 los mejores productos aqu\u00ed","item":"https:\/\/www.telstarlatam.com\/contenido\/shop\/"},{"@type":"ListItem","position":3,"name":"Abanico torre 42 pulgadas TVT042220MD"}]}]}},"_links":{"self":[{"href":"https:\/\/www.telstarlatam.com\/contenido\/wp-json\/wp\/v2\/product\/25826","targetHints":{"allow":["GET"]}}],"collection":[{"href":"https:\/\/www.telstarlatam.com\/contenido\/wp-json\/wp\/v2\/product"}],"about":[{"href":"https:\/\/www.telstarlatam.com\/contenido\/wp-json\/wp\/v2\/types\/product"}],"replies":[{"embeddable":true,"href":"https:\/\/www.telstarlatam.com\/contenido\/wp-json\/wp\/v2\/comments?post=25826"}],"wp:featuredmedia":[{"embeddable":true,"href":"https:\/\/www.telstarlatam.com\/contenido\/wp-json\/wp\/v2\/media\/25827"}],"wp:attachment":[{"href":"https:\/\/www.telstarlatam.com\/contenido\/wp-json\/wp\/v2\/media?parent=25826"}],"wp:term":[{"taxonomy":"product_cat","embeddable":true,"href":"https:\/\/www.telstarlatam.com\/contenido\/wp-json\/wp\/v2\/product_cat?post=25826"},{"taxonomy":"product_tag","embeddable":true,"href":"https:\/\/www.telstarlatam.com\/contenido\/wp-json\/wp\/v2\/product_tag?post=25826"}],"curies":[{"name":"wp","href":"https:\/\/api.w.org\/{rel}","templated":true}]}}