{"id":2567,"date":"2021-10-22T17:50:22","date_gmt":"2021-10-22T17:50:22","guid":{"rendered":"https:\/\/calidadtelstar.com\/contenido\/?post_type=product&#038;p=2567"},"modified":"2022-12-07T21:10:30","modified_gmt":"2022-12-07T21:10:30","slug":"olla-c-lento-telstar-tcl004310ct-4l-inx","status":"publish","type":"product","link":"https:\/\/www.telstarlatam.com\/contenido\/producto\/olla-c-lento-telstar-tcl004310ct-4l-inx\/","title":{"rendered":"Olla cocimiento lento 3.7L TCL004310CT"},"content":{"rendered":"<p><span style=\"color: #ff9900;\">\u00bb<\/span> Capacidad: 3.7 Litros.<\/p>\n<p><span style=\"color: #ff9900;\">\u00bb<\/span> Agarraderas fr\u00edas al tacto.<\/p>\n<p><span style=\"color: #ff9900;\">\u00bb<\/span> Configuraci\u00f3n alta y baja, mantiene caliente.<\/p>\n<p><span style=\"color: #ff9900;\">\u00bb<\/span> Estilo ovalado.<\/p>\n<p><span style=\"color: #ff9900;\">\u00bb<\/span> Indicador de encendido.<\/p>\n<p><span style=\"color: #ff9900;\">\u00bb<\/span> Tapa de vidrio resistente.<\/p>\n<p><span style=\"color: #ff9900;\">\u00bb<\/span> Garant\u00eda: 2 a\u00f1os.<\/p>\n","protected":false},"excerpt":{"rendered":"<p><a href=\"https:\/\/telstarlatam.com\/contenido\/wp-content\/uploads\/2021\/10\/MANUAL-COC-LENTO-TCL004310CT.pdf\" target=\"_blank\" rel=\"noopener\"><img loading=\"lazy\" decoding=\"async\" class=\"alignnone wp-image-1914 size-full\" src=\"https:\/\/telstarlatam.com\/contenido\/wp-content\/uploads\/2021\/06\/descargar-manual.png\" alt=\"\" width=\"199\" height=\"45\" \/><\/a><\/p>\n<p><a href=\"https:\/\/telstarlatam.com\/contenido\/repuestos-y-accesorios\/\"><img loading=\"lazy\" decoding=\"async\" class=\"alignnone size-full wp-image-1913\" src=\"https:\/\/telstarlatam.com\/contenido\/wp-content\/uploads\/2021\/06\/repuestos-boton.png\" alt=\"\" width=\"265\" height=\"45\" \/><\/a><\/p>\n","protected":false},"featured_media":3074,"comment_status":"open","ping_status":"closed","template":"","meta":[],"product_cat":[65],"product_tag":[],"class_list":["post-2567","product","type-product","status-publish","has-post-thumbnail","hentry","product_cat-ollas-cocimiento-lento","description-off"],"yoast_head":"<!-- This site is optimized with the Yoast SEO plugin v19.3 - https:\/\/yoast.com\/wordpress\/plugins\/seo\/ -->\n<title>Olla cocimiento lento 3.7L TCL004310CT - Telstar Latinoam\u00e9rica | Electrodom\u00e9sticos<\/title>\n<meta name=\"robots\" content=\"index, follow, max-snippet:-1, max-image-preview:large, max-video-preview:-1\" \/>\n<link rel=\"canonical\" href=\"https:\/\/www.telstarlatam.com\/contenido\/producto\/olla-c-lento-telstar-tcl004310ct-4l-inx\/\" \/>\n<meta property=\"og:locale\" content=\"es_MX\" \/>\n<meta property=\"og:type\" content=\"article\" \/>\n<meta property=\"og:title\" content=\"Olla cocimiento lento 3.7L TCL004310CT - Telstar Latinoam\u00e9rica | Electrodom\u00e9sticos\" \/>\n<meta property=\"og:url\" content=\"https:\/\/www.telstarlatam.com\/contenido\/producto\/olla-c-lento-telstar-tcl004310ct-4l-inx\/\" \/>\n<meta property=\"og:site_name\" content=\"Telstar Latinoam\u00e9rica | Electrodom\u00e9sticos\" \/>\n<meta property=\"article:publisher\" content=\"https:\/\/www.facebook.com\/people\/Telstar-Latam\/61552901544272\/\" \/>\n<meta property=\"article:modified_time\" content=\"2022-12-07T21:10:30+00:00\" \/>\n<meta property=\"og:image\" content=\"https:\/\/www.telstarlatam.com\/contenido\/wp-content\/uploads\/2021\/10\/TCL004310CT-1.png\" \/>\n\t<meta property=\"og:image:width\" content=\"900\" \/>\n\t<meta property=\"og:image:height\" content=\"900\" \/>\n\t<meta property=\"og:image:type\" content=\"image\/png\" \/>\n<meta name=\"twitter:card\" content=\"summary_large_image\" \/>\n<script type=\"application\/ld+json\" class=\"yoast-schema-graph\">{\"@context\":\"https:\/\/schema.org\",\"@graph\":[{\"@type\":\"Organization\",\"@id\":\"https:\/\/www.telstarlatam.com\/contenido\/#organization\",\"name\":\"Telstar\",\"url\":\"https:\/\/www.telstarlatam.com\/contenido\/\",\"sameAs\":[\"https:\/\/www.instagram.com\/telstar_la\/\",\"https:\/\/www.youtube.com\/channel\/UCrvcIUZvyNDXwe1tXCdZKwQ\",\"https:\/\/www.facebook.com\/people\/Telstar-Latam\/61552901544272\/\"],\"logo\":{\"@type\":\"ImageObject\",\"inLanguage\":\"es\",\"@id\":\"https:\/\/www.telstarlatam.com\/contenido\/#\/schema\/logo\/image\/\",\"url\":\"https:\/\/www.telstarlatam.com\/contenido\/wp-content\/uploads\/2021\/07\/logo-telstar.png\",\"contentUrl\":\"https:\/\/www.telstarlatam.com\/contenido\/wp-content\/uploads\/2021\/07\/logo-telstar.png\",\"width\":149,\"height\":55,\"caption\":\"Telstar\"},\"image\":{\"@id\":\"https:\/\/www.telstarlatam.com\/contenido\/#\/schema\/logo\/image\/\"}},{\"@type\":\"WebSite\",\"@id\":\"https:\/\/www.telstarlatam.com\/contenido\/#website\",\"url\":\"https:\/\/www.telstarlatam.com\/contenido\/\",\"name\":\"Telstar Latinoam\u00e9rica | Electrodom\u00e9sticos\",\"description\":\"Electrodom\u00e9sticos Telstar La calidad no cuesta m\u00e1s\",\"publisher\":{\"@id\":\"https:\/\/www.telstarlatam.com\/contenido\/#organization\"},\"potentialAction\":[{\"@type\":\"SearchAction\",\"target\":{\"@type\":\"EntryPoint\",\"urlTemplate\":\"https:\/\/www.telstarlatam.com\/contenido\/?s={search_term_string}\"},\"query-input\":\"required name=search_term_string\"}],\"inLanguage\":\"es\"},{\"@type\":\"ImageObject\",\"inLanguage\":\"es\",\"@id\":\"https:\/\/www.telstarlatam.com\/contenido\/producto\/olla-c-lento-telstar-tcl004310ct-4l-inx\/#primaryimage\",\"url\":\"https:\/\/www.telstarlatam.com\/contenido\/wp-content\/uploads\/2021\/10\/TCL004310CT-1.png\",\"contentUrl\":\"https:\/\/www.telstarlatam.com\/contenido\/wp-content\/uploads\/2021\/10\/TCL004310CT-1.png\",\"width\":900,\"height\":900},{\"@type\":\"WebPage\",\"@id\":\"https:\/\/www.telstarlatam.com\/contenido\/producto\/olla-c-lento-telstar-tcl004310ct-4l-inx\/\",\"url\":\"https:\/\/www.telstarlatam.com\/contenido\/producto\/olla-c-lento-telstar-tcl004310ct-4l-inx\/\",\"name\":\"Olla cocimiento lento 3.7L TCL004310CT - Telstar Latinoam\u00e9rica | Electrodom\u00e9sticos\",\"isPartOf\":{\"@id\":\"https:\/\/www.telstarlatam.com\/contenido\/#website\"},\"primaryImageOfPage\":{\"@id\":\"https:\/\/www.telstarlatam.com\/contenido\/producto\/olla-c-lento-telstar-tcl004310ct-4l-inx\/#primaryimage\"},\"datePublished\":\"2021-10-22T17:50:22+00:00\",\"dateModified\":\"2022-12-07T21:10:30+00:00\",\"breadcrumb\":{\"@id\":\"https:\/\/www.telstarlatam.com\/contenido\/producto\/olla-c-lento-telstar-tcl004310ct-4l-inx\/#breadcrumb\"},\"inLanguage\":\"es\",\"potentialAction\":[{\"@type\":\"ReadAction\",\"target\":[\"https:\/\/www.telstarlatam.com\/contenido\/producto\/olla-c-lento-telstar-tcl004310ct-4l-inx\/\"]}]},{\"@type\":\"BreadcrumbList\",\"@id\":\"https:\/\/www.telstarlatam.com\/contenido\/producto\/olla-c-lento-telstar-tcl004310ct-4l-inx\/#breadcrumb\",\"itemListElement\":[{\"@type\":\"ListItem\",\"position\":1,\"name\":\"Inicio\",\"item\":\"https:\/\/www.telstarlatam.com\/contenido\/\"},{\"@type\":\"ListItem\",\"position\":2,\"name\":\"Encontr\u00e1 los mejores productos aqu\u00ed\",\"item\":\"https:\/\/www.telstarlatam.com\/contenido\/shop\/\"},{\"@type\":\"ListItem\",\"position\":3,\"name\":\"Olla cocimiento lento 3.7L TCL004310CT\"}]}]}<\/script>\n<!-- \/ Yoast SEO plugin. -->","yoast_head_json":{"title":"Olla cocimiento lento 3.7L TCL004310CT - Telstar Latinoam\u00e9rica | Electrodom\u00e9sticos","robots":{"index":"index","follow":"follow","max-snippet":"max-snippet:-1","max-image-preview":"max-image-preview:large","max-video-preview":"max-video-preview:-1"},"canonical":"https:\/\/www.telstarlatam.com\/contenido\/producto\/olla-c-lento-telstar-tcl004310ct-4l-inx\/","og_locale":"es_MX","og_type":"article","og_title":"Olla cocimiento lento 3.7L TCL004310CT - Telstar Latinoam\u00e9rica | Electrodom\u00e9sticos","og_url":"https:\/\/www.telstarlatam.com\/contenido\/producto\/olla-c-lento-telstar-tcl004310ct-4l-inx\/","og_site_name":"Telstar Latinoam\u00e9rica | Electrodom\u00e9sticos","article_publisher":"https:\/\/www.facebook.com\/people\/Telstar-Latam\/61552901544272\/","article_modified_time":"2022-12-07T21:10:30+00:00","og_image":[{"width":900,"height":900,"url":"https:\/\/www.telstarlatam.com\/contenido\/wp-content\/uploads\/2021\/10\/TCL004310CT-1.png","type":"image\/png"}],"twitter_card":"summary_large_image","schema":{"@context":"https:\/\/schema.org","@graph":[{"@type":"Organization","@id":"https:\/\/www.telstarlatam.com\/contenido\/#organization","name":"Telstar","url":"https:\/\/www.telstarlatam.com\/contenido\/","sameAs":["https:\/\/www.instagram.com\/telstar_la\/","https:\/\/www.youtube.com\/channel\/UCrvcIUZvyNDXwe1tXCdZKwQ","https:\/\/www.facebook.com\/people\/Telstar-Latam\/61552901544272\/"],"logo":{"@type":"ImageObject","inLanguage":"es","@id":"https:\/\/www.telstarlatam.com\/contenido\/#\/schema\/logo\/image\/","url":"https:\/\/www.telstarlatam.com\/contenido\/wp-content\/uploads\/2021\/07\/logo-telstar.png","contentUrl":"https:\/\/www.telstarlatam.com\/contenido\/wp-content\/uploads\/2021\/07\/logo-telstar.png","width":149,"height":55,"caption":"Telstar"},"image":{"@id":"https:\/\/www.telstarlatam.com\/contenido\/#\/schema\/logo\/image\/"}},{"@type":"WebSite","@id":"https:\/\/www.telstarlatam.com\/contenido\/#website","url":"https:\/\/www.telstarlatam.com\/contenido\/","name":"Telstar Latinoam\u00e9rica | Electrodom\u00e9sticos","description":"Electrodom\u00e9sticos Telstar La calidad no cuesta m\u00e1s","publisher":{"@id":"https:\/\/www.telstarlatam.com\/contenido\/#organization"},"potentialAction":[{"@type":"SearchAction","target":{"@type":"EntryPoint","urlTemplate":"https:\/\/www.telstarlatam.com\/contenido\/?s={search_term_string}"},"query-input":"required name=search_term_string"}],"inLanguage":"es"},{"@type":"ImageObject","inLanguage":"es","@id":"https:\/\/www.telstarlatam.com\/contenido\/producto\/olla-c-lento-telstar-tcl004310ct-4l-inx\/#primaryimage","url":"https:\/\/www.telstarlatam.com\/contenido\/wp-content\/uploads\/2021\/10\/TCL004310CT-1.png","contentUrl":"https:\/\/www.telstarlatam.com\/contenido\/wp-content\/uploads\/2021\/10\/TCL004310CT-1.png","width":900,"height":900},{"@type":"WebPage","@id":"https:\/\/www.telstarlatam.com\/contenido\/producto\/olla-c-lento-telstar-tcl004310ct-4l-inx\/","url":"https:\/\/www.telstarlatam.com\/contenido\/producto\/olla-c-lento-telstar-tcl004310ct-4l-inx\/","name":"Olla cocimiento lento 3.7L TCL004310CT - Telstar Latinoam\u00e9rica | Electrodom\u00e9sticos","isPartOf":{"@id":"https:\/\/www.telstarlatam.com\/contenido\/#website"},"primaryImageOfPage":{"@id":"https:\/\/www.telstarlatam.com\/contenido\/producto\/olla-c-lento-telstar-tcl004310ct-4l-inx\/#primaryimage"},"datePublished":"2021-10-22T17:50:22+00:00","dateModified":"2022-12-07T21:10:30+00:00","breadcrumb":{"@id":"https:\/\/www.telstarlatam.com\/contenido\/producto\/olla-c-lento-telstar-tcl004310ct-4l-inx\/#breadcrumb"},"inLanguage":"es","potentialAction":[{"@type":"ReadAction","target":["https:\/\/www.telstarlatam.com\/contenido\/producto\/olla-c-lento-telstar-tcl004310ct-4l-inx\/"]}]},{"@type":"BreadcrumbList","@id":"https:\/\/www.telstarlatam.com\/contenido\/producto\/olla-c-lento-telstar-tcl004310ct-4l-inx\/#breadcrumb","itemListElement":[{"@type":"ListItem","position":1,"name":"Inicio","item":"https:\/\/www.telstarlatam.com\/contenido\/"},{"@type":"ListItem","position":2,"name":"Encontr\u00e1 los mejores productos aqu\u00ed","item":"https:\/\/www.telstarlatam.com\/contenido\/shop\/"},{"@type":"ListItem","position":3,"name":"Olla cocimiento lento 3.7L TCL004310CT"}]}]}},"_links":{"self":[{"href":"https:\/\/www.telstarlatam.com\/contenido\/wp-json\/wp\/v2\/product\/2567","targetHints":{"allow":["GET"]}}],"collection":[{"href":"https:\/\/www.telstarlatam.com\/contenido\/wp-json\/wp\/v2\/product"}],"about":[{"href":"https:\/\/www.telstarlatam.com\/contenido\/wp-json\/wp\/v2\/types\/product"}],"replies":[{"embeddable":true,"href":"https:\/\/www.telstarlatam.com\/contenido\/wp-json\/wp\/v2\/comments?post=2567"}],"wp:featuredmedia":[{"embeddable":true,"href":"https:\/\/www.telstarlatam.com\/contenido\/wp-json\/wp\/v2\/media\/3074"}],"wp:attachment":[{"href":"https:\/\/www.telstarlatam.com\/contenido\/wp-json\/wp\/v2\/media?parent=2567"}],"wp:term":[{"taxonomy":"product_cat","embeddable":true,"href":"https:\/\/www.telstarlatam.com\/contenido\/wp-json\/wp\/v2\/product_cat?post=2567"},{"taxonomy":"product_tag","embeddable":true,"href":"https:\/\/www.telstarlatam.com\/contenido\/wp-json\/wp\/v2\/product_tag?post=2567"}],"curies":[{"name":"wp","href":"https:\/\/api.w.org\/{rel}","templated":true}]}}