{"id":1626,"date":"2021-06-06T03:46:45","date_gmt":"2021-06-06T03:46:45","guid":{"rendered":"https:\/\/calidadtelstar.com\/contenido\/?product=kettlebell-tkb050110rf-50lbs"},"modified":"2022-12-07T20:22:35","modified_gmt":"2022-12-07T20:22:35","slug":"kettlebell-tkb050110rf-50lbs","status":"publish","type":"product","link":"https:\/\/www.telstarlatam.com\/contenido\/producto\/kettlebell-tkb050110rf-50lbs\/","title":{"rendered":"Kettlebell  TKB050110RF 50LBS"},"content":{"rendered":"<p>[vc_row][vc_column width=&#8221;1\/2&#8243;][vc_column_text]<strong>\u00bb<\/strong>\u00a0Trabaja todos los m\u00fasculos simult\u00e1neamente y aumenta la frecuencia card\u00edaca mientras se fortalece y esculpe todo el cuerpo.<\/p>\n<p><strong>\u00bb<\/strong>\u00a0Pesa rusa pulida de hierro fundido.<\/p>\n<p><strong>\u00bb<\/strong> Peso: 50 Lb.<\/p>\n<p><strong>\u00bb<\/strong>\u00a0Garant\u00eda: 1 a\u00f1o.[\/vc_column_text][\/vc_column][vc_column width=&#8221;1\/2&#8243;][vc_column_text]\n\t\t<!-- MasterSlider -->\n\t\t<div id=\"P_MS69e04a9ce44e1\" class=\"master-slider-parent msl ms-parent-id-7\" style=\"max-width:800px;\">\n\n\t\t\t\n\t\t\t<!-- MasterSlider Main -->\n\t\t\t<div id=\"MS69e04a9ce44e1\" class=\"master-slider ms-skin-default\" >\n\t\t\t\t \t\t\t\t \n\t\t\t\t<div  class=\"ms-slide\" data-delay=\"3\" data-fill-mode=\"fill\"  >\n\t\t\t\t\t<img decoding=\"async\" src=\"https:\/\/www.telstarlatam.com\/contenido\/wp-content\/plugins\/master-slider\/public\/assets\/css\/blank.gif\" alt=\"\" title=\"\" data-src=\"https:\/\/www.telstarlatam.com\/contenido\/wp-content\/uploads\/2021\/09\/1-3.jpg\" \/>\n\n\n\t<img decoding=\"async\" class=\"ms-thumb\" src=\"https:\/\/www.telstarlatam.com\/contenido\/wp-content\/uploads\/2021\/09\/1-3-140x80.jpg\" alt=\"\" \/>\n\t<div class=\"ms-thumb\" ><div class=\"ms-tab-context\"><div class=&quot;ms-tab-context&quot;><\/div><\/div>\n<\/div>\n\t<a href=\"https:\/\/www.youtube.com\/embed\/FA6Hsu5jhtc\" data-type=\"video\"><\/a>\n\t\t\t\t<\/div>\n\t\t\t\t<div  class=\"ms-slide\" data-delay=\"3\" data-fill-mode=\"fill\"  >\n\t\t\t\t\t<img decoding=\"async\" src=\"https:\/\/www.telstarlatam.com\/contenido\/wp-content\/plugins\/master-slider\/public\/assets\/css\/blank.gif\" alt=\"\" title=\"\" data-src=\"https:\/\/www.telstarlatam.com\/contenido\/wp-content\/uploads\/2021\/09\/2-2.jpg\" \/>\n\n\n\t<img decoding=\"async\" class=\"ms-thumb\" src=\"https:\/\/www.telstarlatam.com\/contenido\/wp-content\/uploads\/2021\/09\/2-2-140x80.jpg\" alt=\"\" \/>\n\t<div class=\"ms-thumb\" ><div class=\"ms-tab-context\"><div class=&quot;ms-tab-context&quot;><\/div><\/div>\n<\/div>\n\t<a href=\"https:\/\/www.youtube.com\/embed\/ifThuBWskZI\" data-type=\"video\"><\/a>\n\t\t\t\t<\/div>\n\n\t\t\t<\/div>\n\t\t\t<!-- END MasterSlider Main -->\n\n\t\t\t \n\t\t<\/div>\n\t\t<!-- END MasterSlider -->\n\n\t\t<script>\n\t\t(function ( $ ) {\n\t\t\t\"use strict\";\n\n\t\t\t$(function () {\n\t\t\t\tvar masterslider_44e1 = new MasterSlider();\n\n\t\t\t\t\/\/ slider controls\n\t\t\t\tmasterslider_44e1.control('arrows'     ,{ autohide:false, overVideo:true  });\t\t\t\tmasterslider_44e1.control('bullets'    ,{ autohide:false, overVideo:true, dir:'h', align:'bottom' , margin:10  });\n\n\t\t\t\tmasterslider_44e1.control('thumblist'  ,{ autohide:false, overVideo:true, dir:'h', speed:17, inset:false, arrows:false, hover:false, customClass:'', align:'bottom',type:'thumbs', margin:5, width:140, height:80, space:5, fillMode:'fill'  });\n\t\t\t\t\/\/ slider setup\n\t\t\t\tmasterslider_44e1.setup(\"MS69e04a9ce44e1\", {\n\t\t\t\t\t\twidth           : 800,\n\t\t\t\t\t\theight          : 480,\n\t\t\t\t\t\tminHeight       : 0,\n\t\t\t\t\t\tspace           : 0,\n\t\t\t\t\t\tstart           : 1,\n\t\t\t\t\t\tgrabCursor      : true,\n\t\t\t\t\t\tswipe           : true,\n\t\t\t\t\t\tmouse           : true,\n\t\t\t\t\t\tlayout          : \"boxed\",\n\t\t\t\t\t\twheel           : false,\n\t\t\t\t\t\tautoplay        : false,\n\t\t\t\t\t\tinstantStartLayers:false,\n\t\t\t\t\t\tloop            : false,\n\t\t\t\t\t\tshuffle         : false,\n\t\t\t\t\t\tpreload         : 0,\n\t\t\t\t\t\theightLimit     : true,\n\t\t\t\t\t\tautoHeight      : false,\n\t\t\t\t\t\tsmoothHeight    : true,\n\t\t\t\t\t\tendPause        : false,\n\t\t\t\t\t\toverPause       : true,\n\t\t\t\t\t\tfillMode        : \"fill\",\n\t\t\t\t\t\tcenterControls  : true,\n\t\t\t\t\t\tstartOnAppear   : false,\n\t\t\t\t\t\tlayersMode      : \"center\",\n\t\t\t\t\t\thideLayers      : false,\n\t\t\t\t\t\tfullscreenMargin: 0,\n\t\t\t\t\t\tspeed           : 20,\n\t\t\t\t\t\tdir             : \"h\",\n\t\t\t\t\t\tparallaxMode    : 'swipe',\n\t\t\t\t\t\tview            : \"basic\"\n\t\t\t\t});\n\n\t\t\t\t\n\t\t\t\twindow.masterslider_instances = window.masterslider_instances || [];\n\t\t\t\twindow.masterslider_instances.push( masterslider_44e1 );\n\t\t\t });\n\n\t\t})(jQuery);\n\t\t<\/script>\n\n[\/vc_column_text][\/vc_column][\/vc_row]<\/p>\n","protected":false},"excerpt":{"rendered":"<p>&nbsp;<\/p>\n<p><a href=\"https:\/\/telstarlatam.com\/contenido\/repuestos-y-accesorios\/\"><img loading=\"lazy\" decoding=\"async\" class=\"alignnone size-full wp-image-1913\" src=\"https:\/\/telstarlatam.com\/contenido\/wp-content\/uploads\/2021\/06\/repuestos-boton.png\" alt=\"\" width=\"265\" height=\"45\" \/><\/a><\/p>\n","protected":false},"featured_media":3140,"comment_status":"closed","ping_status":"closed","template":"","meta":[],"product_cat":[95,94,96],"product_tag":[],"class_list":["post-1626","product","type-product","status-publish","has-post-thumbnail","hentry","product_cat-acondicionamiento","product_cat-fitness","product_cat-kettlebell","description-off"],"yoast_head":"<!-- This site is optimized with the Yoast SEO plugin v19.3 - https:\/\/yoast.com\/wordpress\/plugins\/seo\/ -->\n<title>Kettlebell TKB050110RF 50LBS - Telstar Latinoam\u00e9rica | Electrodom\u00e9sticos<\/title>\n<meta name=\"robots\" content=\"index, follow, max-snippet:-1, max-image-preview:large, max-video-preview:-1\" \/>\n<link rel=\"canonical\" href=\"https:\/\/www.telstarlatam.com\/contenido\/producto\/kettlebell-tkb050110rf-50lbs\/\" \/>\n<meta property=\"og:locale\" content=\"es_MX\" \/>\n<meta property=\"og:type\" content=\"article\" \/>\n<meta property=\"og:title\" content=\"Kettlebell TKB050110RF 50LBS - Telstar Latinoam\u00e9rica | Electrodom\u00e9sticos\" \/>\n<meta property=\"og:description\" content=\"&nbsp;\" \/>\n<meta property=\"og:url\" content=\"https:\/\/www.telstarlatam.com\/contenido\/producto\/kettlebell-tkb050110rf-50lbs\/\" \/>\n<meta property=\"og:site_name\" content=\"Telstar Latinoam\u00e9rica | Electrodom\u00e9sticos\" \/>\n<meta property=\"article:publisher\" content=\"https:\/\/www.facebook.com\/people\/Telstar-Latam\/61552901544272\/\" \/>\n<meta property=\"article:modified_time\" content=\"2022-12-07T20:22:35+00:00\" \/>\n<meta property=\"og:image\" content=\"https:\/\/www.telstarlatam.com\/contenido\/wp-content\/uploads\/2021\/06\/TKB050110RF.png\" \/>\n\t<meta property=\"og:image:width\" content=\"900\" \/>\n\t<meta property=\"og:image:height\" content=\"900\" \/>\n\t<meta property=\"og:image:type\" content=\"image\/png\" \/>\n<meta name=\"twitter:card\" content=\"summary_large_image\" \/>\n<meta name=\"twitter:label1\" content=\"Tiempo de lectura\" \/>\n\t<meta name=\"twitter:data1\" content=\"1 minuto\" \/>\n<script type=\"application\/ld+json\" class=\"yoast-schema-graph\">{\"@context\":\"https:\/\/schema.org\",\"@graph\":[{\"@type\":\"Organization\",\"@id\":\"https:\/\/www.telstarlatam.com\/contenido\/#organization\",\"name\":\"Telstar\",\"url\":\"https:\/\/www.telstarlatam.com\/contenido\/\",\"sameAs\":[\"https:\/\/www.instagram.com\/telstar_la\/\",\"https:\/\/www.youtube.com\/channel\/UCrvcIUZvyNDXwe1tXCdZKwQ\",\"https:\/\/www.facebook.com\/people\/Telstar-Latam\/61552901544272\/\"],\"logo\":{\"@type\":\"ImageObject\",\"inLanguage\":\"es\",\"@id\":\"https:\/\/www.telstarlatam.com\/contenido\/#\/schema\/logo\/image\/\",\"url\":\"https:\/\/www.telstarlatam.com\/contenido\/wp-content\/uploads\/2021\/07\/logo-telstar.png\",\"contentUrl\":\"https:\/\/www.telstarlatam.com\/contenido\/wp-content\/uploads\/2021\/07\/logo-telstar.png\",\"width\":149,\"height\":55,\"caption\":\"Telstar\"},\"image\":{\"@id\":\"https:\/\/www.telstarlatam.com\/contenido\/#\/schema\/logo\/image\/\"}},{\"@type\":\"WebSite\",\"@id\":\"https:\/\/www.telstarlatam.com\/contenido\/#website\",\"url\":\"https:\/\/www.telstarlatam.com\/contenido\/\",\"name\":\"Telstar Latinoam\u00e9rica | Electrodom\u00e9sticos\",\"description\":\"Electrodom\u00e9sticos Telstar La calidad no cuesta m\u00e1s\",\"publisher\":{\"@id\":\"https:\/\/www.telstarlatam.com\/contenido\/#organization\"},\"potentialAction\":[{\"@type\":\"SearchAction\",\"target\":{\"@type\":\"EntryPoint\",\"urlTemplate\":\"https:\/\/www.telstarlatam.com\/contenido\/?s={search_term_string}\"},\"query-input\":\"required name=search_term_string\"}],\"inLanguage\":\"es\"},{\"@type\":\"ImageObject\",\"inLanguage\":\"es\",\"@id\":\"https:\/\/www.telstarlatam.com\/contenido\/producto\/kettlebell-tkb050110rf-50lbs\/#primaryimage\",\"url\":\"https:\/\/www.telstarlatam.com\/contenido\/wp-content\/uploads\/2021\/06\/TKB050110RF.png\",\"contentUrl\":\"https:\/\/www.telstarlatam.com\/contenido\/wp-content\/uploads\/2021\/06\/TKB050110RF.png\",\"width\":900,\"height\":900},{\"@type\":\"WebPage\",\"@id\":\"https:\/\/www.telstarlatam.com\/contenido\/producto\/kettlebell-tkb050110rf-50lbs\/\",\"url\":\"https:\/\/www.telstarlatam.com\/contenido\/producto\/kettlebell-tkb050110rf-50lbs\/\",\"name\":\"Kettlebell TKB050110RF 50LBS - Telstar Latinoam\u00e9rica | Electrodom\u00e9sticos\",\"isPartOf\":{\"@id\":\"https:\/\/www.telstarlatam.com\/contenido\/#website\"},\"primaryImageOfPage\":{\"@id\":\"https:\/\/www.telstarlatam.com\/contenido\/producto\/kettlebell-tkb050110rf-50lbs\/#primaryimage\"},\"datePublished\":\"2021-06-06T03:46:45+00:00\",\"dateModified\":\"2022-12-07T20:22:35+00:00\",\"breadcrumb\":{\"@id\":\"https:\/\/www.telstarlatam.com\/contenido\/producto\/kettlebell-tkb050110rf-50lbs\/#breadcrumb\"},\"inLanguage\":\"es\",\"potentialAction\":[{\"@type\":\"ReadAction\",\"target\":[\"https:\/\/www.telstarlatam.com\/contenido\/producto\/kettlebell-tkb050110rf-50lbs\/\"]}]},{\"@type\":\"BreadcrumbList\",\"@id\":\"https:\/\/www.telstarlatam.com\/contenido\/producto\/kettlebell-tkb050110rf-50lbs\/#breadcrumb\",\"itemListElement\":[{\"@type\":\"ListItem\",\"position\":1,\"name\":\"Inicio\",\"item\":\"https:\/\/www.telstarlatam.com\/contenido\/\"},{\"@type\":\"ListItem\",\"position\":2,\"name\":\"Encontr\u00e1 los mejores productos aqu\u00ed\",\"item\":\"https:\/\/www.telstarlatam.com\/contenido\/shop\/\"},{\"@type\":\"ListItem\",\"position\":3,\"name\":\"Kettlebell TKB050110RF 50LBS\"}]}]}<\/script>\n<!-- \/ Yoast SEO plugin. -->","yoast_head_json":{"title":"Kettlebell TKB050110RF 50LBS - Telstar Latinoam\u00e9rica | Electrodom\u00e9sticos","robots":{"index":"index","follow":"follow","max-snippet":"max-snippet:-1","max-image-preview":"max-image-preview:large","max-video-preview":"max-video-preview:-1"},"canonical":"https:\/\/www.telstarlatam.com\/contenido\/producto\/kettlebell-tkb050110rf-50lbs\/","og_locale":"es_MX","og_type":"article","og_title":"Kettlebell TKB050110RF 50LBS - Telstar Latinoam\u00e9rica | Electrodom\u00e9sticos","og_description":"&nbsp;","og_url":"https:\/\/www.telstarlatam.com\/contenido\/producto\/kettlebell-tkb050110rf-50lbs\/","og_site_name":"Telstar Latinoam\u00e9rica | Electrodom\u00e9sticos","article_publisher":"https:\/\/www.facebook.com\/people\/Telstar-Latam\/61552901544272\/","article_modified_time":"2022-12-07T20:22:35+00:00","og_image":[{"width":900,"height":900,"url":"https:\/\/www.telstarlatam.com\/contenido\/wp-content\/uploads\/2021\/06\/TKB050110RF.png","type":"image\/png"}],"twitter_card":"summary_large_image","twitter_misc":{"Tiempo de lectura":"1 minuto"},"schema":{"@context":"https:\/\/schema.org","@graph":[{"@type":"Organization","@id":"https:\/\/www.telstarlatam.com\/contenido\/#organization","name":"Telstar","url":"https:\/\/www.telstarlatam.com\/contenido\/","sameAs":["https:\/\/www.instagram.com\/telstar_la\/","https:\/\/www.youtube.com\/channel\/UCrvcIUZvyNDXwe1tXCdZKwQ","https:\/\/www.facebook.com\/people\/Telstar-Latam\/61552901544272\/"],"logo":{"@type":"ImageObject","inLanguage":"es","@id":"https:\/\/www.telstarlatam.com\/contenido\/#\/schema\/logo\/image\/","url":"https:\/\/www.telstarlatam.com\/contenido\/wp-content\/uploads\/2021\/07\/logo-telstar.png","contentUrl":"https:\/\/www.telstarlatam.com\/contenido\/wp-content\/uploads\/2021\/07\/logo-telstar.png","width":149,"height":55,"caption":"Telstar"},"image":{"@id":"https:\/\/www.telstarlatam.com\/contenido\/#\/schema\/logo\/image\/"}},{"@type":"WebSite","@id":"https:\/\/www.telstarlatam.com\/contenido\/#website","url":"https:\/\/www.telstarlatam.com\/contenido\/","name":"Telstar Latinoam\u00e9rica | Electrodom\u00e9sticos","description":"Electrodom\u00e9sticos Telstar La calidad no cuesta m\u00e1s","publisher":{"@id":"https:\/\/www.telstarlatam.com\/contenido\/#organization"},"potentialAction":[{"@type":"SearchAction","target":{"@type":"EntryPoint","urlTemplate":"https:\/\/www.telstarlatam.com\/contenido\/?s={search_term_string}"},"query-input":"required name=search_term_string"}],"inLanguage":"es"},{"@type":"ImageObject","inLanguage":"es","@id":"https:\/\/www.telstarlatam.com\/contenido\/producto\/kettlebell-tkb050110rf-50lbs\/#primaryimage","url":"https:\/\/www.telstarlatam.com\/contenido\/wp-content\/uploads\/2021\/06\/TKB050110RF.png","contentUrl":"https:\/\/www.telstarlatam.com\/contenido\/wp-content\/uploads\/2021\/06\/TKB050110RF.png","width":900,"height":900},{"@type":"WebPage","@id":"https:\/\/www.telstarlatam.com\/contenido\/producto\/kettlebell-tkb050110rf-50lbs\/","url":"https:\/\/www.telstarlatam.com\/contenido\/producto\/kettlebell-tkb050110rf-50lbs\/","name":"Kettlebell TKB050110RF 50LBS - Telstar Latinoam\u00e9rica | Electrodom\u00e9sticos","isPartOf":{"@id":"https:\/\/www.telstarlatam.com\/contenido\/#website"},"primaryImageOfPage":{"@id":"https:\/\/www.telstarlatam.com\/contenido\/producto\/kettlebell-tkb050110rf-50lbs\/#primaryimage"},"datePublished":"2021-06-06T03:46:45+00:00","dateModified":"2022-12-07T20:22:35+00:00","breadcrumb":{"@id":"https:\/\/www.telstarlatam.com\/contenido\/producto\/kettlebell-tkb050110rf-50lbs\/#breadcrumb"},"inLanguage":"es","potentialAction":[{"@type":"ReadAction","target":["https:\/\/www.telstarlatam.com\/contenido\/producto\/kettlebell-tkb050110rf-50lbs\/"]}]},{"@type":"BreadcrumbList","@id":"https:\/\/www.telstarlatam.com\/contenido\/producto\/kettlebell-tkb050110rf-50lbs\/#breadcrumb","itemListElement":[{"@type":"ListItem","position":1,"name":"Inicio","item":"https:\/\/www.telstarlatam.com\/contenido\/"},{"@type":"ListItem","position":2,"name":"Encontr\u00e1 los mejores productos aqu\u00ed","item":"https:\/\/www.telstarlatam.com\/contenido\/shop\/"},{"@type":"ListItem","position":3,"name":"Kettlebell TKB050110RF 50LBS"}]}]}},"_links":{"self":[{"href":"https:\/\/www.telstarlatam.com\/contenido\/wp-json\/wp\/v2\/product\/1626","targetHints":{"allow":["GET"]}}],"collection":[{"href":"https:\/\/www.telstarlatam.com\/contenido\/wp-json\/wp\/v2\/product"}],"about":[{"href":"https:\/\/www.telstarlatam.com\/contenido\/wp-json\/wp\/v2\/types\/product"}],"replies":[{"embeddable":true,"href":"https:\/\/www.telstarlatam.com\/contenido\/wp-json\/wp\/v2\/comments?post=1626"}],"wp:featuredmedia":[{"embeddable":true,"href":"https:\/\/www.telstarlatam.com\/contenido\/wp-json\/wp\/v2\/media\/3140"}],"wp:attachment":[{"href":"https:\/\/www.telstarlatam.com\/contenido\/wp-json\/wp\/v2\/media?parent=1626"}],"wp:term":[{"taxonomy":"product_cat","embeddable":true,"href":"https:\/\/www.telstarlatam.com\/contenido\/wp-json\/wp\/v2\/product_cat?post=1626"},{"taxonomy":"product_tag","embeddable":true,"href":"https:\/\/www.telstarlatam.com\/contenido\/wp-json\/wp\/v2\/product_tag?post=1626"}],"curies":[{"name":"wp","href":"https:\/\/api.w.org\/{rel}","templated":true}]}}