{"id":2394,"date":"2021-10-05T20:14:13","date_gmt":"2021-10-05T20:14:13","guid":{"rendered":"https:\/\/calidadtelstar.com\/contenido\/?page_id=2394"},"modified":"2024-01-23T00:16:03","modified_gmt":"2024-01-23T00:16:03","slug":"suscripcion-boletin","status":"publish","type":"page","link":"https:\/\/www.telstarlatam.com\/contenido\/suscripcion-boletin\/","title":{"rendered":"Suscripci\u00f3n bolet\u00edn"},"content":{"rendered":"<p>[vc_row full_width=&#8221;stretch_row&#8221; css=&#8221;.vc_custom_1634233383227{background-color: #20a6dc !important;}&#8221;][vc_column][vc_empty_space][vc_column_text]<\/p>\n<h3 style=\"text-align: center;\"><span style=\"color: #ffffff;\">Suscribete a nuestro bolet\u00edn para que est\u00e9s al tanto de nuestras novedades,<\/span><\/h3>\n<h3 style=\"text-align: center;\"><span style=\"color: #ffffff;\">recetas e informaci\u00f3n importante.<\/span><\/h3>\n<p>[\/vc_column_text][vc_column_text]<\/p>\n<div id=\"mc_embed_signup\">\n<form id=\"mc-embedded-subscribe-form\" class=\"validate\" action=\"https:\/\/telstarlatam.us18.list-manage.com\/subscribe\/post?u=d30aed628e2558df9dc8bf3b5&amp;id=7dfb135c57\" method=\"post\" name=\"mc-embedded-subscribe-form\" novalidate=\"\" target=\"_blank\">\n<div id=\"mc_embed_signup_scroll\">\n<div class=\"mc-field-group\"><label class=\"labels\" for=\"mce-FNAME\">Nombre completo <span class=\"asterisk\">*<\/span><\/label><br \/>\n<input id=\"mce-FNAME\" class=\"required\" name=\"FNAME\" type=\"text\" value=\"\" \/><\/div>\n<p>&nbsp;<\/p>\n<div class=\"mc-field-group\"><label for=\"mce-LNAME\">Apellidos <span class=\"asterisk\">*<\/span><\/label><br \/>\n<input id=\"mce-LNAME\" class=\"required\" name=\"LNAME\" type=\"text\" value=\"\" \/><\/div>\n<p>&nbsp;<\/p>\n<div class=\"mc-field-group\"><label for=\"mce-CEDULA\">Identificador\/C\u00e9dula <span class=\"asterisk\">*<\/span><\/label><br \/>\n<input id=\"mce-CEDULA\" class=\"required\" name=\"CEDULA\" type=\"text\" value=\"\" \/><\/div>\n<p>&nbsp;<\/p>\n<div class=\"mc-field-group\"><label for=\"mce-pais\">Pa\u00eds <span class=\"asterisk\">*<\/span><\/label><br \/>\n<input id=\"mce-MMERGE9\" class=\"required\" name=\"MMERGE9\" type=\"text\" value=\"\" \/><\/div>\n<p>&nbsp;<\/p>\n<div class=\"mc-field-group\"><label for=\"mce-TELEFONO\">Tel\u00e9fono <span class=\"asterisk\">*<\/span><\/label><br \/>\n<input id=\"mce-TELEFONO\" class=\"required\" name=\"TELEFONO\" type=\"text\" value=\"\" \/><\/div>\n<p>&nbsp;<\/p>\n<div class=\"mc-field-group\"><label for=\"mce-EMAIL\">Correo electr\u00f3nico <span class=\"asterisk\">*<\/span><\/label><br \/>\n<input id=\"mce-EMAIL\" class=\"required email\" name=\"EMAIL\" type=\"email\" value=\"\" \/><\/div>\n<div id=\"mce-responses\" class=\"clear\">\n<div id=\"mce-error-response\" class=\"response\" style=\"display: none;\"><\/div>\n<div id=\"mce-success-response\" class=\"response\" style=\"display: none;\"><\/div>\n<\/div>\n<p><!-- real people should not fill this in and expect good things - do not remove this or risk form bot signups--><\/p>\n<div class=\"boton\" style=\"position: absolute; left: -5000px;\" aria-hidden=\"true\"><input tabindex=\"-1\" name=\"b_d30aed628e2558df9dc8bf3b5_7dfb135c57\" type=\"text\" value=\"\" \/><\/div>\n<div id=\"boton\" class=\"clear\"><input id=\"mc-embedded-subscribe\" class=\"button\" name=\"suscribirme\" type=\"submit\" value=\"Quiero suscribirme\" \/><\/div>\n<\/div>\n<p><!--End mc_embed_signup--><\/p>\n<\/form>\n<\/div>\n<p>[\/vc_column_text][vc_empty_space][\/vc_column][\/vc_row]<\/p>\n","protected":false},"excerpt":{"rendered":"<p>[vc_row full_width=&#8221;stretch_row&#8221; css=&#8221;.vc_custom_1634233383227{background-color: #20a6dc !important;}&#8221;][vc_column][vc_empty_space][vc_column_text] Suscribete a nuestro bolet\u00edn para que est\u00e9s al tanto de nuestras novedades, recetas e informaci\u00f3n importante. [\/vc_column_text][vc_column_text] Nombre completo * &nbsp; Apellidos * &nbsp; Identificador\/C\u00e9dula * &nbsp; Pa\u00eds * &nbsp; Tel\u00e9fono * &nbsp; Correo electr\u00f3nico * [\/vc_column_text][vc_empty_space][\/vc_column][\/vc_row]<\/p>\n","protected":false},"author":1,"featured_media":0,"parent":0,"menu_order":0,"comment_status":"closed","ping_status":"closed","template":"","meta":[],"class_list":["post-2394","page","type-page","status-publish","hentry","description-off"],"yoast_head":"<!-- This site is optimized with the Yoast SEO plugin v19.3 - https:\/\/yoast.com\/wordpress\/plugins\/seo\/ -->\n<title>Suscripci\u00f3n bolet\u00edn - Telstar Latinoam\u00e9rica | Electrodom\u00e9sticos<\/title>\n<meta name=\"robots\" content=\"index, follow, max-snippet:-1, max-image-preview:large, max-video-preview:-1\" \/>\n<link rel=\"canonical\" href=\"https:\/\/www.telstarlatam.com\/contenido\/suscripcion-boletin\/\" \/>\n<meta property=\"og:locale\" content=\"es_MX\" \/>\n<meta property=\"og:type\" content=\"article\" \/>\n<meta property=\"og:title\" content=\"Suscripci\u00f3n bolet\u00edn - Telstar Latinoam\u00e9rica | Electrodom\u00e9sticos\" \/>\n<meta property=\"og:description\" content=\"[vc_row full_width=&#8221;stretch_row&#8221; css=&#8221;.vc_custom_1634233383227{background-color: #20a6dc !important;}&#8221;][vc_column][vc_empty_space][vc_column_text] Suscribete a nuestro bolet\u00edn para que est\u00e9s al tanto de nuestras novedades, recetas e informaci\u00f3n importante. [\/vc_column_text][vc_column_text] Nombre completo * &nbsp; Apellidos * &nbsp; Identificador\/C\u00e9dula * &nbsp; Pa\u00eds * &nbsp; Tel\u00e9fono * &nbsp; Correo electr\u00f3nico * [\/vc_column_text][vc_empty_space][\/vc_column][\/vc_row]\" \/>\n<meta property=\"og:url\" content=\"https:\/\/www.telstarlatam.com\/contenido\/suscripcion-boletin\/\" \/>\n<meta property=\"og:site_name\" content=\"Telstar Latinoam\u00e9rica | Electrodom\u00e9sticos\" \/>\n<meta property=\"article:publisher\" content=\"https:\/\/www.facebook.com\/people\/Telstar-Latam\/61552901544272\/\" \/>\n<meta property=\"article:modified_time\" content=\"2024-01-23T00:16:03+00:00\" \/>\n<meta property=\"og:image\" content=\"https:\/\/www.telstarlatam.com\/contenido\/wp-content\/uploads\/2022\/07\/logo-telstar-1.png\" \/>\n\t<meta property=\"og:image:width\" content=\"200\" \/>\n\t<meta property=\"og:image:height\" content=\"200\" \/>\n\t<meta property=\"og:image:type\" content=\"image\/png\" \/>\n<meta name=\"twitter:card\" content=\"summary_large_image\" \/>\n<script type=\"application\/ld+json\" class=\"yoast-schema-graph\">{\"@context\":\"https:\/\/schema.org\",\"@graph\":[{\"@type\":\"Organization\",\"@id\":\"https:\/\/www.telstarlatam.com\/contenido\/#organization\",\"name\":\"Telstar\",\"url\":\"https:\/\/www.telstarlatam.com\/contenido\/\",\"sameAs\":[\"https:\/\/www.instagram.com\/telstar_la\/\",\"https:\/\/www.youtube.com\/channel\/UCrvcIUZvyNDXwe1tXCdZKwQ\",\"https:\/\/www.facebook.com\/people\/Telstar-Latam\/61552901544272\/\"],\"logo\":{\"@type\":\"ImageObject\",\"inLanguage\":\"es\",\"@id\":\"https:\/\/www.telstarlatam.com\/contenido\/#\/schema\/logo\/image\/\",\"url\":\"https:\/\/www.telstarlatam.com\/contenido\/wp-content\/uploads\/2021\/07\/logo-telstar.png\",\"contentUrl\":\"https:\/\/www.telstarlatam.com\/contenido\/wp-content\/uploads\/2021\/07\/logo-telstar.png\",\"width\":149,\"height\":55,\"caption\":\"Telstar\"},\"image\":{\"@id\":\"https:\/\/www.telstarlatam.com\/contenido\/#\/schema\/logo\/image\/\"}},{\"@type\":\"WebSite\",\"@id\":\"https:\/\/www.telstarlatam.com\/contenido\/#website\",\"url\":\"https:\/\/www.telstarlatam.com\/contenido\/\",\"name\":\"Telstar Latinoam\u00e9rica | Electrodom\u00e9sticos\",\"description\":\"Electrodom\u00e9sticos Telstar La calidad no cuesta m\u00e1s\",\"publisher\":{\"@id\":\"https:\/\/www.telstarlatam.com\/contenido\/#organization\"},\"potentialAction\":[{\"@type\":\"SearchAction\",\"target\":{\"@type\":\"EntryPoint\",\"urlTemplate\":\"https:\/\/www.telstarlatam.com\/contenido\/?s={search_term_string}\"},\"query-input\":\"required name=search_term_string\"}],\"inLanguage\":\"es\"},{\"@type\":\"WebPage\",\"@id\":\"https:\/\/www.telstarlatam.com\/contenido\/suscripcion-boletin\/\",\"url\":\"https:\/\/www.telstarlatam.com\/contenido\/suscripcion-boletin\/\",\"name\":\"Suscripci\u00f3n bolet\u00edn - Telstar Latinoam\u00e9rica | Electrodom\u00e9sticos\",\"isPartOf\":{\"@id\":\"https:\/\/www.telstarlatam.com\/contenido\/#website\"},\"datePublished\":\"2021-10-05T20:14:13+00:00\",\"dateModified\":\"2024-01-23T00:16:03+00:00\",\"breadcrumb\":{\"@id\":\"https:\/\/www.telstarlatam.com\/contenido\/suscripcion-boletin\/#breadcrumb\"},\"inLanguage\":\"es\",\"potentialAction\":[{\"@type\":\"ReadAction\",\"target\":[\"https:\/\/www.telstarlatam.com\/contenido\/suscripcion-boletin\/\"]}]},{\"@type\":\"BreadcrumbList\",\"@id\":\"https:\/\/www.telstarlatam.com\/contenido\/suscripcion-boletin\/#breadcrumb\",\"itemListElement\":[{\"@type\":\"ListItem\",\"position\":1,\"name\":\"Inicio\",\"item\":\"https:\/\/www.telstarlatam.com\/contenido\/\"},{\"@type\":\"ListItem\",\"position\":2,\"name\":\"Suscripci\u00f3n bolet\u00edn\"}]}]}<\/script>\n<!-- \/ Yoast SEO plugin. -->","yoast_head_json":{"title":"Suscripci\u00f3n bolet\u00edn - Telstar Latinoam\u00e9rica | Electrodom\u00e9sticos","robots":{"index":"index","follow":"follow","max-snippet":"max-snippet:-1","max-image-preview":"max-image-preview:large","max-video-preview":"max-video-preview:-1"},"canonical":"https:\/\/www.telstarlatam.com\/contenido\/suscripcion-boletin\/","og_locale":"es_MX","og_type":"article","og_title":"Suscripci\u00f3n bolet\u00edn - Telstar Latinoam\u00e9rica | Electrodom\u00e9sticos","og_description":"[vc_row full_width=&#8221;stretch_row&#8221; css=&#8221;.vc_custom_1634233383227{background-color: #20a6dc !important;}&#8221;][vc_column][vc_empty_space][vc_column_text] Suscribete a nuestro bolet\u00edn para que est\u00e9s al tanto de nuestras novedades, recetas e informaci\u00f3n importante. [\/vc_column_text][vc_column_text] Nombre completo * &nbsp; Apellidos * &nbsp; Identificador\/C\u00e9dula * &nbsp; Pa\u00eds * &nbsp; Tel\u00e9fono * &nbsp; Correo electr\u00f3nico * [\/vc_column_text][vc_empty_space][\/vc_column][\/vc_row]","og_url":"https:\/\/www.telstarlatam.com\/contenido\/suscripcion-boletin\/","og_site_name":"Telstar Latinoam\u00e9rica | Electrodom\u00e9sticos","article_publisher":"https:\/\/www.facebook.com\/people\/Telstar-Latam\/61552901544272\/","article_modified_time":"2024-01-23T00:16:03+00:00","og_image":[{"width":200,"height":200,"url":"https:\/\/www.telstarlatam.com\/contenido\/wp-content\/uploads\/2022\/07\/logo-telstar-1.png","type":"image\/png"}],"twitter_card":"summary_large_image","schema":{"@context":"https:\/\/schema.org","@graph":[{"@type":"Organization","@id":"https:\/\/www.telstarlatam.com\/contenido\/#organization","name":"Telstar","url":"https:\/\/www.telstarlatam.com\/contenido\/","sameAs":["https:\/\/www.instagram.com\/telstar_la\/","https:\/\/www.youtube.com\/channel\/UCrvcIUZvyNDXwe1tXCdZKwQ","https:\/\/www.facebook.com\/people\/Telstar-Latam\/61552901544272\/"],"logo":{"@type":"ImageObject","inLanguage":"es","@id":"https:\/\/www.telstarlatam.com\/contenido\/#\/schema\/logo\/image\/","url":"https:\/\/www.telstarlatam.com\/contenido\/wp-content\/uploads\/2021\/07\/logo-telstar.png","contentUrl":"https:\/\/www.telstarlatam.com\/contenido\/wp-content\/uploads\/2021\/07\/logo-telstar.png","width":149,"height":55,"caption":"Telstar"},"image":{"@id":"https:\/\/www.telstarlatam.com\/contenido\/#\/schema\/logo\/image\/"}},{"@type":"WebSite","@id":"https:\/\/www.telstarlatam.com\/contenido\/#website","url":"https:\/\/www.telstarlatam.com\/contenido\/","name":"Telstar Latinoam\u00e9rica | Electrodom\u00e9sticos","description":"Electrodom\u00e9sticos Telstar La calidad no cuesta m\u00e1s","publisher":{"@id":"https:\/\/www.telstarlatam.com\/contenido\/#organization"},"potentialAction":[{"@type":"SearchAction","target":{"@type":"EntryPoint","urlTemplate":"https:\/\/www.telstarlatam.com\/contenido\/?s={search_term_string}"},"query-input":"required name=search_term_string"}],"inLanguage":"es"},{"@type":"WebPage","@id":"https:\/\/www.telstarlatam.com\/contenido\/suscripcion-boletin\/","url":"https:\/\/www.telstarlatam.com\/contenido\/suscripcion-boletin\/","name":"Suscripci\u00f3n bolet\u00edn - Telstar Latinoam\u00e9rica | Electrodom\u00e9sticos","isPartOf":{"@id":"https:\/\/www.telstarlatam.com\/contenido\/#website"},"datePublished":"2021-10-05T20:14:13+00:00","dateModified":"2024-01-23T00:16:03+00:00","breadcrumb":{"@id":"https:\/\/www.telstarlatam.com\/contenido\/suscripcion-boletin\/#breadcrumb"},"inLanguage":"es","potentialAction":[{"@type":"ReadAction","target":["https:\/\/www.telstarlatam.com\/contenido\/suscripcion-boletin\/"]}]},{"@type":"BreadcrumbList","@id":"https:\/\/www.telstarlatam.com\/contenido\/suscripcion-boletin\/#breadcrumb","itemListElement":[{"@type":"ListItem","position":1,"name":"Inicio","item":"https:\/\/www.telstarlatam.com\/contenido\/"},{"@type":"ListItem","position":2,"name":"Suscripci\u00f3n bolet\u00edn"}]}]}},"_links":{"self":[{"href":"https:\/\/www.telstarlatam.com\/contenido\/wp-json\/wp\/v2\/pages\/2394","targetHints":{"allow":["GET"]}}],"collection":[{"href":"https:\/\/www.telstarlatam.com\/contenido\/wp-json\/wp\/v2\/pages"}],"about":[{"href":"https:\/\/www.telstarlatam.com\/contenido\/wp-json\/wp\/v2\/types\/page"}],"author":[{"embeddable":true,"href":"https:\/\/www.telstarlatam.com\/contenido\/wp-json\/wp\/v2\/users\/1"}],"replies":[{"embeddable":true,"href":"https:\/\/www.telstarlatam.com\/contenido\/wp-json\/wp\/v2\/comments?post=2394"}],"version-history":[{"count":13,"href":"https:\/\/www.telstarlatam.com\/contenido\/wp-json\/wp\/v2\/pages\/2394\/revisions"}],"predecessor-version":[{"id":41827,"href":"https:\/\/www.telstarlatam.com\/contenido\/wp-json\/wp\/v2\/pages\/2394\/revisions\/41827"}],"wp:attachment":[{"href":"https:\/\/www.telstarlatam.com\/contenido\/wp-json\/wp\/v2\/media?parent=2394"}],"curies":[{"name":"wp","href":"https:\/\/api.w.org\/{rel}","templated":true}]}}